{"id":8644,"date":"2025-07-17T13:26:24","date_gmt":"2025-07-17T10:26:24","guid":{"rendered":"https:\/\/beescience.eu\/termini-e-condizioni\/"},"modified":"2025-10-06T11:34:23","modified_gmt":"2025-10-06T08:34:23","slug":"termini-e-condizioni","status":"publish","type":"page","link":"https:\/\/beescience.eu\/it\/termini-e-condizioni\/","title":{"rendered":"Termini e condizioni"},"content":{"rendered":"\t\t<div data-elementor-type=\"wp-page\" data-elementor-id=\"8644\" class=\"elementor elementor-8644 elementor-4690\" data-elementor-post-type=\"page\">\n\t\t\t\t<div class=\"wd-negative-gap elementor-element elementor-element-20a27e2 wd-section-stretch e-flex e-con-boxed e-con e-parent\" data-id=\"20a27e2\" data-element_type=\"container\" data-e-type=\"container\" data-settings=\"{&quot;background_background&quot;:&quot;classic&quot;}\">\n\t\t\t\t\t<div class=\"e-con-inner\">\n\t\t<div class=\"elementor-element elementor-element-cc15514 e-con-full e-flex e-con e-child\" data-id=\"cc15514\" data-element_type=\"container\" data-e-type=\"container\" data-settings=\"{&quot;background_background&quot;:&quot;classic&quot;}\">\n\t\t\t\t<div class=\"elementor-element elementor-element-5410d77 elementor-widget elementor-widget-heading\" data-id=\"5410d77\" data-element_type=\"widget\" data-e-type=\"widget\" data-widget_type=\"heading.default\">\n\t\t\t\t<div class=\"elementor-widget-container\">\n\t\t\t\t\t<h1 class=\"elementor-heading-title elementor-size-default\">Termini e condizioni<\/h1>\t\t\t\t<\/div>\n\t\t\t\t<\/div>\n\t\t\t\t<\/div>\n\t\t\t\t\t<\/div>\n\t\t\t\t<\/div>\n\t\t<div class=\"elementor-element elementor-element-4703185 e-con-full e-flex e-con e-parent\" data-id=\"4703185\" data-element_type=\"container\" data-e-type=\"container\">\n\t\t\t\t<div class=\"elementor-element elementor-element-f1145d1 color-scheme-inherit text-left elementor-widget elementor-widget-text-editor\" data-id=\"f1145d1\" data-element_type=\"widget\" data-e-type=\"widget\" data-widget_type=\"text-editor.default\">\n\t\t\t\t<div class=\"elementor-widget-container\">\n\t\t\t\t\t\t\t\t\t<p>Su <strong>\n  <a href=\"https:\/\/beescience.eu\/it\/\">www.beescience.eu<\/a>\n<\/strong> si trovano le informazioni (testi, foto, banche dati, ecc.) che costituiscono il contenuto del sito web <strong>\n  <a href=\"https:\/\/beescience.eu\/it\/\">www.beescience.eu<\/a>\n<\/strong>di propriet\u00e0 di <strong>CIRAST SRL<\/strong>, con sede legale in <strong>Romania, Contea di Vrancea, Villaggio Gole\u0219tii de Sus<\/strong>, <strong>CUI 14279860,<\/strong> con numero di registrazione <strong>J2001000382392<\/strong>. Qualsiasi utilizzo del contenuto (in tutto o in parte) per scopi diversi dall&#8217;interesse personale \u00e8 punibile ai sensi della legislazione sui diritti di propriet\u00e0 intellettuale.<br>Le informazioni fornite su questo sito web sono in lingua rumena (<strong>\n  <a href=\"https:\/\/beescience.eu\/it\/\">www.beescience.eu<\/a>\n<\/strong>), senza escludere la presentazione in altre lingue. <br>L<strong>&#8216;utilizzo del sito web <a href=\"https:\/\/beescience.eu\/it\/\">www.beescience.eu<\/a> implica l&#8217;accettazione dei termini e delle condizioni che verranno dettagliati nei paragrafi successivi.<\/strong><br>Per utilizzare al meglio il sito web, si raccomanda di leggere attentamente i termini e le condizioni.<br><strong>CIRAST SRL<\/strong> si riserva il diritto di apportare modifiche alle presenti disposizioni senza ulteriore preavviso. Quando si accede a questa sezione del sito (termini e condizioni), si sta consultando la versione pi\u00f9 recente del presente contratto. <\/p>\t\t\t\t\t\t\t\t<\/div>\n\t\t\t\t<\/div>\n\t\t\t\t<div class=\"elementor-element elementor-element-1d00c95 elementor-widget elementor-widget-heading\" data-id=\"1d00c95\" data-element_type=\"widget\" data-e-type=\"widget\" data-widget_type=\"heading.default\">\n\t\t\t\t<div class=\"elementor-widget-container\">\n\t\t\t\t\t<h2 class=\"elementor-heading-title elementor-size-default\">1. Limitazione di responsabilit\u00e0<\/h2>\t\t\t\t<\/div>\n\t\t\t\t<\/div>\n\t\t\t\t<div class=\"elementor-element elementor-element-e439f21 color-scheme-inherit text-left elementor-widget elementor-widget-text-editor\" data-id=\"e439f21\" data-element_type=\"widget\" data-e-type=\"widget\" data-widget_type=\"text-editor.default\">\n\t\t\t\t<div class=\"elementor-widget-container\">\n\t\t\t\t\t\t\t\t\t<p>Accedendo al sito web si accetta di utilizzarlo a proprio rischio e pericolo. <strong>\n  <a href=\"https:\/\/beescience.eu\/it\/\">www.beescience.eu<\/a>\n<\/strong> non sar\u00e0 responsabile di alcun incidente diretto o indiretto o di qualsiasi altra perdita, costo o spesa di qualsiasi natura che possa derivare dall&#8217;accesso o dalla navigazione nel sito o dal download di dati (testo, immagini, video o audio).<br>Contenuto del sito <strong>\n  <a href=\"https:\/\/beescience.eu\/it\/\">www.beescience.eu<\/a>\n<\/strong> \u00e8 stato compilato con la massima cura per garantire il corretto inserimento dei dati e l&#8217;accuratezza delle informazioni. Tuttavia, gli errori non sono impossibili. Pertanto, <strong>CIRAST SRL<\/strong>  <strong> <\/strong>non si assume alcuna responsabilit\u00e0 per errori tipografici o di visualizzazione di immagini, caratteristiche, ecc.<br><strong>CIRAST SRL<\/strong> non \u00e8 responsabile per eventuali danni causati da virus, bug, azioni umane o qualsiasi malfunzionamento del sistema informatico, o qualsiasi altro errore, malfunzionamento o ritardo di comunicazione nelle trasmissioni su dispositivi.<br>Tutte le informazioni e i materiali contenuti in questo sito sono forniti gratuitamente senza alcuna garanzia di alcun tipo. In nessun caso <strong>CIRAST SRL<\/strong> sar\u00e0 responsabile per qualsiasi danno diretto, indiretto, incidentale o speciale derivante dall&#8217;uso o dall&#8217;impossibilit\u00e0 di usare questo sito e non sar\u00e0 responsabile per qualsiasi danno derivante da errori, omissioni, interruzioni, errori, malfunzionamenti, ritardi nel funzionamento o nella trasmissione o qualsiasi mancanza di prestazioni del sito.<br>Accedendo al Sito, il Visitatore accetta, espressamente e inequivocabilmente, i <strong>Termini e le Condizioni del<\/strong> Sito e le condizioni in cui si svolge il processo di contatto e\/o richiesta di informazioni, come indicato nel Sito. <\/p>\t\t\t\t\t\t\t\t<\/div>\n\t\t\t\t<\/div>\n\t\t\t\t<div class=\"elementor-element elementor-element-ed63862 elementor-widget elementor-widget-heading\" data-id=\"ed63862\" data-element_type=\"widget\" data-e-type=\"widget\" data-widget_type=\"heading.default\">\n\t\t\t\t<div class=\"elementor-widget-container\">\n\t\t\t\t\t<h2 class=\"elementor-heading-title elementor-size-default\">2. Pubblicit\u00e0 e riservatezza<\/h2>\t\t\t\t<\/div>\n\t\t\t\t<\/div>\n\t\t\t\t<div class=\"elementor-element elementor-element-2287ba5 color-scheme-inherit text-left elementor-widget elementor-widget-text-editor\" data-id=\"2287ba5\" data-element_type=\"widget\" data-e-type=\"widget\" data-widget_type=\"text-editor.default\">\n\t\t\t\t<div class=\"elementor-widget-container\">\n\t\t\t\t\t\t\t\t\t<p><strong>L&#8217;utente non divulgher\u00e0 a terzi, con qualsiasi mezzo, le informazioni private ricevute da CIRAST SRL, pena il risarcimento dei danni.<\/strong><br><strong>CIRAST SRL<\/strong> non divulgher\u00e0<strong>inoltre<\/strong> a terzi le informazioni trasmesse senza il consenso scritto dell&#8217;utente, ad eccezione di partner autorizzati, fornitori di servizi con i quali esiste un contratto che protegge tali dati.<strong><br><a href=\"https:\/\/beescience.eu\/politica-de-confidentialitate\/\">Leggi il documento sulla privacy<\/a>.<\/strong><\/p>\t\t\t\t\t\t\t\t<\/div>\n\t\t\t\t<\/div>\n\t\t\t\t<div class=\"elementor-element elementor-element-8135069 elementor-widget elementor-widget-heading\" data-id=\"8135069\" data-element_type=\"widget\" data-e-type=\"widget\" data-widget_type=\"heading.default\">\n\t\t\t\t<div class=\"elementor-widget-container\">\n\t\t\t\t\t<h2 class=\"elementor-heading-title elementor-size-default\">3. Collegamenti<\/h2>\t\t\t\t<\/div>\n\t\t\t\t<\/div>\n\t\t\t\t<div class=\"elementor-element elementor-element-c72d56c color-scheme-inherit text-left elementor-widget elementor-widget-text-editor\" data-id=\"c72d56c\" data-element_type=\"widget\" data-e-type=\"widget\" data-widget_type=\"text-editor.default\">\n\t\t\t\t<div class=\"elementor-widget-container\">\n\t\t\t\t\t\t\t\t\t<p>Sito web <strong>\n  <a href=\"https:\/\/beescience.eu\/it\/\">www.beescience.eu<\/a>\n<\/strong> pu\u00f2 contenere link ad altri siti web o ad altre fonti. <strong>CIRAST SRL<\/strong> non \u00e8 responsabile di eventuali danni o perdite causati o presunti tali dalle informazioni fornite dai siti o dalle fonti collegate.<\/p>\t\t\t\t\t\t\t\t<\/div>\n\t\t\t\t<\/div>\n\t\t\t\t<div class=\"elementor-element elementor-element-c2c7250 elementor-widget elementor-widget-heading\" data-id=\"c2c7250\" data-element_type=\"widget\" data-e-type=\"widget\" data-widget_type=\"heading.default\">\n\t\t\t\t<div class=\"elementor-widget-container\">\n\t\t\t\t\t<h2 class=\"elementor-heading-title elementor-size-default\">4. Frode<\/h2>\t\t\t\t<\/div>\n\t\t\t\t<\/div>\n\t\t\t\t<div class=\"elementor-element elementor-element-bb81f97 color-scheme-inherit text-left elementor-widget elementor-widget-text-editor\" data-id=\"bb81f97\" data-element_type=\"widget\" data-e-type=\"widget\" data-widget_type=\"text-editor.default\">\n\t\t\t\t<div class=\"elementor-widget-container\">\n\t\t\t\t\t\t\t\t\t<p>QUALSIASI TENTATIVO DI ACCEDERE AI DATI PERSONALI DI UN ALTRO UTENTE, DI MODIFICARE IL CONTENUTO DEL SITO <strong>\n  <a href=\"https:\/\/beescience.eu\/it\/\">WWW.BEESCIENCE.EU<\/a>\n<\/strong><br> O DI INTERFERIRE CON IL FUNZIONAMENTO DEL SERVER CHE OSPITA IL SITO WWW.BEESCIENCE.EU. <strong>\n  <a href=\"https:\/\/beescience.eu\/it\/\">WWW.BEESCIENCE.EU<\/a>\n<\/strong> SAR\u00c0 CONSIDERATO COME UN TENTATIVO DI FRODE NEI CONFRONTI DEL SITO E FAR\u00c0 SCATTARE UN PROCEDIMENTO PENALE NEI CONFRONTI DELL&#8217;AUTORE O DEGLI AUTORI DI QUESTI ATTI.<\/p>\t\t\t\t\t\t\t\t<\/div>\n\t\t\t\t<\/div>\n\t\t\t\t<div class=\"elementor-element elementor-element-8147bff elementor-widget elementor-widget-heading\" data-id=\"8147bff\" data-element_type=\"widget\" data-e-type=\"widget\" data-widget_type=\"heading.default\">\n\t\t\t\t<div class=\"elementor-widget-container\">\n\t\t\t\t\t<h2 class=\"elementor-heading-title elementor-size-default\">5. Sicurezza dei dati e delle informazioni personali<\/h2>\t\t\t\t<\/div>\n\t\t\t\t<\/div>\n\t\t\t\t<div class=\"elementor-element elementor-element-6fb408a color-scheme-inherit text-left elementor-widget elementor-widget-text-editor\" data-id=\"6fb408a\" data-element_type=\"widget\" data-e-type=\"widget\" data-widget_type=\"text-editor.default\">\n\t\t\t\t<div class=\"elementor-widget-container\">\n\t\t\t\t\t\t\t\t\t<p>I dati personali dell&#8217;utente possono essere utilizzati da <strong>CIRAST SRL<\/strong> solo per lo scopo dichiarato di questo sito web. Le informazioni e i dati contenuti nel modulo di contatto e nel modulo di richiesta di offerta saranno utilizzati solo per rispondere alle richieste dell&#8217;emittente.<br>I dati personali potranno, tuttavia, essere trasmessi alle autorit\u00e0 legittimate a svolgere eventuali controlli giustificati dalla legge, se richiesto in conformit\u00e0 alle leggi vigenti. <br><strong>CIRAST SRL<\/strong> <strong>non vende, offre o scambia gli indirizzi email ottenuti attraverso questo sito web, n\u00e9 divulga l&#8217;indirizzo email dell&#8217;utente ad altre persone che accedono alle pagine di questo sito web.<\/strong><br>A partire dal 25 maggio 2018, <strong>ai sensi del Regolamento (UE) 679\/2016<\/strong> relativo alla protezione delle persone fisiche con riguardo al trattamento dei dati personali, nonch\u00e9 alla libera circolazione di tali dati e che abroga <strong>la direttiva 95\/46\/CE<\/strong> (Regolamento generale sulla protezione dei dati) di seguito denominato &#8220;Regolamento GDPR&#8221;, <strong>CIRAST SRL<\/strong> \u00e8 tenuta a gestire in modo sicuro e solo per le finalit\u00e0 specificate, i dati personali forniti dal visitatore. Lo scopo della raccolta dei dati \u00e8 quello di rispondere alle richieste dei visitatori come descritto nella <a href=\"https:\/\/beescience.eu\/politica-de-confidentialitate\/\">\n  <strong>informativa sulla privacy.<\/strong>\n<\/a> <\/p><p><strong>Ai sensi del Regolamento (UE) 679\/2016<\/strong>, avete i seguenti diritti:<\/p><p><strong>1. Diritto all&#8217;informazione e all&#8217;accesso ai dati personali: il<\/strong> diritto di ottenere la conferma che sia o meno in corso un trattamento di dati personali che vi riguardano e, in tal caso, l&#8217;accesso a tali dati.<\/p><p><strong>2. Il diritto di rettifica:<\/strong> il diritto di chiedere all&#8217;Operatore e di ottenere, senza indebito ritardo, la rettifica dei dati personali inesatti che vi riguardano e\/o di ottenere il completamento dei dati personali che sono incompleti, con la menzione che nel caso di un account online queste modifiche possono essere effettuate personalmente dalla sezione di modifica dei dati dell&#8217;account.<\/p><p><strong>3. Diritto alla cancellazione (&#8220;diritto all&#8217;oblio&#8221;): il<\/strong> diritto di ottenere la cancellazione senza ingiustificato ritardo dei dati personali che vi riguardano, qualora sussistano determinati motivi stabiliti dal <a href=\"https:\/\/beescience.eu\/politica-de-confidentialitate\/\">\n  <strong>Regolamento GDPR<\/strong>\n<\/a>.<\/p><p><strong>4. Diritto alla limitazione del trattamento: il<\/strong> diritto di ottenere la limitazione del trattamento in determinati casi.<\/p><p><strong>5. Il diritto alla portabilit\u00e0 dei dati: il<\/strong> diritto di ricevere i dati personali che vi riguardano e di trasferirli a un altro titolare del trattamento.  <\/p><p><strong>6. Diritto di opposizione: il<\/strong> diritto di opporsi in qualsiasi momento al trattamento dei dati personali che La riguardano, alle condizioni <a href=\"https:\/\/beescience.eu\/politica-de-confidentialitate\/\">\n  <strong>Regolamento GDPR<\/strong>\n<\/a>.<\/p><p><strong>7. Il diritto di non essere oggetto di una decisione basata esclusivamente sul trattamento automatizzato, compresa la profilazione<\/strong>, che produca effetti giuridici nei vostri confronti o che vi riguardi in modo analogo in misura significativa.<\/p><p><strong>8. Il diritto di presentare un reclamo all&#8217;Autorit\u00e0 nazionale di controllo per il trattamento dei dati personali (ANSPDCP)<\/strong> se ritenete che i vostri dati non siano stati trattati in conformit\u00e0 alla legge.<\/p><p>Per esercitare i suddetti diritti, si prega di inviare una richiesta scritta, datata e firmata all&#8217;indirizzo e-mail: <a href=\"mailto:contact@beescience.ro\">\n  <strong>contact@beescience.ro<\/strong>\n<\/a>o all&#8217;indirizzo postale: <strong>Romania, Contea di Vrancea, Villaggio Gole\u0219tii de Sus<\/strong>, all&#8217;attenzione del RESPONSABILE DEI DATI PERSONALI &#8211; <strong>R\u0102ZVAN CIOBOTARU<\/strong>.<\/p>\t\t\t\t\t\t\t\t<\/div>\n\t\t\t\t<\/div>\n\t\t\t\t<div class=\"elementor-element elementor-element-5393c37 elementor-widget elementor-widget-heading\" data-id=\"5393c37\" data-element_type=\"widget\" data-e-type=\"widget\" data-widget_type=\"heading.default\">\n\t\t\t\t<div class=\"elementor-widget-container\">\n\t\t\t\t\t<h2 class=\"elementor-heading-title elementor-size-default\">6. Controversie. Legge applicabile <\/h2>\t\t\t\t<\/div>\n\t\t\t\t<\/div>\n\t\t\t\t<div class=\"elementor-element elementor-element-16fac85 color-scheme-inherit text-left elementor-widget elementor-widget-text-editor\" data-id=\"16fac85\" data-element_type=\"widget\" data-e-type=\"widget\" data-widget_type=\"text-editor.default\">\n\t\t\t\t<div class=\"elementor-widget-container\">\n\t\t\t\t\t\t\t\t\t<p>Qualsiasi controversia sar\u00e0 risolta di comune accordo tra le due parti (in via amichevole). In caso di mancata risoluzione amichevole della controversia, saranno competenti i tribunali rumeni della sede legale di <strong>CIRAST SRL<\/strong>. <br><strong>CIRAST SRL<\/strong> <strong>non \u00e8 responsabile per eventuali danni, costi, azioni legali, reclami o spese derivanti dalla mancata osservanza dei &#8220;Termini e condizioni&#8221; da parte degli utenti.<\/strong><\/p>\t\t\t\t\t\t\t\t<\/div>\n\t\t\t\t<\/div>\n\t\t\t\t<\/div>\n\t\t\t\t<\/div>\n\t\t","protected":false},"excerpt":{"rendered":"<p>Termini e condizioni Su www.beescience.eu si trovano le informazioni (testi, foto, banche dati, ecc.) che costituiscono il contenuto del sito<\/p>\n","protected":false},"author":2,"featured_media":0,"parent":0,"menu_order":0,"comment_status":"closed","ping_status":"closed","template":"","meta":{"footnotes":""},"class_list":["post-8644","page","type-page","status-publish","hentry"],"yoast_head":"<!-- This site is optimized with the Yoast SEO plugin v27.4 - https:\/\/yoast.com\/product\/yoast-seo-wordpress\/ -->\n<title>Termini e condizioni - BeeScience<\/title>\n<meta name=\"robots\" content=\"index, follow, max-snippet:-1, max-image-preview:large, max-video-preview:-1\" \/>\n<link rel=\"canonical\" href=\"https:\/\/beescience.eu\/it\/termini-e-condizioni\/\" \/>\n<meta property=\"og:locale\" content=\"it_IT\" \/>\n<meta property=\"og:type\" content=\"article\" \/>\n<meta property=\"og:title\" content=\"Termini e condizioni - BeeScience\" \/>\n<meta property=\"og:description\" content=\"Termini e condizioni Su www.beescience.eu si trovano le informazioni (testi, foto, banche dati, ecc.) che costituiscono il contenuto del sito\" \/>\n<meta property=\"og:url\" content=\"https:\/\/beescience.eu\/it\/termini-e-condizioni\/\" \/>\n<meta property=\"og:site_name\" content=\"BeeScience\" \/>\n<meta property=\"article:modified_time\" content=\"2025-10-06T08:34:23+00:00\" \/>\n<meta name=\"twitter:card\" content=\"summary_large_image\" \/>\n<meta name=\"twitter:label1\" content=\"Tempo di lettura stimato\" \/>\n\t<meta name=\"twitter:data1\" content=\"7 minuti\" \/>\n<script type=\"application\/ld+json\" class=\"yoast-schema-graph\">{\"@context\":\"https:\\\/\\\/schema.org\",\"@graph\":[{\"@type\":\"WebPage\",\"@id\":\"https:\\\/\\\/beescience.eu\\\/it\\\/termini-e-condizioni\\\/\",\"url\":\"https:\\\/\\\/beescience.eu\\\/it\\\/termini-e-condizioni\\\/\",\"name\":\"Termini e condizioni - BeeScience\",\"isPartOf\":{\"@id\":\"https:\\\/\\\/beescience.eu\\\/it\\\/#website\"},\"datePublished\":\"2025-07-17T10:26:24+00:00\",\"dateModified\":\"2025-10-06T08:34:23+00:00\",\"breadcrumb\":{\"@id\":\"https:\\\/\\\/beescience.eu\\\/it\\\/termini-e-condizioni\\\/#breadcrumb\"},\"inLanguage\":\"it-IT\",\"potentialAction\":[{\"@type\":\"ReadAction\",\"target\":[\"https:\\\/\\\/beescience.eu\\\/it\\\/termini-e-condizioni\\\/\"]}]},{\"@type\":\"BreadcrumbList\",\"@id\":\"https:\\\/\\\/beescience.eu\\\/it\\\/termini-e-condizioni\\\/#breadcrumb\",\"itemListElement\":[{\"@type\":\"ListItem\",\"position\":1,\"name\":\"Prima pagin\u0103\",\"item\":\"https:\\\/\\\/beescience.eu\\\/it\\\/\"},{\"@type\":\"ListItem\",\"position\":2,\"name\":\"Termini e condizioni\"}]},{\"@type\":\"WebSite\",\"@id\":\"https:\\\/\\\/beescience.eu\\\/it\\\/#website\",\"url\":\"https:\\\/\\\/beescience.eu\\\/it\\\/\",\"name\":\"BeeScience\",\"description\":\"\",\"publisher\":{\"@id\":\"https:\\\/\\\/beescience.eu\\\/it\\\/#organization\"},\"potentialAction\":[{\"@type\":\"SearchAction\",\"target\":{\"@type\":\"EntryPoint\",\"urlTemplate\":\"https:\\\/\\\/beescience.eu\\\/it\\\/?s={search_term_string}\"},\"query-input\":{\"@type\":\"PropertyValueSpecification\",\"valueRequired\":true,\"valueName\":\"search_term_string\"}}],\"inLanguage\":\"it-IT\"},{\"@type\":\"Organization\",\"@id\":\"https:\\\/\\\/beescience.eu\\\/it\\\/#organization\",\"name\":\"BeeScience\",\"url\":\"https:\\\/\\\/beescience.eu\\\/it\\\/\",\"logo\":{\"@type\":\"ImageObject\",\"inLanguage\":\"it-IT\",\"@id\":\"https:\\\/\\\/beescience.eu\\\/it\\\/#\\\/schema\\\/logo\\\/image\\\/\",\"url\":\"https:\\\/\\\/beescience.eu\\\/wp-content\\\/uploads\\\/2025\\\/05\\\/logo-simplu-dark.png\",\"contentUrl\":\"https:\\\/\\\/beescience.eu\\\/wp-content\\\/uploads\\\/2025\\\/05\\\/logo-simplu-dark.png\",\"width\":400,\"height\":150,\"caption\":\"BeeScience\"},\"image\":{\"@id\":\"https:\\\/\\\/beescience.eu\\\/it\\\/#\\\/schema\\\/logo\\\/image\\\/\"}}]}<\/script>\n<!-- \/ Yoast SEO plugin. -->","yoast_head_json":{"title":"Termini e condizioni - BeeScience","robots":{"index":"index","follow":"follow","max-snippet":"max-snippet:-1","max-image-preview":"max-image-preview:large","max-video-preview":"max-video-preview:-1"},"canonical":"https:\/\/beescience.eu\/it\/termini-e-condizioni\/","og_locale":"it_IT","og_type":"article","og_title":"Termini e condizioni - BeeScience","og_description":"Termini e condizioni Su www.beescience.eu si trovano le informazioni (testi, foto, banche dati, ecc.) che costituiscono il contenuto del sito","og_url":"https:\/\/beescience.eu\/it\/termini-e-condizioni\/","og_site_name":"BeeScience","article_modified_time":"2025-10-06T08:34:23+00:00","twitter_card":"summary_large_image","twitter_misc":{"Tempo di lettura stimato":"7 minuti"},"schema":{"@context":"https:\/\/schema.org","@graph":[{"@type":"WebPage","@id":"https:\/\/beescience.eu\/it\/termini-e-condizioni\/","url":"https:\/\/beescience.eu\/it\/termini-e-condizioni\/","name":"Termini e condizioni - BeeScience","isPartOf":{"@id":"https:\/\/beescience.eu\/it\/#website"},"datePublished":"2025-07-17T10:26:24+00:00","dateModified":"2025-10-06T08:34:23+00:00","breadcrumb":{"@id":"https:\/\/beescience.eu\/it\/termini-e-condizioni\/#breadcrumb"},"inLanguage":"it-IT","potentialAction":[{"@type":"ReadAction","target":["https:\/\/beescience.eu\/it\/termini-e-condizioni\/"]}]},{"@type":"BreadcrumbList","@id":"https:\/\/beescience.eu\/it\/termini-e-condizioni\/#breadcrumb","itemListElement":[{"@type":"ListItem","position":1,"name":"Prima pagin\u0103","item":"https:\/\/beescience.eu\/it\/"},{"@type":"ListItem","position":2,"name":"Termini e condizioni"}]},{"@type":"WebSite","@id":"https:\/\/beescience.eu\/it\/#website","url":"https:\/\/beescience.eu\/it\/","name":"BeeScience","description":"","publisher":{"@id":"https:\/\/beescience.eu\/it\/#organization"},"potentialAction":[{"@type":"SearchAction","target":{"@type":"EntryPoint","urlTemplate":"https:\/\/beescience.eu\/it\/?s={search_term_string}"},"query-input":{"@type":"PropertyValueSpecification","valueRequired":true,"valueName":"search_term_string"}}],"inLanguage":"it-IT"},{"@type":"Organization","@id":"https:\/\/beescience.eu\/it\/#organization","name":"BeeScience","url":"https:\/\/beescience.eu\/it\/","logo":{"@type":"ImageObject","inLanguage":"it-IT","@id":"https:\/\/beescience.eu\/it\/#\/schema\/logo\/image\/","url":"https:\/\/beescience.eu\/wp-content\/uploads\/2025\/05\/logo-simplu-dark.png","contentUrl":"https:\/\/beescience.eu\/wp-content\/uploads\/2025\/05\/logo-simplu-dark.png","width":400,"height":150,"caption":"BeeScience"},"image":{"@id":"https:\/\/beescience.eu\/it\/#\/schema\/logo\/image\/"}}]}},"_links":{"self":[{"href":"https:\/\/beescience.eu\/it\/wp-json\/wp\/v2\/pages\/8644","targetHints":{"allow":["GET"]}}],"collection":[{"href":"https:\/\/beescience.eu\/it\/wp-json\/wp\/v2\/pages"}],"about":[{"href":"https:\/\/beescience.eu\/it\/wp-json\/wp\/v2\/types\/page"}],"author":[{"embeddable":true,"href":"https:\/\/beescience.eu\/it\/wp-json\/wp\/v2\/users\/2"}],"replies":[{"embeddable":true,"href":"https:\/\/beescience.eu\/it\/wp-json\/wp\/v2\/comments?post=8644"}],"version-history":[{"count":2,"href":"https:\/\/beescience.eu\/it\/wp-json\/wp\/v2\/pages\/8644\/revisions"}],"predecessor-version":[{"id":8650,"href":"https:\/\/beescience.eu\/it\/wp-json\/wp\/v2\/pages\/8644\/revisions\/8650"}],"wp:attachment":[{"href":"https:\/\/beescience.eu\/it\/wp-json\/wp\/v2\/media?parent=8644"}],"curies":[{"name":"wp","href":"https:\/\/api.w.org\/{rel}","templated":true}]}}