{"id":9101,"date":"2025-12-18T15:11:30","date_gmt":"2025-12-18T13:11:30","guid":{"rendered":"https:\/\/beescience.eu\/?post_type=product&#038;p=9101"},"modified":"2026-02-13T11:14:03","modified_gmt":"2026-02-13T09:14:03","slug":"turta-energetica-booster","status":"publish","type":"product","link":"https:\/\/beescience.eu\/fr\/produs\/turta-energetica-booster\/","title":{"rendered":"Turt\u0103 Energetic\u0103 Booster"},"content":{"rendered":"<h5 data-start=\"1155\" data-end=\"1389\">Datorit\u0103 efectului s\u0103u biocid, turta cu Bee Immunity Booster se remarc\u0103 drept un produs organic cu ac\u021biune <strong>antibacterian\u0103<\/strong>, <strong>antifungic\u0103<\/strong> \u0219i <strong>antiviral\u0103<\/strong>, contribuind la men\u021binerea unui <strong>nivel optim de s\u0103n\u0103tate<\/strong> \u00een cadrul familiei de albine.<\/h5>\n<p data-start=\"1391\" data-end=\"1675\">Formula <strong data-start=\"1399\" data-end=\"1415\">ready to use<\/strong> faciliteaz\u0103 aplicarea rapid\u0103 \u0219i eficient\u0103, fiind ideal\u0103 pentru interven\u021bii cu rol curativ \u0219i preventiv. Administrarea este recomandat\u0103 pe \u00eentreaga perioad\u0103 de iernare, prim\u0103vara devreme sau la sf\u00e2r\u0219itul sezonului de cules, \u00een func\u021bie de necesit\u0103\u021bile coloniei.<\/p>\n","protected":false},"excerpt":{"rendered":"<p data-start=\"139\" data-end=\"477\">Turta energetic\u0103 cu <strong data-start=\"159\" data-end=\"183\">Bee Immunity Booster<\/strong> este o <a href=\"https:\/\/beescience.eu\/categorie-produs\/hrana-energetica\/\">hran\u0103 energetic\u0103<\/a> complementar\u0103 destinat\u0103 albinelor, formulat\u0103 pentru a sus\u021bine supravie\u021buirea, s\u0103n\u0103tatea \u0219i performan\u021ba familiilor de albine. Componenta glucidic\u0103 reprezint\u0103 elementul esen\u021bial al hranei albinelor, fiind fundamental\u0103 pentru men\u021binerea vitalit\u0103\u021bii \u0219i func\u021bion\u0103rii optime a coloniei.<\/p>\n<p data-start=\"479\" data-end=\"809\">Produsul creeaz\u0103 condi\u021bii ideale pentru supravie\u021buirea familiilor de albine \u0219i asigur\u0103 o dezvoltare armonioas\u0103, corelat\u0103 pozitiv cu ob\u021binerea unor produc\u021bii superioare de miere. Turta cu Bee Immunity Booster este rezultatul a trei ani de cercetare experimental\u0103, av\u00e2nd la baz\u0103 o formul\u0103 inovatoare, testat\u0103 \u00een condi\u021bii controlate.<\/p>\n<p data-start=\"811\" data-end=\"1153\">Timolul, prezent sub form\u0103 de nanoparticule, contribuie \u00een mod direct la cre\u0219terea longevit\u0103\u021bii albinelor cu p\u00e2n\u0103 la 5 zile \u00een timpul sezonului activ, efectul fiind \u0219i mai pronun\u021bat \u00een perioada de iernare. \u00cen acela\u0219i timp, acesta protejeaz\u0103 intestinul albinei, cresc\u00e2nd rezisten\u021ba \u00een fa\u021ba infec\u021biilor, \u00een special \u00een lupta \u00eempotriva nosemozei<\/p>\n","protected":false},"featured_media":9102,"comment_status":"open","ping_status":"closed","template":"","meta":[],"product_brand":[],"product_cat":[49],"product_tag":[],"class_list":{"0":"post-9101","1":"product","2":"type-product","3":"status-publish","4":"has-post-thumbnail","6":"product_cat-hrana-energetica","8":"first","9":"instock","10":"shipping-taxable","11":"product-type-simple"},"yoast_head":"<!-- This site is optimized with the Yoast SEO plugin v27.4 - https:\/\/yoast.com\/product\/yoast-seo-wordpress\/ -->\n<title>Turt\u0103 Energetic\u0103 Booster - BeeScience<\/title>\n<meta name=\"description\" content=\"Turta Energetic\u0103 Booster \u2013 hran\u0103 complementar\u0103 pentru albine, formulat\u0103 pentru sus\u021binerea s\u0103n\u0103t\u0103\u021bii, vitalit\u0103\u021bii \u0219i performan\u021bei familiilor de albine.\" \/>\n<meta name=\"robots\" content=\"index, follow, max-snippet:-1, max-image-preview:large, max-video-preview:-1\" \/>\n<link rel=\"canonical\" href=\"https:\/\/beescience.eu\/fr\/produs\/turta-energetica-booster\/\" \/>\n<meta property=\"og:locale\" content=\"fr_FR\" \/>\n<meta property=\"og:type\" content=\"article\" \/>\n<meta property=\"og:title\" content=\"Turt\u0103 Energetic\u0103 Booster - BeeScience\" \/>\n<meta property=\"og:description\" content=\"Turta Energetic\u0103 Booster \u2013 hran\u0103 complementar\u0103 pentru albine, formulat\u0103 pentru sus\u021binerea s\u0103n\u0103t\u0103\u021bii, vitalit\u0103\u021bii \u0219i performan\u021bei familiilor de albine.\" \/>\n<meta property=\"og:url\" content=\"https:\/\/beescience.eu\/fr\/produs\/turta-energetica-booster\/\" \/>\n<meta property=\"og:site_name\" content=\"BeeScience\" \/>\n<meta property=\"article:modified_time\" content=\"2026-02-13T09:14:03+00:00\" \/>\n<meta property=\"og:image\" content=\"https:\/\/beescience.eu\/wp-content\/uploads\/2025\/12\/Candy-Booster.png\" \/>\n\t<meta property=\"og:image:width\" content=\"683\" \/>\n\t<meta property=\"og:image:height\" content=\"1024\" \/>\n\t<meta property=\"og:image:type\" content=\"image\/png\" \/>\n<meta name=\"twitter:card\" content=\"summary_large_image\" \/>\n<meta name=\"twitter:label1\" content=\"Dur\u00e9e de lecture estim\u00e9e\" \/>\n\t<meta name=\"twitter:data1\" content=\"1 minute\" \/>\n<script type=\"application\/ld+json\" class=\"yoast-schema-graph\">{\"@context\":\"https:\\\/\\\/schema.org\",\"@graph\":[{\"@type\":\"WebPage\",\"@id\":\"https:\\\/\\\/beescience.eu\\\/fr\\\/produs\\\/turta-energetica-booster\\\/\",\"url\":\"https:\\\/\\\/beescience.eu\\\/fr\\\/produs\\\/turta-energetica-booster\\\/\",\"name\":\"Turt\u0103 Energetic\u0103 Booster - BeeScience\",\"isPartOf\":{\"@id\":\"https:\\\/\\\/beescience.eu\\\/fr\\\/#website\"},\"primaryImageOfPage\":{\"@id\":\"https:\\\/\\\/beescience.eu\\\/fr\\\/produs\\\/turta-energetica-booster\\\/#primaryimage\"},\"image\":{\"@id\":\"https:\\\/\\\/beescience.eu\\\/fr\\\/produs\\\/turta-energetica-booster\\\/#primaryimage\"},\"thumbnailUrl\":\"https:\\\/\\\/beescience.eu\\\/wp-content\\\/uploads\\\/2025\\\/12\\\/Candy-Booster.png\",\"datePublished\":\"2025-12-18T13:11:30+00:00\",\"dateModified\":\"2026-02-13T09:14:03+00:00\",\"description\":\"Turta Energetic\u0103 Booster \u2013 hran\u0103 complementar\u0103 pentru albine, formulat\u0103 pentru sus\u021binerea s\u0103n\u0103t\u0103\u021bii, vitalit\u0103\u021bii \u0219i performan\u021bei familiilor de albine.\",\"breadcrumb\":{\"@id\":\"https:\\\/\\\/beescience.eu\\\/fr\\\/produs\\\/turta-energetica-booster\\\/#breadcrumb\"},\"inLanguage\":\"fr-FR\",\"potentialAction\":[{\"@type\":\"ReadAction\",\"target\":[\"https:\\\/\\\/beescience.eu\\\/fr\\\/produs\\\/turta-energetica-booster\\\/\"]}]},{\"@type\":\"ImageObject\",\"inLanguage\":\"fr-FR\",\"@id\":\"https:\\\/\\\/beescience.eu\\\/fr\\\/produs\\\/turta-energetica-booster\\\/#primaryimage\",\"url\":\"https:\\\/\\\/beescience.eu\\\/wp-content\\\/uploads\\\/2025\\\/12\\\/Candy-Booster.png\",\"contentUrl\":\"https:\\\/\\\/beescience.eu\\\/wp-content\\\/uploads\\\/2025\\\/12\\\/Candy-Booster.png\",\"width\":683,\"height\":1024},{\"@type\":\"BreadcrumbList\",\"@id\":\"https:\\\/\\\/beescience.eu\\\/fr\\\/produs\\\/turta-energetica-booster\\\/#breadcrumb\",\"itemListElement\":[{\"@type\":\"ListItem\",\"position\":1,\"name\":\"Prima pagin\u0103\",\"item\":\"https:\\\/\\\/beescience.eu\\\/fr\\\/\"},{\"@type\":\"ListItem\",\"position\":2,\"name\":\"Boutique\",\"item\":\"https:\\\/\\\/beescience.eu\\\/fr\\\/boutique\\\/\"},{\"@type\":\"ListItem\",\"position\":3,\"name\":\"Turt\u0103 Energetic\u0103 Booster\"}]},{\"@type\":\"WebSite\",\"@id\":\"https:\\\/\\\/beescience.eu\\\/fr\\\/#website\",\"url\":\"https:\\\/\\\/beescience.eu\\\/fr\\\/\",\"name\":\"BeeScience\",\"description\":\"\",\"publisher\":{\"@id\":\"https:\\\/\\\/beescience.eu\\\/fr\\\/#organization\"},\"potentialAction\":[{\"@type\":\"SearchAction\",\"target\":{\"@type\":\"EntryPoint\",\"urlTemplate\":\"https:\\\/\\\/beescience.eu\\\/fr\\\/?s={search_term_string}\"},\"query-input\":{\"@type\":\"PropertyValueSpecification\",\"valueRequired\":true,\"valueName\":\"search_term_string\"}}],\"inLanguage\":\"fr-FR\"},{\"@type\":\"Organization\",\"@id\":\"https:\\\/\\\/beescience.eu\\\/fr\\\/#organization\",\"name\":\"BeeScience\",\"url\":\"https:\\\/\\\/beescience.eu\\\/fr\\\/\",\"logo\":{\"@type\":\"ImageObject\",\"inLanguage\":\"fr-FR\",\"@id\":\"https:\\\/\\\/beescience.eu\\\/fr\\\/#\\\/schema\\\/logo\\\/image\\\/\",\"url\":\"https:\\\/\\\/beescience.eu\\\/wp-content\\\/uploads\\\/2025\\\/05\\\/logo-simplu-dark.png\",\"contentUrl\":\"https:\\\/\\\/beescience.eu\\\/wp-content\\\/uploads\\\/2025\\\/05\\\/logo-simplu-dark.png\",\"width\":400,\"height\":150,\"caption\":\"BeeScience\"},\"image\":{\"@id\":\"https:\\\/\\\/beescience.eu\\\/fr\\\/#\\\/schema\\\/logo\\\/image\\\/\"}}]}<\/script>\n<!-- \/ Yoast SEO plugin. -->","yoast_head_json":{"title":"Turt\u0103 Energetic\u0103 Booster - BeeScience","description":"Turta Energetic\u0103 Booster \u2013 hran\u0103 complementar\u0103 pentru albine, formulat\u0103 pentru sus\u021binerea s\u0103n\u0103t\u0103\u021bii, vitalit\u0103\u021bii \u0219i performan\u021bei familiilor de albine.","robots":{"index":"index","follow":"follow","max-snippet":"max-snippet:-1","max-image-preview":"max-image-preview:large","max-video-preview":"max-video-preview:-1"},"canonical":"https:\/\/beescience.eu\/fr\/produs\/turta-energetica-booster\/","og_locale":"fr_FR","og_type":"article","og_title":"Turt\u0103 Energetic\u0103 Booster - BeeScience","og_description":"Turta Energetic\u0103 Booster \u2013 hran\u0103 complementar\u0103 pentru albine, formulat\u0103 pentru sus\u021binerea s\u0103n\u0103t\u0103\u021bii, vitalit\u0103\u021bii \u0219i performan\u021bei familiilor de albine.","og_url":"https:\/\/beescience.eu\/fr\/produs\/turta-energetica-booster\/","og_site_name":"BeeScience","article_modified_time":"2026-02-13T09:14:03+00:00","og_image":[{"width":683,"height":1024,"url":"https:\/\/beescience.eu\/wp-content\/uploads\/2025\/12\/Candy-Booster.png","type":"image\/png"}],"twitter_card":"summary_large_image","twitter_misc":{"Dur\u00e9e de lecture estim\u00e9e":"1 minute"},"schema":{"@context":"https:\/\/schema.org","@graph":[{"@type":"WebPage","@id":"https:\/\/beescience.eu\/fr\/produs\/turta-energetica-booster\/","url":"https:\/\/beescience.eu\/fr\/produs\/turta-energetica-booster\/","name":"Turt\u0103 Energetic\u0103 Booster - BeeScience","isPartOf":{"@id":"https:\/\/beescience.eu\/fr\/#website"},"primaryImageOfPage":{"@id":"https:\/\/beescience.eu\/fr\/produs\/turta-energetica-booster\/#primaryimage"},"image":{"@id":"https:\/\/beescience.eu\/fr\/produs\/turta-energetica-booster\/#primaryimage"},"thumbnailUrl":"https:\/\/beescience.eu\/wp-content\/uploads\/2025\/12\/Candy-Booster.png","datePublished":"2025-12-18T13:11:30+00:00","dateModified":"2026-02-13T09:14:03+00:00","description":"Turta Energetic\u0103 Booster \u2013 hran\u0103 complementar\u0103 pentru albine, formulat\u0103 pentru sus\u021binerea s\u0103n\u0103t\u0103\u021bii, vitalit\u0103\u021bii \u0219i performan\u021bei familiilor de albine.","breadcrumb":{"@id":"https:\/\/beescience.eu\/fr\/produs\/turta-energetica-booster\/#breadcrumb"},"inLanguage":"fr-FR","potentialAction":[{"@type":"ReadAction","target":["https:\/\/beescience.eu\/fr\/produs\/turta-energetica-booster\/"]}]},{"@type":"ImageObject","inLanguage":"fr-FR","@id":"https:\/\/beescience.eu\/fr\/produs\/turta-energetica-booster\/#primaryimage","url":"https:\/\/beescience.eu\/wp-content\/uploads\/2025\/12\/Candy-Booster.png","contentUrl":"https:\/\/beescience.eu\/wp-content\/uploads\/2025\/12\/Candy-Booster.png","width":683,"height":1024},{"@type":"BreadcrumbList","@id":"https:\/\/beescience.eu\/fr\/produs\/turta-energetica-booster\/#breadcrumb","itemListElement":[{"@type":"ListItem","position":1,"name":"Prima pagin\u0103","item":"https:\/\/beescience.eu\/fr\/"},{"@type":"ListItem","position":2,"name":"Boutique","item":"https:\/\/beescience.eu\/fr\/boutique\/"},{"@type":"ListItem","position":3,"name":"Turt\u0103 Energetic\u0103 Booster"}]},{"@type":"WebSite","@id":"https:\/\/beescience.eu\/fr\/#website","url":"https:\/\/beescience.eu\/fr\/","name":"BeeScience","description":"","publisher":{"@id":"https:\/\/beescience.eu\/fr\/#organization"},"potentialAction":[{"@type":"SearchAction","target":{"@type":"EntryPoint","urlTemplate":"https:\/\/beescience.eu\/fr\/?s={search_term_string}"},"query-input":{"@type":"PropertyValueSpecification","valueRequired":true,"valueName":"search_term_string"}}],"inLanguage":"fr-FR"},{"@type":"Organization","@id":"https:\/\/beescience.eu\/fr\/#organization","name":"BeeScience","url":"https:\/\/beescience.eu\/fr\/","logo":{"@type":"ImageObject","inLanguage":"fr-FR","@id":"https:\/\/beescience.eu\/fr\/#\/schema\/logo\/image\/","url":"https:\/\/beescience.eu\/wp-content\/uploads\/2025\/05\/logo-simplu-dark.png","contentUrl":"https:\/\/beescience.eu\/wp-content\/uploads\/2025\/05\/logo-simplu-dark.png","width":400,"height":150,"caption":"BeeScience"},"image":{"@id":"https:\/\/beescience.eu\/fr\/#\/schema\/logo\/image\/"}}]}},"_links":{"self":[{"href":"https:\/\/beescience.eu\/fr\/wp-json\/wp\/v2\/product\/9101","targetHints":{"allow":["GET"]}}],"collection":[{"href":"https:\/\/beescience.eu\/fr\/wp-json\/wp\/v2\/product"}],"about":[{"href":"https:\/\/beescience.eu\/fr\/wp-json\/wp\/v2\/types\/product"}],"replies":[{"embeddable":true,"href":"https:\/\/beescience.eu\/fr\/wp-json\/wp\/v2\/comments?post=9101"}],"version-history":[{"count":5,"href":"https:\/\/beescience.eu\/fr\/wp-json\/wp\/v2\/product\/9101\/revisions"}],"predecessor-version":[{"id":9109,"href":"https:\/\/beescience.eu\/fr\/wp-json\/wp\/v2\/product\/9101\/revisions\/9109"}],"wp:featuredmedia":[{"embeddable":true,"href":"https:\/\/beescience.eu\/fr\/wp-json\/wp\/v2\/media\/9102"}],"wp:attachment":[{"href":"https:\/\/beescience.eu\/fr\/wp-json\/wp\/v2\/media?parent=9101"}],"wp:term":[{"taxonomy":"product_brand","embeddable":true,"href":"https:\/\/beescience.eu\/fr\/wp-json\/wp\/v2\/product_brand?post=9101"},{"taxonomy":"product_cat","embeddable":true,"href":"https:\/\/beescience.eu\/fr\/wp-json\/wp\/v2\/product_cat?post=9101"},{"taxonomy":"product_tag","embeddable":true,"href":"https:\/\/beescience.eu\/fr\/wp-json\/wp\/v2\/product_tag?post=9101"}],"curies":[{"name":"wp","href":"https:\/\/api.w.org\/{rel}","templated":true}]}}