{"id":7876,"date":"2025-04-16T05:29:57","date_gmt":"2025-04-16T05:29:57","guid":{"rendered":"https:\/\/beescience.eu\/produs\/gel-stimulant-limmunite-des-abeilles\/"},"modified":"2025-04-16T05:29:57","modified_gmt":"2025-04-16T02:29:57","slug":"gel-stimulant-limmunite-des-abeilles","status":"publish","type":"product","link":"https:\/\/beescience.eu\/fr\/produs\/gel-stimulant-limmunite-des-abeilles\/","title":{"rendered":"Gel stimulant l&rsquo;immunit\u00e9 des abeilles"},"content":{"rendered":"","protected":false},"excerpt":{"rendered":"<p><strong>Protection avanc\u00e9e de la sant\u00e9 des abeilles gr\u00e2ce aux nanotechnologies !<\/strong>  Bee Immunity Booster Gel est un produit innovant, d\u00e9velopp\u00e9 \u00e0 l&rsquo;aide de la nanotechnologie, qui prolonge l&rsquo;esp\u00e9rance de vie des abeilles et les prot\u00e8ge contre les virus, les bact\u00e9ries et les champignons.<\/p>\n","protected":false},"featured_media":3609,"comment_status":"open","ping_status":"closed","template":"","meta":[],"product_brand":[],"product_cat":[134],"product_tag":[],"class_list":{"0":"post-7876","1":"product","2":"type-product","3":"status-publish","4":"has-post-thumbnail","6":"product_cat-des-solutions-pour-soutenir-la-sante-des-abeilles","7":"pa_problema-abordata-developpement-de-la-famille-des-abeilles","8":"pa_problema-abordata-lutte-contre-les-maladies-causees-par-des-bacteries-des-virus-et-des-champignons","9":"pa_problema-abordata-renforcer-la-reponse-immunitaire","10":"pa_sezon-toutes-les-saisons","12":"first","13":"instock","14":"shipping-taxable","15":"product-type-simple"},"yoast_head":"<!-- This site is optimized with the Yoast SEO plugin v27.4 - https:\/\/yoast.com\/product\/yoast-seo-wordpress\/ -->\n<title>Gel stimulant l&#039;immunit\u00e9 des abeilles - BeeScience<\/title>\n<meta name=\"robots\" content=\"index, follow, max-snippet:-1, max-image-preview:large, max-video-preview:-1\" \/>\n<link rel=\"canonical\" href=\"https:\/\/beescience.eu\/fr\/produs\/gel-stimulant-limmunite-des-abeilles\/\" \/>\n<meta property=\"og:locale\" content=\"fr_FR\" \/>\n<meta property=\"og:type\" content=\"article\" \/>\n<meta property=\"og:title\" content=\"Gel stimulant l&#039;immunit\u00e9 des abeilles - BeeScience\" \/>\n<meta property=\"og:description\" content=\"Protection avanc\u00e9e de la sant\u00e9 des abeilles gr\u00e2ce aux nanotechnologies ! Bee Immunity Booster Gel est un produit innovant, d\u00e9velopp\u00e9 \u00e0 l&#039;aide de la nanotechnologie, qui prolonge l&#039;esp\u00e9rance de vie des abeilles et les prot\u00e8ge contre les virus, les bact\u00e9ries et les champignons.\" \/>\n<meta property=\"og:url\" content=\"https:\/\/beescience.eu\/fr\/produs\/gel-stimulant-limmunite-des-abeilles\/\" \/>\n<meta property=\"og:site_name\" content=\"BeeScience\" \/>\n<meta property=\"og:image\" content=\"https:\/\/beescience.eu\/wp-content\/uploads\/2025\/04\/bee-imunity-booster.png\" \/>\n\t<meta property=\"og:image:width\" content=\"1000\" \/>\n\t<meta property=\"og:image:height\" content=\"1500\" \/>\n\t<meta property=\"og:image:type\" content=\"image\/png\" \/>\n<meta name=\"twitter:card\" content=\"summary_large_image\" \/>\n<script type=\"application\/ld+json\" class=\"yoast-schema-graph\">{\"@context\":\"https:\\\/\\\/schema.org\",\"@graph\":[{\"@type\":\"WebPage\",\"@id\":\"https:\\\/\\\/beescience.eu\\\/fr\\\/produs\\\/gel-stimulant-limmunite-des-abeilles\\\/\",\"url\":\"https:\\\/\\\/beescience.eu\\\/fr\\\/produs\\\/gel-stimulant-limmunite-des-abeilles\\\/\",\"name\":\"Gel stimulant l'immunit\u00e9 des abeilles - BeeScience\",\"isPartOf\":{\"@id\":\"https:\\\/\\\/beescience.eu\\\/fr\\\/#website\"},\"primaryImageOfPage\":{\"@id\":\"https:\\\/\\\/beescience.eu\\\/fr\\\/produs\\\/gel-stimulant-limmunite-des-abeilles\\\/#primaryimage\"},\"image\":{\"@id\":\"https:\\\/\\\/beescience.eu\\\/fr\\\/produs\\\/gel-stimulant-limmunite-des-abeilles\\\/#primaryimage\"},\"thumbnailUrl\":\"https:\\\/\\\/beescience.eu\\\/wp-content\\\/uploads\\\/2025\\\/04\\\/bee-imunity-booster.png\",\"datePublished\":\"2025-04-16T05:29:57+00:00\",\"breadcrumb\":{\"@id\":\"https:\\\/\\\/beescience.eu\\\/fr\\\/produs\\\/gel-stimulant-limmunite-des-abeilles\\\/#breadcrumb\"},\"inLanguage\":\"fr-FR\",\"potentialAction\":[{\"@type\":\"ReadAction\",\"target\":[\"https:\\\/\\\/beescience.eu\\\/fr\\\/produs\\\/gel-stimulant-limmunite-des-abeilles\\\/\"]}]},{\"@type\":\"ImageObject\",\"inLanguage\":\"fr-FR\",\"@id\":\"https:\\\/\\\/beescience.eu\\\/fr\\\/produs\\\/gel-stimulant-limmunite-des-abeilles\\\/#primaryimage\",\"url\":\"https:\\\/\\\/beescience.eu\\\/wp-content\\\/uploads\\\/2025\\\/04\\\/bee-imunity-booster.png\",\"contentUrl\":\"https:\\\/\\\/beescience.eu\\\/wp-content\\\/uploads\\\/2025\\\/04\\\/bee-imunity-booster.png\",\"width\":1000,\"height\":1500},{\"@type\":\"BreadcrumbList\",\"@id\":\"https:\\\/\\\/beescience.eu\\\/fr\\\/produs\\\/gel-stimulant-limmunite-des-abeilles\\\/#breadcrumb\",\"itemListElement\":[{\"@type\":\"ListItem\",\"position\":1,\"name\":\"Prima pagin\u0103\",\"item\":\"https:\\\/\\\/beescience.eu\\\/fr\\\/\"},{\"@type\":\"ListItem\",\"position\":2,\"name\":\"Boutique\",\"item\":\"https:\\\/\\\/beescience.eu\\\/fr\\\/boutique\\\/\"},{\"@type\":\"ListItem\",\"position\":3,\"name\":\"Gel stimulant l&#8217;immunit\u00e9 des abeilles\"}]},{\"@type\":\"WebSite\",\"@id\":\"https:\\\/\\\/beescience.eu\\\/fr\\\/#website\",\"url\":\"https:\\\/\\\/beescience.eu\\\/fr\\\/\",\"name\":\"BeeScience\",\"description\":\"\",\"publisher\":{\"@id\":\"https:\\\/\\\/beescience.eu\\\/fr\\\/#organization\"},\"potentialAction\":[{\"@type\":\"SearchAction\",\"target\":{\"@type\":\"EntryPoint\",\"urlTemplate\":\"https:\\\/\\\/beescience.eu\\\/fr\\\/?s={search_term_string}\"},\"query-input\":{\"@type\":\"PropertyValueSpecification\",\"valueRequired\":true,\"valueName\":\"search_term_string\"}}],\"inLanguage\":\"fr-FR\"},{\"@type\":\"Organization\",\"@id\":\"https:\\\/\\\/beescience.eu\\\/fr\\\/#organization\",\"name\":\"BeeScience\",\"url\":\"https:\\\/\\\/beescience.eu\\\/fr\\\/\",\"logo\":{\"@type\":\"ImageObject\",\"inLanguage\":\"fr-FR\",\"@id\":\"https:\\\/\\\/beescience.eu\\\/fr\\\/#\\\/schema\\\/logo\\\/image\\\/\",\"url\":\"https:\\\/\\\/beescience.eu\\\/wp-content\\\/uploads\\\/2025\\\/05\\\/logo-simplu-dark.png\",\"contentUrl\":\"https:\\\/\\\/beescience.eu\\\/wp-content\\\/uploads\\\/2025\\\/05\\\/logo-simplu-dark.png\",\"width\":400,\"height\":150,\"caption\":\"BeeScience\"},\"image\":{\"@id\":\"https:\\\/\\\/beescience.eu\\\/fr\\\/#\\\/schema\\\/logo\\\/image\\\/\"}}]}<\/script>\n<!-- \/ Yoast SEO plugin. -->","yoast_head_json":{"title":"Gel stimulant l'immunit\u00e9 des abeilles - BeeScience","robots":{"index":"index","follow":"follow","max-snippet":"max-snippet:-1","max-image-preview":"max-image-preview:large","max-video-preview":"max-video-preview:-1"},"canonical":"https:\/\/beescience.eu\/fr\/produs\/gel-stimulant-limmunite-des-abeilles\/","og_locale":"fr_FR","og_type":"article","og_title":"Gel stimulant l'immunit\u00e9 des abeilles - BeeScience","og_description":"Protection avanc\u00e9e de la sant\u00e9 des abeilles gr\u00e2ce aux nanotechnologies ! Bee Immunity Booster Gel est un produit innovant, d\u00e9velopp\u00e9 \u00e0 l'aide de la nanotechnologie, qui prolonge l'esp\u00e9rance de vie des abeilles et les prot\u00e8ge contre les virus, les bact\u00e9ries et les champignons.","og_url":"https:\/\/beescience.eu\/fr\/produs\/gel-stimulant-limmunite-des-abeilles\/","og_site_name":"BeeScience","og_image":[{"width":1000,"height":1500,"url":"https:\/\/beescience.eu\/wp-content\/uploads\/2025\/04\/bee-imunity-booster.png","type":"image\/png"}],"twitter_card":"summary_large_image","schema":{"@context":"https:\/\/schema.org","@graph":[{"@type":"WebPage","@id":"https:\/\/beescience.eu\/fr\/produs\/gel-stimulant-limmunite-des-abeilles\/","url":"https:\/\/beescience.eu\/fr\/produs\/gel-stimulant-limmunite-des-abeilles\/","name":"Gel stimulant l'immunit\u00e9 des abeilles - BeeScience","isPartOf":{"@id":"https:\/\/beescience.eu\/fr\/#website"},"primaryImageOfPage":{"@id":"https:\/\/beescience.eu\/fr\/produs\/gel-stimulant-limmunite-des-abeilles\/#primaryimage"},"image":{"@id":"https:\/\/beescience.eu\/fr\/produs\/gel-stimulant-limmunite-des-abeilles\/#primaryimage"},"thumbnailUrl":"https:\/\/beescience.eu\/wp-content\/uploads\/2025\/04\/bee-imunity-booster.png","datePublished":"2025-04-16T05:29:57+00:00","breadcrumb":{"@id":"https:\/\/beescience.eu\/fr\/produs\/gel-stimulant-limmunite-des-abeilles\/#breadcrumb"},"inLanguage":"fr-FR","potentialAction":[{"@type":"ReadAction","target":["https:\/\/beescience.eu\/fr\/produs\/gel-stimulant-limmunite-des-abeilles\/"]}]},{"@type":"ImageObject","inLanguage":"fr-FR","@id":"https:\/\/beescience.eu\/fr\/produs\/gel-stimulant-limmunite-des-abeilles\/#primaryimage","url":"https:\/\/beescience.eu\/wp-content\/uploads\/2025\/04\/bee-imunity-booster.png","contentUrl":"https:\/\/beescience.eu\/wp-content\/uploads\/2025\/04\/bee-imunity-booster.png","width":1000,"height":1500},{"@type":"BreadcrumbList","@id":"https:\/\/beescience.eu\/fr\/produs\/gel-stimulant-limmunite-des-abeilles\/#breadcrumb","itemListElement":[{"@type":"ListItem","position":1,"name":"Prima pagin\u0103","item":"https:\/\/beescience.eu\/fr\/"},{"@type":"ListItem","position":2,"name":"Boutique","item":"https:\/\/beescience.eu\/fr\/boutique\/"},{"@type":"ListItem","position":3,"name":"Gel stimulant l&#8217;immunit\u00e9 des abeilles"}]},{"@type":"WebSite","@id":"https:\/\/beescience.eu\/fr\/#website","url":"https:\/\/beescience.eu\/fr\/","name":"BeeScience","description":"","publisher":{"@id":"https:\/\/beescience.eu\/fr\/#organization"},"potentialAction":[{"@type":"SearchAction","target":{"@type":"EntryPoint","urlTemplate":"https:\/\/beescience.eu\/fr\/?s={search_term_string}"},"query-input":{"@type":"PropertyValueSpecification","valueRequired":true,"valueName":"search_term_string"}}],"inLanguage":"fr-FR"},{"@type":"Organization","@id":"https:\/\/beescience.eu\/fr\/#organization","name":"BeeScience","url":"https:\/\/beescience.eu\/fr\/","logo":{"@type":"ImageObject","inLanguage":"fr-FR","@id":"https:\/\/beescience.eu\/fr\/#\/schema\/logo\/image\/","url":"https:\/\/beescience.eu\/wp-content\/uploads\/2025\/05\/logo-simplu-dark.png","contentUrl":"https:\/\/beescience.eu\/wp-content\/uploads\/2025\/05\/logo-simplu-dark.png","width":400,"height":150,"caption":"BeeScience"},"image":{"@id":"https:\/\/beescience.eu\/fr\/#\/schema\/logo\/image\/"}}]}},"_links":{"self":[{"href":"https:\/\/beescience.eu\/fr\/wp-json\/wp\/v2\/product\/7876","targetHints":{"allow":["GET"]}}],"collection":[{"href":"https:\/\/beescience.eu\/fr\/wp-json\/wp\/v2\/product"}],"about":[{"href":"https:\/\/beescience.eu\/fr\/wp-json\/wp\/v2\/types\/product"}],"replies":[{"embeddable":true,"href":"https:\/\/beescience.eu\/fr\/wp-json\/wp\/v2\/comments?post=7876"}],"version-history":[{"count":0,"href":"https:\/\/beescience.eu\/fr\/wp-json\/wp\/v2\/product\/7876\/revisions"}],"wp:featuredmedia":[{"embeddable":true,"href":"https:\/\/beescience.eu\/fr\/wp-json\/wp\/v2\/media\/3609"}],"wp:attachment":[{"href":"https:\/\/beescience.eu\/fr\/wp-json\/wp\/v2\/media?parent=7876"}],"wp:term":[{"taxonomy":"product_brand","embeddable":true,"href":"https:\/\/beescience.eu\/fr\/wp-json\/wp\/v2\/product_brand?post=7876"},{"taxonomy":"product_cat","embeddable":true,"href":"https:\/\/beescience.eu\/fr\/wp-json\/wp\/v2\/product_cat?post=7876"},{"taxonomy":"product_tag","embeddable":true,"href":"https:\/\/beescience.eu\/fr\/wp-json\/wp\/v2\/product_tag?post=7876"}],"curies":[{"name":"wp","href":"https:\/\/api.w.org\/{rel}","templated":true}]}}