{"id":7866,"date":"2025-04-16T05:25:37","date_gmt":"2025-04-16T05:25:37","guid":{"rendered":"https:\/\/beescience.eu\/produs\/remplacant-dapipollen\/"},"modified":"2025-04-16T05:25:37","modified_gmt":"2025-04-16T02:25:37","slug":"remplacant-dapipollen","status":"publish","type":"product","link":"https:\/\/beescience.eu\/fr\/produs\/remplacant-dapipollen\/","title":{"rendered":"Rempla\u00e7ant d&rsquo;Apipollen"},"content":{"rendered":"","protected":false},"excerpt":{"rendered":"<p><strong>Remplacement complet et complexe du pollen naturel !<\/strong> D\u00e9velopp\u00e9 par des experts en nutrition apicole, Apipollen Substitute incorporant <strong>58% de prot\u00e9ines brutes<\/strong> assure un d\u00e9veloppement optimal des colonies, quelles que soient les conditions climatiques.<\/p>\n","protected":false},"featured_media":3608,"comment_status":"open","ping_status":"closed","template":"","meta":[],"product_brand":[],"product_cat":[129],"product_tag":[],"class_list":{"0":"post-7866","1":"product","2":"type-product","3":"status-publish","4":"has-post-thumbnail","6":"product_cat-aliments-proteines","7":"pa_problema-abordata-corriger-les-carences-en-proteines","8":"pa_problema-abordata-developpement-de-la-famille-des-abeilles","9":"pa_problema-abordata-renforcer-la-reponse-immunitaire","10":"pa_sezon-automne","11":"pa_sezon-lete","12":"pa_sezon-printemps","14":"first","15":"instock","16":"shipping-taxable","17":"product-type-simple"},"yoast_head":"<!-- This site is optimized with the Yoast SEO plugin v27.4 - https:\/\/yoast.com\/product\/yoast-seo-wordpress\/ -->\n<title>Rempla\u00e7ant d&#039;Apipollen - BeeScience<\/title>\n<meta name=\"robots\" content=\"index, follow, max-snippet:-1, max-image-preview:large, max-video-preview:-1\" \/>\n<link rel=\"canonical\" href=\"https:\/\/beescience.eu\/fr\/produs\/remplacant-dapipollen\/\" \/>\n<meta property=\"og:locale\" content=\"fr_FR\" \/>\n<meta property=\"og:type\" content=\"article\" \/>\n<meta property=\"og:title\" content=\"Rempla\u00e7ant d&#039;Apipollen - BeeScience\" \/>\n<meta property=\"og:description\" content=\"Remplacement complet et complexe du pollen naturel ! D\u00e9velopp\u00e9 par des experts en nutrition apicole, Apipollen Substitute incorporant 58% de prot\u00e9ines brutes assure un d\u00e9veloppement optimal des colonies, quelles que soient les conditions climatiques.\" \/>\n<meta property=\"og:url\" content=\"https:\/\/beescience.eu\/fr\/produs\/remplacant-dapipollen\/\" \/>\n<meta property=\"og:site_name\" content=\"BeeScience\" \/>\n<meta name=\"twitter:card\" content=\"summary_large_image\" \/>\n<script type=\"application\/ld+json\" class=\"yoast-schema-graph\">{\"@context\":\"https:\\\/\\\/schema.org\",\"@graph\":[{\"@type\":\"WebPage\",\"@id\":\"https:\\\/\\\/beescience.eu\\\/fr\\\/produs\\\/remplacant-dapipollen\\\/\",\"url\":\"https:\\\/\\\/beescience.eu\\\/fr\\\/produs\\\/remplacant-dapipollen\\\/\",\"name\":\"Rempla\u00e7ant d'Apipollen - BeeScience\",\"isPartOf\":{\"@id\":\"https:\\\/\\\/beescience.eu\\\/fr\\\/#website\"},\"primaryImageOfPage\":{\"@id\":\"https:\\\/\\\/beescience.eu\\\/fr\\\/produs\\\/remplacant-dapipollen\\\/#primaryimage\"},\"image\":{\"@id\":\"https:\\\/\\\/beescience.eu\\\/fr\\\/produs\\\/remplacant-dapipollen\\\/#primaryimage\"},\"thumbnailUrl\":\"https:\\\/\\\/beescience.eu\\\/wp-content\\\/uploads\\\/2025\\\/04\\\/apipollen.png\",\"datePublished\":\"2025-04-16T05:25:37+00:00\",\"breadcrumb\":{\"@id\":\"https:\\\/\\\/beescience.eu\\\/fr\\\/produs\\\/remplacant-dapipollen\\\/#breadcrumb\"},\"inLanguage\":\"fr-FR\",\"potentialAction\":[{\"@type\":\"ReadAction\",\"target\":[\"https:\\\/\\\/beescience.eu\\\/fr\\\/produs\\\/remplacant-dapipollen\\\/\"]}]},{\"@type\":\"ImageObject\",\"inLanguage\":\"fr-FR\",\"@id\":\"https:\\\/\\\/beescience.eu\\\/fr\\\/produs\\\/remplacant-dapipollen\\\/#primaryimage\",\"url\":\"https:\\\/\\\/beescience.eu\\\/wp-content\\\/uploads\\\/2025\\\/04\\\/apipollen.png\",\"contentUrl\":\"https:\\\/\\\/beescience.eu\\\/wp-content\\\/uploads\\\/2025\\\/04\\\/apipollen.png\",\"width\":1000,\"height\":1500},{\"@type\":\"BreadcrumbList\",\"@id\":\"https:\\\/\\\/beescience.eu\\\/fr\\\/produs\\\/remplacant-dapipollen\\\/#breadcrumb\",\"itemListElement\":[{\"@type\":\"ListItem\",\"position\":1,\"name\":\"Prima pagin\u0103\",\"item\":\"https:\\\/\\\/beescience.eu\\\/fr\\\/\"},{\"@type\":\"ListItem\",\"position\":2,\"name\":\"Boutique\",\"item\":\"https:\\\/\\\/beescience.eu\\\/fr\\\/boutique\\\/\"},{\"@type\":\"ListItem\",\"position\":3,\"name\":\"Rempla\u00e7ant d&#8217;Apipollen\"}]},{\"@type\":\"WebSite\",\"@id\":\"https:\\\/\\\/beescience.eu\\\/fr\\\/#website\",\"url\":\"https:\\\/\\\/beescience.eu\\\/fr\\\/\",\"name\":\"BeeScience\",\"description\":\"\",\"publisher\":{\"@id\":\"https:\\\/\\\/beescience.eu\\\/fr\\\/#organization\"},\"potentialAction\":[{\"@type\":\"SearchAction\",\"target\":{\"@type\":\"EntryPoint\",\"urlTemplate\":\"https:\\\/\\\/beescience.eu\\\/fr\\\/?s={search_term_string}\"},\"query-input\":{\"@type\":\"PropertyValueSpecification\",\"valueRequired\":true,\"valueName\":\"search_term_string\"}}],\"inLanguage\":\"fr-FR\"},{\"@type\":\"Organization\",\"@id\":\"https:\\\/\\\/beescience.eu\\\/fr\\\/#organization\",\"name\":\"BeeScience\",\"url\":\"https:\\\/\\\/beescience.eu\\\/fr\\\/\",\"logo\":{\"@type\":\"ImageObject\",\"inLanguage\":\"fr-FR\",\"@id\":\"https:\\\/\\\/beescience.eu\\\/fr\\\/#\\\/schema\\\/logo\\\/image\\\/\",\"url\":\"https:\\\/\\\/beescience.eu\\\/wp-content\\\/uploads\\\/2025\\\/05\\\/logo-simplu-dark.png\",\"contentUrl\":\"https:\\\/\\\/beescience.eu\\\/wp-content\\\/uploads\\\/2025\\\/05\\\/logo-simplu-dark.png\",\"width\":400,\"height\":150,\"caption\":\"BeeScience\"},\"image\":{\"@id\":\"https:\\\/\\\/beescience.eu\\\/fr\\\/#\\\/schema\\\/logo\\\/image\\\/\"}}]}<\/script>\n<!-- \/ Yoast SEO plugin. -->","yoast_head_json":{"title":"Rempla\u00e7ant d'Apipollen - BeeScience","robots":{"index":"index","follow":"follow","max-snippet":"max-snippet:-1","max-image-preview":"max-image-preview:large","max-video-preview":"max-video-preview:-1"},"canonical":"https:\/\/beescience.eu\/fr\/produs\/remplacant-dapipollen\/","og_locale":"fr_FR","og_type":"article","og_title":"Rempla\u00e7ant d'Apipollen - BeeScience","og_description":"Remplacement complet et complexe du pollen naturel ! D\u00e9velopp\u00e9 par des experts en nutrition apicole, Apipollen Substitute incorporant 58% de prot\u00e9ines brutes assure un d\u00e9veloppement optimal des colonies, quelles que soient les conditions climatiques.","og_url":"https:\/\/beescience.eu\/fr\/produs\/remplacant-dapipollen\/","og_site_name":"BeeScience","twitter_card":"summary_large_image","schema":{"@context":"https:\/\/schema.org","@graph":[{"@type":"WebPage","@id":"https:\/\/beescience.eu\/fr\/produs\/remplacant-dapipollen\/","url":"https:\/\/beescience.eu\/fr\/produs\/remplacant-dapipollen\/","name":"Rempla\u00e7ant d'Apipollen - BeeScience","isPartOf":{"@id":"https:\/\/beescience.eu\/fr\/#website"},"primaryImageOfPage":{"@id":"https:\/\/beescience.eu\/fr\/produs\/remplacant-dapipollen\/#primaryimage"},"image":{"@id":"https:\/\/beescience.eu\/fr\/produs\/remplacant-dapipollen\/#primaryimage"},"thumbnailUrl":"https:\/\/beescience.eu\/wp-content\/uploads\/2025\/04\/apipollen.png","datePublished":"2025-04-16T05:25:37+00:00","breadcrumb":{"@id":"https:\/\/beescience.eu\/fr\/produs\/remplacant-dapipollen\/#breadcrumb"},"inLanguage":"fr-FR","potentialAction":[{"@type":"ReadAction","target":["https:\/\/beescience.eu\/fr\/produs\/remplacant-dapipollen\/"]}]},{"@type":"ImageObject","inLanguage":"fr-FR","@id":"https:\/\/beescience.eu\/fr\/produs\/remplacant-dapipollen\/#primaryimage","url":"https:\/\/beescience.eu\/wp-content\/uploads\/2025\/04\/apipollen.png","contentUrl":"https:\/\/beescience.eu\/wp-content\/uploads\/2025\/04\/apipollen.png","width":1000,"height":1500},{"@type":"BreadcrumbList","@id":"https:\/\/beescience.eu\/fr\/produs\/remplacant-dapipollen\/#breadcrumb","itemListElement":[{"@type":"ListItem","position":1,"name":"Prima pagin\u0103","item":"https:\/\/beescience.eu\/fr\/"},{"@type":"ListItem","position":2,"name":"Boutique","item":"https:\/\/beescience.eu\/fr\/boutique\/"},{"@type":"ListItem","position":3,"name":"Rempla\u00e7ant d&#8217;Apipollen"}]},{"@type":"WebSite","@id":"https:\/\/beescience.eu\/fr\/#website","url":"https:\/\/beescience.eu\/fr\/","name":"BeeScience","description":"","publisher":{"@id":"https:\/\/beescience.eu\/fr\/#organization"},"potentialAction":[{"@type":"SearchAction","target":{"@type":"EntryPoint","urlTemplate":"https:\/\/beescience.eu\/fr\/?s={search_term_string}"},"query-input":{"@type":"PropertyValueSpecification","valueRequired":true,"valueName":"search_term_string"}}],"inLanguage":"fr-FR"},{"@type":"Organization","@id":"https:\/\/beescience.eu\/fr\/#organization","name":"BeeScience","url":"https:\/\/beescience.eu\/fr\/","logo":{"@type":"ImageObject","inLanguage":"fr-FR","@id":"https:\/\/beescience.eu\/fr\/#\/schema\/logo\/image\/","url":"https:\/\/beescience.eu\/wp-content\/uploads\/2025\/05\/logo-simplu-dark.png","contentUrl":"https:\/\/beescience.eu\/wp-content\/uploads\/2025\/05\/logo-simplu-dark.png","width":400,"height":150,"caption":"BeeScience"},"image":{"@id":"https:\/\/beescience.eu\/fr\/#\/schema\/logo\/image\/"}}]}},"_links":{"self":[{"href":"https:\/\/beescience.eu\/fr\/wp-json\/wp\/v2\/product\/7866","targetHints":{"allow":["GET"]}}],"collection":[{"href":"https:\/\/beescience.eu\/fr\/wp-json\/wp\/v2\/product"}],"about":[{"href":"https:\/\/beescience.eu\/fr\/wp-json\/wp\/v2\/types\/product"}],"replies":[{"embeddable":true,"href":"https:\/\/beescience.eu\/fr\/wp-json\/wp\/v2\/comments?post=7866"}],"version-history":[{"count":0,"href":"https:\/\/beescience.eu\/fr\/wp-json\/wp\/v2\/product\/7866\/revisions"}],"wp:featuredmedia":[{"embeddable":true,"href":"https:\/\/beescience.eu\/fr\/wp-json\/wp\/v2\/media\/3608"}],"wp:attachment":[{"href":"https:\/\/beescience.eu\/fr\/wp-json\/wp\/v2\/media?parent=7866"}],"wp:term":[{"taxonomy":"product_brand","embeddable":true,"href":"https:\/\/beescience.eu\/fr\/wp-json\/wp\/v2\/product_brand?post=7866"},{"taxonomy":"product_cat","embeddable":true,"href":"https:\/\/beescience.eu\/fr\/wp-json\/wp\/v2\/product_cat?post=7866"},{"taxonomy":"product_tag","embeddable":true,"href":"https:\/\/beescience.eu\/fr\/wp-json\/wp\/v2\/product_tag?post=7866"}],"curies":[{"name":"wp","href":"https:\/\/api.w.org\/{rel}","templated":true}]}}