{"id":7865,"date":"2025-03-14T13:34:26","date_gmt":"2025-03-14T11:34:26","guid":{"rendered":"https:\/\/beescience.eu\/produs\/gateau-eponge-super-proteine\/"},"modified":"2025-03-14T13:34:26","modified_gmt":"2025-03-14T11:34:26","slug":"gateau-eponge-super-proteine","status":"publish","type":"product","link":"https:\/\/beescience.eu\/fr\/produs\/gateau-eponge-super-proteine\/","title":{"rendered":"G\u00e2teau \u00e9ponge super prot\u00e9in\u00e9"},"content":{"rendered":"","protected":false},"excerpt":{"rendered":"<p><strong>Advanced Dulcofruct Bee Nutrition Science Dulcofruct formula<\/strong> &#8211; Cr\u00e9\u00e9 sp\u00e9cifiquement pour revitaliser les colonies, quel que soit leur \u00e9tat.<\/p>\n","protected":false},"featured_media":2232,"comment_status":"closed","ping_status":"closed","template":"","meta":[],"product_brand":[],"product_cat":[129],"product_tag":[],"class_list":{"0":"post-7865","1":"product","2":"type-product","3":"status-publish","4":"has-post-thumbnail","6":"product_cat-aliments-proteines","7":"pa_problema-abordata-corriger-les-carences-en-proteines","8":"pa_problema-abordata-developpement-de-la-famille-des-abeilles","9":"pa_problema-abordata-renforcer-la-reponse-immunitaire","10":"pa_sezon-automne","11":"pa_sezon-printemps","13":"first","14":"instock","15":"shipping-taxable","16":"product-type-simple"},"yoast_head":"<!-- This site is optimized with the Yoast SEO plugin v27.4 - https:\/\/yoast.com\/product\/yoast-seo-wordpress\/ -->\n<title>G\u00e2teau \u00e9ponge super prot\u00e9in\u00e9 - BeeScience<\/title>\n<meta name=\"robots\" content=\"index, follow, max-snippet:-1, max-image-preview:large, max-video-preview:-1\" \/>\n<link rel=\"canonical\" href=\"https:\/\/beescience.eu\/fr\/produs\/gateau-eponge-super-proteine\/\" \/>\n<meta property=\"og:locale\" content=\"fr_FR\" \/>\n<meta property=\"og:type\" content=\"article\" \/>\n<meta property=\"og:title\" content=\"G\u00e2teau \u00e9ponge super prot\u00e9in\u00e9 - BeeScience\" \/>\n<meta property=\"og:description\" content=\"Advanced Dulcofruct Bee Nutrition Science Dulcofruct formula - Cr\u00e9\u00e9 sp\u00e9cifiquement pour revitaliser les colonies, quel que soit leur \u00e9tat.\" \/>\n<meta property=\"og:url\" content=\"https:\/\/beescience.eu\/fr\/produs\/gateau-eponge-super-proteine\/\" \/>\n<meta property=\"og:site_name\" content=\"BeeScience\" \/>\n<meta name=\"twitter:card\" content=\"summary_large_image\" \/>\n<script type=\"application\/ld+json\" class=\"yoast-schema-graph\">{\"@context\":\"https:\\\/\\\/schema.org\",\"@graph\":[{\"@type\":\"WebPage\",\"@id\":\"https:\\\/\\\/beescience.eu\\\/fr\\\/produs\\\/gateau-eponge-super-proteine\\\/\",\"url\":\"https:\\\/\\\/beescience.eu\\\/fr\\\/produs\\\/gateau-eponge-super-proteine\\\/\",\"name\":\"G\u00e2teau \u00e9ponge super prot\u00e9in\u00e9 - BeeScience\",\"isPartOf\":{\"@id\":\"https:\\\/\\\/beescience.eu\\\/fr\\\/#website\"},\"primaryImageOfPage\":{\"@id\":\"https:\\\/\\\/beescience.eu\\\/fr\\\/produs\\\/gateau-eponge-super-proteine\\\/#primaryimage\"},\"image\":{\"@id\":\"https:\\\/\\\/beescience.eu\\\/fr\\\/produs\\\/gateau-eponge-super-proteine\\\/#primaryimage\"},\"thumbnailUrl\":\"https:\\\/\\\/beescience.eu\\\/wp-content\\\/uploads\\\/2025\\\/03\\\/candy-board-super-protein.png\",\"datePublished\":\"2025-03-14T11:34:26+00:00\",\"breadcrumb\":{\"@id\":\"https:\\\/\\\/beescience.eu\\\/fr\\\/produs\\\/gateau-eponge-super-proteine\\\/#breadcrumb\"},\"inLanguage\":\"fr-FR\",\"potentialAction\":[{\"@type\":\"ReadAction\",\"target\":[\"https:\\\/\\\/beescience.eu\\\/fr\\\/produs\\\/gateau-eponge-super-proteine\\\/\"]}]},{\"@type\":\"ImageObject\",\"inLanguage\":\"fr-FR\",\"@id\":\"https:\\\/\\\/beescience.eu\\\/fr\\\/produs\\\/gateau-eponge-super-proteine\\\/#primaryimage\",\"url\":\"https:\\\/\\\/beescience.eu\\\/wp-content\\\/uploads\\\/2025\\\/03\\\/candy-board-super-protein.png\",\"contentUrl\":\"https:\\\/\\\/beescience.eu\\\/wp-content\\\/uploads\\\/2025\\\/03\\\/candy-board-super-protein.png\",\"width\":1000,\"height\":1500,\"caption\":\"candy super protein\"},{\"@type\":\"BreadcrumbList\",\"@id\":\"https:\\\/\\\/beescience.eu\\\/fr\\\/produs\\\/gateau-eponge-super-proteine\\\/#breadcrumb\",\"itemListElement\":[{\"@type\":\"ListItem\",\"position\":1,\"name\":\"Prima pagin\u0103\",\"item\":\"https:\\\/\\\/beescience.eu\\\/fr\\\/\"},{\"@type\":\"ListItem\",\"position\":2,\"name\":\"Boutique\",\"item\":\"https:\\\/\\\/beescience.eu\\\/fr\\\/boutique\\\/\"},{\"@type\":\"ListItem\",\"position\":3,\"name\":\"G\u00e2teau \u00e9ponge super prot\u00e9in\u00e9\"}]},{\"@type\":\"WebSite\",\"@id\":\"https:\\\/\\\/beescience.eu\\\/fr\\\/#website\",\"url\":\"https:\\\/\\\/beescience.eu\\\/fr\\\/\",\"name\":\"BeeScience\",\"description\":\"\",\"publisher\":{\"@id\":\"https:\\\/\\\/beescience.eu\\\/fr\\\/#organization\"},\"potentialAction\":[{\"@type\":\"SearchAction\",\"target\":{\"@type\":\"EntryPoint\",\"urlTemplate\":\"https:\\\/\\\/beescience.eu\\\/fr\\\/?s={search_term_string}\"},\"query-input\":{\"@type\":\"PropertyValueSpecification\",\"valueRequired\":true,\"valueName\":\"search_term_string\"}}],\"inLanguage\":\"fr-FR\"},{\"@type\":\"Organization\",\"@id\":\"https:\\\/\\\/beescience.eu\\\/fr\\\/#organization\",\"name\":\"BeeScience\",\"url\":\"https:\\\/\\\/beescience.eu\\\/fr\\\/\",\"logo\":{\"@type\":\"ImageObject\",\"inLanguage\":\"fr-FR\",\"@id\":\"https:\\\/\\\/beescience.eu\\\/fr\\\/#\\\/schema\\\/logo\\\/image\\\/\",\"url\":\"https:\\\/\\\/beescience.eu\\\/wp-content\\\/uploads\\\/2025\\\/05\\\/logo-simplu-dark.png\",\"contentUrl\":\"https:\\\/\\\/beescience.eu\\\/wp-content\\\/uploads\\\/2025\\\/05\\\/logo-simplu-dark.png\",\"width\":400,\"height\":150,\"caption\":\"BeeScience\"},\"image\":{\"@id\":\"https:\\\/\\\/beescience.eu\\\/fr\\\/#\\\/schema\\\/logo\\\/image\\\/\"}}]}<\/script>\n<!-- \/ Yoast SEO plugin. -->","yoast_head_json":{"title":"G\u00e2teau \u00e9ponge super prot\u00e9in\u00e9 - BeeScience","robots":{"index":"index","follow":"follow","max-snippet":"max-snippet:-1","max-image-preview":"max-image-preview:large","max-video-preview":"max-video-preview:-1"},"canonical":"https:\/\/beescience.eu\/fr\/produs\/gateau-eponge-super-proteine\/","og_locale":"fr_FR","og_type":"article","og_title":"G\u00e2teau \u00e9ponge super prot\u00e9in\u00e9 - BeeScience","og_description":"Advanced Dulcofruct Bee Nutrition Science Dulcofruct formula - Cr\u00e9\u00e9 sp\u00e9cifiquement pour revitaliser les colonies, quel que soit leur \u00e9tat.","og_url":"https:\/\/beescience.eu\/fr\/produs\/gateau-eponge-super-proteine\/","og_site_name":"BeeScience","twitter_card":"summary_large_image","schema":{"@context":"https:\/\/schema.org","@graph":[{"@type":"WebPage","@id":"https:\/\/beescience.eu\/fr\/produs\/gateau-eponge-super-proteine\/","url":"https:\/\/beescience.eu\/fr\/produs\/gateau-eponge-super-proteine\/","name":"G\u00e2teau \u00e9ponge super prot\u00e9in\u00e9 - BeeScience","isPartOf":{"@id":"https:\/\/beescience.eu\/fr\/#website"},"primaryImageOfPage":{"@id":"https:\/\/beescience.eu\/fr\/produs\/gateau-eponge-super-proteine\/#primaryimage"},"image":{"@id":"https:\/\/beescience.eu\/fr\/produs\/gateau-eponge-super-proteine\/#primaryimage"},"thumbnailUrl":"https:\/\/beescience.eu\/wp-content\/uploads\/2025\/03\/candy-board-super-protein.png","datePublished":"2025-03-14T11:34:26+00:00","breadcrumb":{"@id":"https:\/\/beescience.eu\/fr\/produs\/gateau-eponge-super-proteine\/#breadcrumb"},"inLanguage":"fr-FR","potentialAction":[{"@type":"ReadAction","target":["https:\/\/beescience.eu\/fr\/produs\/gateau-eponge-super-proteine\/"]}]},{"@type":"ImageObject","inLanguage":"fr-FR","@id":"https:\/\/beescience.eu\/fr\/produs\/gateau-eponge-super-proteine\/#primaryimage","url":"https:\/\/beescience.eu\/wp-content\/uploads\/2025\/03\/candy-board-super-protein.png","contentUrl":"https:\/\/beescience.eu\/wp-content\/uploads\/2025\/03\/candy-board-super-protein.png","width":1000,"height":1500,"caption":"candy super protein"},{"@type":"BreadcrumbList","@id":"https:\/\/beescience.eu\/fr\/produs\/gateau-eponge-super-proteine\/#breadcrumb","itemListElement":[{"@type":"ListItem","position":1,"name":"Prima pagin\u0103","item":"https:\/\/beescience.eu\/fr\/"},{"@type":"ListItem","position":2,"name":"Boutique","item":"https:\/\/beescience.eu\/fr\/boutique\/"},{"@type":"ListItem","position":3,"name":"G\u00e2teau \u00e9ponge super prot\u00e9in\u00e9"}]},{"@type":"WebSite","@id":"https:\/\/beescience.eu\/fr\/#website","url":"https:\/\/beescience.eu\/fr\/","name":"BeeScience","description":"","publisher":{"@id":"https:\/\/beescience.eu\/fr\/#organization"},"potentialAction":[{"@type":"SearchAction","target":{"@type":"EntryPoint","urlTemplate":"https:\/\/beescience.eu\/fr\/?s={search_term_string}"},"query-input":{"@type":"PropertyValueSpecification","valueRequired":true,"valueName":"search_term_string"}}],"inLanguage":"fr-FR"},{"@type":"Organization","@id":"https:\/\/beescience.eu\/fr\/#organization","name":"BeeScience","url":"https:\/\/beescience.eu\/fr\/","logo":{"@type":"ImageObject","inLanguage":"fr-FR","@id":"https:\/\/beescience.eu\/fr\/#\/schema\/logo\/image\/","url":"https:\/\/beescience.eu\/wp-content\/uploads\/2025\/05\/logo-simplu-dark.png","contentUrl":"https:\/\/beescience.eu\/wp-content\/uploads\/2025\/05\/logo-simplu-dark.png","width":400,"height":150,"caption":"BeeScience"},"image":{"@id":"https:\/\/beescience.eu\/fr\/#\/schema\/logo\/image\/"}}]}},"_links":{"self":[{"href":"https:\/\/beescience.eu\/fr\/wp-json\/wp\/v2\/product\/7865","targetHints":{"allow":["GET"]}}],"collection":[{"href":"https:\/\/beescience.eu\/fr\/wp-json\/wp\/v2\/product"}],"about":[{"href":"https:\/\/beescience.eu\/fr\/wp-json\/wp\/v2\/types\/product"}],"replies":[{"embeddable":true,"href":"https:\/\/beescience.eu\/fr\/wp-json\/wp\/v2\/comments?post=7865"}],"version-history":[{"count":0,"href":"https:\/\/beescience.eu\/fr\/wp-json\/wp\/v2\/product\/7865\/revisions"}],"wp:featuredmedia":[{"embeddable":true,"href":"https:\/\/beescience.eu\/fr\/wp-json\/wp\/v2\/media\/2232"}],"wp:attachment":[{"href":"https:\/\/beescience.eu\/fr\/wp-json\/wp\/v2\/media?parent=7865"}],"wp:term":[{"taxonomy":"product_brand","embeddable":true,"href":"https:\/\/beescience.eu\/fr\/wp-json\/wp\/v2\/product_brand?post=7865"},{"taxonomy":"product_cat","embeddable":true,"href":"https:\/\/beescience.eu\/fr\/wp-json\/wp\/v2\/product_cat?post=7865"},{"taxonomy":"product_tag","embeddable":true,"href":"https:\/\/beescience.eu\/fr\/wp-json\/wp\/v2\/product_tag?post=7865"}],"curies":[{"name":"wp","href":"https:\/\/api.w.org\/{rel}","templated":true}]}}