{"id":7860,"date":"2025-07-17T13:26:24","date_gmt":"2025-07-17T10:26:24","guid":{"rendered":"https:\/\/beescience.eu\/conditions-dutilisation\/"},"modified":"2025-08-08T10:06:32","modified_gmt":"2025-08-08T07:06:32","slug":"conditions-dutilisation","status":"publish","type":"page","link":"https:\/\/beescience.eu\/fr\/conditions-dutilisation\/","title":{"rendered":"Conditions d&rsquo;utilisation"},"content":{"rendered":"\t\t<div data-elementor-type=\"wp-page\" data-elementor-id=\"7860\" class=\"elementor elementor-7860 elementor-4690\" data-elementor-post-type=\"page\">\n\t\t\t\t<div class=\"wd-negative-gap elementor-element elementor-element-20a27e2 wd-section-stretch e-flex e-con-boxed e-con e-parent\" data-id=\"20a27e2\" data-element_type=\"container\" data-e-type=\"container\" data-settings=\"{&quot;background_background&quot;:&quot;classic&quot;}\">\n\t\t\t\t\t<div class=\"e-con-inner\">\n\t\t<div class=\"elementor-element elementor-element-cc15514 e-con-full e-flex e-con e-child\" data-id=\"cc15514\" data-element_type=\"container\" data-e-type=\"container\" data-settings=\"{&quot;background_background&quot;:&quot;classic&quot;}\">\n\t\t\t\t<div class=\"elementor-element elementor-element-5410d77 elementor-widget elementor-widget-heading\" data-id=\"5410d77\" data-element_type=\"widget\" data-e-type=\"widget\" data-widget_type=\"heading.default\">\n\t\t\t\t<div class=\"elementor-widget-container\">\n\t\t\t\t\t<h1 class=\"elementor-heading-title elementor-size-default\">Conditions d'utilisation<\/h1>\t\t\t\t<\/div>\n\t\t\t\t<\/div>\n\t\t\t\t<\/div>\n\t\t\t\t\t<\/div>\n\t\t\t\t<\/div>\n\t\t<div class=\"elementor-element elementor-element-4703185 e-con-full e-flex e-con e-parent\" data-id=\"4703185\" data-element_type=\"container\" data-e-type=\"container\">\n\t\t\t\t<div class=\"elementor-element elementor-element-f1145d1 color-scheme-inherit text-left elementor-widget elementor-widget-text-editor\" data-id=\"f1145d1\" data-element_type=\"widget\" data-e-type=\"widget\" data-widget_type=\"text-editor.default\">\n\t\t\t\t<div class=\"elementor-widget-container\">\n\t\t\t\t\t\t\t\t\t<p>A l&rsquo;adresse <strong><a href=\"https:\/\/beescience.eu\/fr\/\">www.beescience.eu<\/a><\/strong> vous trouverez des informations (textes, photos, bases de donn\u00e9es, etc.) qui constituent le contenu du site web <strong><a href=\"https:\/\/beescience.eu\/fr\/\">www.beescience.eu<\/a><\/strong>Le contenu du site est la propri\u00e9t\u00e9 de <strong>CIRAST SRL<\/strong>, dont le si\u00e8ge social est situ\u00e9 en <strong>Roumanie, Comt\u00e9 de Vrancea, Village Gole\u0219tii de Sus<\/strong>, <strong>CUI 14279860,<\/strong> avec le num\u00e9ro d&rsquo;enregistrement <strong>J2001000382392<\/strong>. Toute utilisation du contenu (en tout ou en partie) \u00e0 des fins autres que l&rsquo;int\u00e9r\u00eat personnel est punissable en vertu de la l\u00e9gislation sur les droits de propri\u00e9t\u00e9 intellectuelle.<br>Les informations fournies sur ce site web sont en roumain (<strong><a href=\"https:\/\/beescience.eu\/fr\/\">www.beescience.eu<\/a><\/strong>), sans exclure sa pr\u00e9sentation dans d&rsquo;autres langues. <br>L<strong>&lsquo;utilisation du site web <a href=\"https:\/\/beescience.eu\/fr\/\">www.beescience.eu<\/a> implique l&rsquo;acceptation des termes et conditions qui seront d\u00e9taill\u00e9s dans les paragraphes suivants.<\/strong><br>Afin d&rsquo;utiliser au mieux le site web, il est recommand\u00e9 de lire attentivement les termes et conditions.<br><strong>CIRAST SRL<\/strong> se r\u00e9serve le droit de modifier ces dispositions sans pr\u00e9avis. Lorsque vous acc\u00e9dez \u00e0 cette section du site web (conditions g\u00e9n\u00e9rales), vous consultez la version la plus r\u00e9cente de ce contrat. <\/p>\t\t\t\t\t\t\t\t<\/div>\n\t\t\t\t<\/div>\n\t\t\t\t<div class=\"elementor-element elementor-element-1d00c95 elementor-widget elementor-widget-heading\" data-id=\"1d00c95\" data-element_type=\"widget\" data-e-type=\"widget\" data-widget_type=\"heading.default\">\n\t\t\t\t<div class=\"elementor-widget-container\">\n\t\t\t\t\t<h2 class=\"elementor-heading-title elementor-size-default\">1. Limitation de la responsabilit\u00e9<\/h2>\t\t\t\t<\/div>\n\t\t\t\t<\/div>\n\t\t\t\t<div class=\"elementor-element elementor-element-e439f21 color-scheme-inherit text-left elementor-widget elementor-widget-text-editor\" data-id=\"e439f21\" data-element_type=\"widget\" data-e-type=\"widget\" data-widget_type=\"text-editor.default\">\n\t\t\t\t<div class=\"elementor-widget-container\">\n\t\t\t\t\t\t\t\t\t<p>En acc\u00e9dant au site web, vous acceptez de l&rsquo;utiliser \u00e0 vos propres risques. <strong><a href=\"https:\/\/beescience.eu\/fr\/\">www.beescience.eu<\/a><\/strong> ne pourra \u00eatre tenu responsable de tout incident direct ou indirect ou de toute autre perte, co\u00fbt ou d\u00e9pense de quelque nature que ce soit qui pourrait r\u00e9sulter de l&rsquo;acc\u00e8s ou de la navigation sur le site ou du t\u00e9l\u00e9chargement de donn\u00e9es (texte, images, vid\u00e9o ou audio).<br>Contenu du site <strong><a href=\"https:\/\/beescience.eu\/fr\/\">www.beescience.eu<\/a><\/strong> a \u00e9t\u00e9 \u00e9labor\u00e9 avec le plus grand soin afin de garantir la saisie correcte des donn\u00e9es et l&rsquo;exactitude des informations. Cependant, les erreurs ne sont pas impossibles. Par cons\u00e9quent, <strong>CIRAST SRL<\/strong>  <strong> <\/strong>n&rsquo;accepte aucune responsabilit\u00e9 pour les erreurs typographiques ou d&rsquo;affichage, en ce qui concerne les images, les caract\u00e9ristiques, etc.<br><strong>CIRAST SRL<\/strong> n&rsquo;est pas responsable des dommages caus\u00e9s par des virus, des bogues, des actions humaines ou tout dysfonctionnement du syst\u00e8me informatique, ou toute autre erreur, dysfonctionnement ou retard de communication dans les transmissions sur les appareils.<br>Toutes les informations et tous les mat\u00e9riaux contenus dans ce site sont fournis gratuitement sans aucune garantie de quelque nature que ce soit. En aucun cas <strong>CIRAST SRL<\/strong> ne sera responsable des dommages directs, indirects, accessoires ou sp\u00e9ciaux r\u00e9sultant de l&rsquo;utilisation ou de l&rsquo;impossibilit\u00e9 d&rsquo;utiliser ce site et ne sera pas responsable des dommages, quels qu&rsquo;ils soient, r\u00e9sultant d&rsquo;erreurs, d&rsquo;omissions, d&rsquo;interruptions, d&rsquo;erreurs, de dysfonctionnements, de retards dans l&rsquo;exploitation ou la transmission ou de toute d\u00e9faillance de performance du site.<br>En acc\u00e9dant au site, le visiteur accepte express\u00e9ment et sans \u00e9quivoque les <strong>conditions g\u00e9n\u00e9rales du<\/strong> site et les conditions dans lesquelles se d\u00e9roule le processus de contact et\/ou de demande de renseignements, telles qu&rsquo;elles sont \u00e9nonc\u00e9es sur le site. <\/p>\t\t\t\t\t\t\t\t<\/div>\n\t\t\t\t<\/div>\n\t\t\t\t<div class=\"elementor-element elementor-element-ed63862 elementor-widget elementor-widget-heading\" data-id=\"ed63862\" data-element_type=\"widget\" data-e-type=\"widget\" data-widget_type=\"heading.default\">\n\t\t\t\t<div class=\"elementor-widget-container\">\n\t\t\t\t\t<h2 class=\"elementor-heading-title elementor-size-default\">2. Publicit\u00e9 et confidentialit\u00e9<\/h2>\t\t\t\t<\/div>\n\t\t\t\t<\/div>\n\t\t\t\t<div class=\"elementor-element elementor-element-2287ba5 color-scheme-inherit text-left elementor-widget elementor-widget-text-editor\" data-id=\"2287ba5\" data-element_type=\"widget\" data-e-type=\"widget\" data-widget_type=\"text-editor.default\">\n\t\t\t\t<div class=\"elementor-widget-container\">\n\t\t\t\t\t\t\t\t\t<p><strong>L&rsquo;utilisateur ne divulguera pas \u00e0 des tiers, par quelque moyen que ce soit, les informations priv\u00e9es re\u00e7ues de CIRAST SRL, sous peine de devoir payer des dommages et int\u00e9r\u00eats.<\/strong><br><strong>CIRAST SRL<\/strong> ne divulguera pas<strong>non plus<\/strong> \u00e0 des tiers les informations transmises sans le consentement \u00e9crit de l&rsquo;utilisateur, sauf aux partenaires autoris\u00e9s, aux fournisseurs de services avec lesquels il existe un contrat prot\u00e9geant ces donn\u00e9es.<strong><br><a href=\"https:\/\/beescience.eu\/fr\/politique-de-confidentialite\/\">Lire le document sur la politique de confidentialit\u00e9<\/a>.<\/strong><\/p>\t\t\t\t\t\t\t\t<\/div>\n\t\t\t\t<\/div>\n\t\t\t\t<div class=\"elementor-element elementor-element-8135069 elementor-widget elementor-widget-heading\" data-id=\"8135069\" data-element_type=\"widget\" data-e-type=\"widget\" data-widget_type=\"heading.default\">\n\t\t\t\t<div class=\"elementor-widget-container\">\n\t\t\t\t\t<h2 class=\"elementor-heading-title elementor-size-default\">3. Liens<\/h2>\t\t\t\t<\/div>\n\t\t\t\t<\/div>\n\t\t\t\t<div class=\"elementor-element elementor-element-c72d56c color-scheme-inherit text-left elementor-widget elementor-widget-text-editor\" data-id=\"c72d56c\" data-element_type=\"widget\" data-e-type=\"widget\" data-widget_type=\"text-editor.default\">\n\t\t\t\t<div class=\"elementor-widget-container\">\n\t\t\t\t\t\t\t\t\t<p>Site web <strong><a href=\"https:\/\/beescience.eu\/fr\/\">www.beescience.eu<\/a><\/strong> peut contenir des liens vers d&rsquo;autres sites web ou d&rsquo;autres sources. <strong>CIRAST SRL<\/strong> n&rsquo;est pas responsable des dommages ou pertes caus\u00e9s ou pr\u00e9tendus caus\u00e9s par les informations fournies par les sites ou sources li\u00e9s.<\/p>\t\t\t\t\t\t\t\t<\/div>\n\t\t\t\t<\/div>\n\t\t\t\t<div class=\"elementor-element elementor-element-c2c7250 elementor-widget elementor-widget-heading\" data-id=\"c2c7250\" data-element_type=\"widget\" data-e-type=\"widget\" data-widget_type=\"heading.default\">\n\t\t\t\t<div class=\"elementor-widget-container\">\n\t\t\t\t\t<h2 class=\"elementor-heading-title elementor-size-default\">4. La fraude<\/h2>\t\t\t\t<\/div>\n\t\t\t\t<\/div>\n\t\t\t\t<div class=\"elementor-element elementor-element-bb81f97 color-scheme-inherit text-left elementor-widget elementor-widget-text-editor\" data-id=\"bb81f97\" data-element_type=\"widget\" data-e-type=\"widget\" data-widget_type=\"text-editor.default\">\n\t\t\t\t<div class=\"elementor-widget-container\">\n\t\t\t\t\t\t\t\t\t<p>TOUTE TENTATIVE D&rsquo;ACC\u00c8S AUX DONN\u00c9ES PERSONNELLES D&rsquo;UN AUTRE UTILISATEUR, DE MODIFICATION DU CONTENU DU SITE <strong><a href=\"https:\/\/beescience.eu\/fr\/\">WWW.BEESCIENCE.EU<\/a><\/strong><br> OU D&rsquo;INTERF\u00c9RER AVEC LE FONCTIONNEMENT DU SERVEUR H\u00c9BERGEANT LE SITE WWW.BEESCIENCE.EU. <strong><a href=\"https:\/\/beescience.eu\/fr\/\">WWW.BEESCIENCE.EU<\/a><\/strong> SERA CONSID\u00c9R\u00c9E COMME UNE TENTATIVE DE FRAUDE AU SITE ET ENTRA\u00ceNERA DES POURSUITES P\u00c9NALES \u00c0 L&rsquo;ENCONTRE DU OU DES AUTEURS DE CES ACTES.<\/p>\t\t\t\t\t\t\t\t<\/div>\n\t\t\t\t<\/div>\n\t\t\t\t<div class=\"elementor-element elementor-element-8147bff elementor-widget elementor-widget-heading\" data-id=\"8147bff\" data-element_type=\"widget\" data-e-type=\"widget\" data-widget_type=\"heading.default\">\n\t\t\t\t<div class=\"elementor-widget-container\">\n\t\t\t\t\t<h2 class=\"elementor-heading-title elementor-size-default\">5. S\u00e9curit\u00e9 des donn\u00e9es personnelles et des informations<\/h2>\t\t\t\t<\/div>\n\t\t\t\t<\/div>\n\t\t\t\t<div class=\"elementor-element elementor-element-6fb408a color-scheme-inherit text-left elementor-widget elementor-widget-text-editor\" data-id=\"6fb408a\" data-element_type=\"widget\" data-e-type=\"widget\" data-widget_type=\"text-editor.default\">\n\t\t\t\t<div class=\"elementor-widget-container\">\n\t\t\t\t\t\t\t\t\t<p>Les donn\u00e9es personnelles de l&rsquo;utilisateur ne peuvent \u00eatre utilis\u00e9es par <strong>CIRAST SRL<\/strong> que pour l&rsquo;objectif d\u00e9clar\u00e9 de ce site web. Les informations et les donn\u00e9es contenues dans le formulaire de contact et le formulaire de demande de devis ne seront utilis\u00e9es que pour r\u00e9pondre aux demandes de l&rsquo;\u00e9metteur.<br>Les donn\u00e9es personnelles peuvent toutefois \u00eatre transmises aux autorit\u00e9s habilit\u00e9es \u00e0 effectuer tout contr\u00f4le justifi\u00e9 par la loi, si la demande en est faite conform\u00e9ment \u00e0 la l\u00e9gislation en vigueur. <br><strong>CIRAST SRL<\/strong> <strong>ne vend pas, n&rsquo;offre pas et n&rsquo;\u00e9change pas les adresses \u00e9lectroniques obtenues par le biais de ce site Web, et ne divulgue pas votre adresse \u00e9lectronique \u00e0 d&rsquo;autres personnes acc\u00e9dant aux pages de ce site Web.<\/strong><br>Depuis le 25 mai 2018, <strong>conform\u00e9ment au r\u00e8glement (UE) 679\/2016<\/strong> relatif \u00e0 la protection des personnes physiques \u00e0 l&rsquo;\u00e9gard du traitement des donn\u00e9es \u00e0 caract\u00e8re personnel et \u00e0 la libre circulation de ces donn\u00e9es, et abrogeant la <strong>directive 95\/46\/CE<\/strong> (r\u00e8glement g\u00e9n\u00e9ral sur la protection des donn\u00e9es), ci-apr\u00e8s d\u00e9nomm\u00e9 \u00ab\u00a0r\u00e8glement GDPR\u00a0\u00bb, <strong>CIRAST SRL<\/strong> est tenu de g\u00e9rer de mani\u00e8re s\u00e9curis\u00e9e et uniquement aux fins sp\u00e9cifi\u00e9es, les donn\u00e9es personnelles fournies par le visiteur. L&rsquo;objectif de la collecte des donn\u00e9es est de r\u00e9pondre aux demandes des visiteurs comme d\u00e9crit dans la <a href=\"https:\/\/beescience.eu\/fr\/politique-de-confidentialite\/\"><strong>politique de confidentialit\u00e9.<\/strong><\/a> <\/p><p><strong>En vertu du r\u00e8glement (UE) 679\/2016<\/strong>, vous disposez des droits suivants :<\/p><p><strong>1.<\/strong> Le <strong>droit \u00e0 l&rsquo;information et \u00e0 l&rsquo;acc\u00e8s aux donn\u00e9es \u00e0 caract\u00e8re personnel : le<\/strong> droit d&rsquo;obtenir la confirmation que des donn\u00e9es \u00e0 caract\u00e8re personnel vous concernant sont ou ne sont pas trait\u00e9es et, le cas \u00e9ch\u00e9ant, l&rsquo;acc\u00e8s \u00e0 ces donn\u00e9es.<\/p><p><strong>2.<\/strong> Le droit <strong>de rectification :<\/strong> le droit de demander \u00e0 l&rsquo;op\u00e9rateur et d&rsquo;obtenir, sans d\u00e9lai injustifi\u00e9, la rectification des donn\u00e9es personnelles inexactes vous concernant et\/ou d&rsquo;obtenir que les donn\u00e9es personnelles incompl\u00e8tes soient compl\u00e9t\u00e9es, \u00e9tant entendu que, dans le cas d&rsquo;un compte en ligne, ces modifications peuvent \u00eatre effectu\u00e9es personnellement \u00e0 partir de la section d&rsquo;\u00e9dition des donn\u00e9es du compte.<\/p><p><strong>3. Droit \u00e0 l&rsquo;effacement (\u00ab\u00a0droit \u00e0 l&rsquo;oubli\u00a0\u00bb) : le<\/strong> droit d&rsquo;obtenir l&rsquo;effacement, dans un d\u00e9lai raisonnable, de donn\u00e9es \u00e0 caract\u00e8re personnel vous concernant, lorsque certains motifs \u00e9nonc\u00e9s dans le r\u00e8glement du <a href=\"https:\/\/beescience.eu\/fr\/politique-de-confidentialite\/\"><strong>r\u00e8glement GDPR<\/strong><\/a>.<\/p><p><strong>4. Droit \u00e0 la limitation du traitement : le<\/strong> droit d&rsquo;obtenir la limitation du traitement dans certains cas.<\/p><p><strong>5.<\/strong> Le droit \u00e0 <strong>la portabilit\u00e9 des donn\u00e9es : le<\/strong> droit de recevoir les donn\u00e9es \u00e0 caract\u00e8re personnel vous concernant et de les faire transf\u00e9rer \u00e0 un autre responsable du traitement.  <\/p><p><strong>6. Droit d&rsquo;opposition : le<\/strong> droit de s&rsquo;opposer \u00e0 tout moment au traitement des donn\u00e9es \u00e0 caract\u00e8re personnel vous concernant, dans les conditions suivantes <a href=\"https:\/\/beescience.eu\/fr\/politique-de-confidentialite\/\"><strong>R\u00e8glement GDPR<\/strong><\/a>.<\/p><p><strong>7. Le droit de ne pas faire l&rsquo;objet d&rsquo;une d\u00e9cision fond\u00e9e exclusivement sur un traitement automatis\u00e9, y compris le profilage<\/strong>, qui produit des effets juridiques vous concernant ou qui vous affecte de mani\u00e8re significative.<\/p><p><strong>8. Le droit de d\u00e9poser une plainte aupr\u00e8s de l&rsquo;Autorit\u00e9 nationale de contr\u00f4le du traitement des donn\u00e9es personnelles (ANSPDCP)<\/strong> si vous estimez que vos donn\u00e9es n&rsquo;ont pas \u00e9t\u00e9 trait\u00e9es conform\u00e9ment \u00e0 la loi.<\/p><p>Pour exercer les droits susmentionn\u00e9s, veuillez envoyer une demande \u00e9crite, dat\u00e9e et sign\u00e9e \u00e0 l&rsquo;adresse \u00e9lectronique : <a href=\"mailto:contact@beescience.ro\"><strong>contact@beescience.ro<\/strong><\/a>ou \u00e0 l&rsquo;adresse postale : <strong>Roumanie, D\u00e9partement Vrancea, Village Gole\u0219tii de Sus<\/strong>, \u00e0 l&rsquo;attention du RESPONSABLE DES DONN\u00c9ES PERSONNELLES &#8211; <strong>R\u0102ZVAN CIOBOTARU<\/strong>.<\/p>\t\t\t\t\t\t\t\t<\/div>\n\t\t\t\t<\/div>\n\t\t\t\t<div class=\"elementor-element elementor-element-5393c37 elementor-widget elementor-widget-heading\" data-id=\"5393c37\" data-element_type=\"widget\" data-e-type=\"widget\" data-widget_type=\"heading.default\">\n\t\t\t\t<div class=\"elementor-widget-container\">\n\t\t\t\t\t<h2 class=\"elementor-heading-title elementor-size-default\">6. Litiges. Droit applicable <\/h2>\t\t\t\t<\/div>\n\t\t\t\t<\/div>\n\t\t\t\t<div class=\"elementor-element elementor-element-16fac85 color-scheme-inherit text-left elementor-widget elementor-widget-text-editor\" data-id=\"16fac85\" data-element_type=\"widget\" data-e-type=\"widget\" data-widget_type=\"text-editor.default\">\n\t\t\t\t<div class=\"elementor-widget-container\">\n\t\t\t\t\t\t\t\t\t<p>Tout litige sera r\u00e9solu par accord entre les deux parties (\u00e0 l&rsquo;amiable). En cas d&rsquo;\u00e9chec du r\u00e8glement \u00e0 l&rsquo;amiable, les tribunaux roumains du si\u00e8ge social de <strong>CIRAST SRL<\/strong> seront comp\u00e9tents. <br><strong>CIRAST SRL<\/strong> <strong>n&rsquo;est pas responsable des dommages, co\u00fbts, poursuites, r\u00e9clamations ou d\u00e9penses r\u00e9sultant du non-respect des \u00ab\u00a0conditions g\u00e9n\u00e9rales\u00a0\u00bb par les utilisateurs.<\/strong><\/p>\t\t\t\t\t\t\t\t<\/div>\n\t\t\t\t<\/div>\n\t\t\t\t<\/div>\n\t\t\t\t<\/div>\n\t\t","protected":false},"excerpt":{"rendered":"<p>Conditions d&rsquo;utilisation A l&rsquo;adresse www.beescience.eu vous trouverez des informations (textes, photos, bases de donn\u00e9es, etc.) qui constituent le contenu du<\/p>\n","protected":false},"author":2,"featured_media":0,"parent":0,"menu_order":0,"comment_status":"closed","ping_status":"closed","template":"","meta":{"footnotes":""},"class_list":["post-7860","page","type-page","status-publish","hentry"],"yoast_head":"<!-- This site is optimized with the Yoast SEO plugin v27.4 - https:\/\/yoast.com\/product\/yoast-seo-wordpress\/ -->\n<title>Conditions d&#039;utilisation - BeeScience<\/title>\n<meta name=\"robots\" content=\"index, follow, max-snippet:-1, max-image-preview:large, max-video-preview:-1\" \/>\n<link rel=\"canonical\" href=\"https:\/\/beescience.eu\/fr\/conditions-dutilisation\/\" \/>\n<meta property=\"og:locale\" content=\"fr_FR\" \/>\n<meta property=\"og:type\" content=\"article\" \/>\n<meta property=\"og:title\" content=\"Conditions d&#039;utilisation - BeeScience\" \/>\n<meta property=\"og:description\" content=\"Conditions d&rsquo;utilisation A l&rsquo;adresse www.beescience.eu vous trouverez des informations (textes, photos, bases de donn\u00e9es, etc.) qui constituent le contenu du\" \/>\n<meta property=\"og:url\" content=\"https:\/\/beescience.eu\/fr\/conditions-dutilisation\/\" \/>\n<meta property=\"og:site_name\" content=\"BeeScience\" \/>\n<meta property=\"article:modified_time\" content=\"2025-08-08T07:06:32+00:00\" \/>\n<meta name=\"twitter:card\" content=\"summary_large_image\" \/>\n<meta name=\"twitter:label1\" content=\"Dur\u00e9e de lecture estim\u00e9e\" \/>\n\t<meta name=\"twitter:data1\" content=\"7 minutes\" \/>\n<script type=\"application\/ld+json\" class=\"yoast-schema-graph\">{\"@context\":\"https:\\\/\\\/schema.org\",\"@graph\":[{\"@type\":\"WebPage\",\"@id\":\"https:\\\/\\\/beescience.eu\\\/fr\\\/conditions-dutilisation\\\/\",\"url\":\"https:\\\/\\\/beescience.eu\\\/fr\\\/conditions-dutilisation\\\/\",\"name\":\"Conditions d'utilisation - BeeScience\",\"isPartOf\":{\"@id\":\"https:\\\/\\\/beescience.eu\\\/fr\\\/#website\"},\"datePublished\":\"2025-07-17T10:26:24+00:00\",\"dateModified\":\"2025-08-08T07:06:32+00:00\",\"breadcrumb\":{\"@id\":\"https:\\\/\\\/beescience.eu\\\/fr\\\/conditions-dutilisation\\\/#breadcrumb\"},\"inLanguage\":\"fr-FR\",\"potentialAction\":[{\"@type\":\"ReadAction\",\"target\":[\"https:\\\/\\\/beescience.eu\\\/fr\\\/conditions-dutilisation\\\/\"]}]},{\"@type\":\"BreadcrumbList\",\"@id\":\"https:\\\/\\\/beescience.eu\\\/fr\\\/conditions-dutilisation\\\/#breadcrumb\",\"itemListElement\":[{\"@type\":\"ListItem\",\"position\":1,\"name\":\"Prima pagin\u0103\",\"item\":\"https:\\\/\\\/beescience.eu\\\/fr\\\/\"},{\"@type\":\"ListItem\",\"position\":2,\"name\":\"Conditions d&#8217;utilisation\"}]},{\"@type\":\"WebSite\",\"@id\":\"https:\\\/\\\/beescience.eu\\\/fr\\\/#website\",\"url\":\"https:\\\/\\\/beescience.eu\\\/fr\\\/\",\"name\":\"BeeScience\",\"description\":\"\",\"publisher\":{\"@id\":\"https:\\\/\\\/beescience.eu\\\/fr\\\/#organization\"},\"potentialAction\":[{\"@type\":\"SearchAction\",\"target\":{\"@type\":\"EntryPoint\",\"urlTemplate\":\"https:\\\/\\\/beescience.eu\\\/fr\\\/?s={search_term_string}\"},\"query-input\":{\"@type\":\"PropertyValueSpecification\",\"valueRequired\":true,\"valueName\":\"search_term_string\"}}],\"inLanguage\":\"fr-FR\"},{\"@type\":\"Organization\",\"@id\":\"https:\\\/\\\/beescience.eu\\\/fr\\\/#organization\",\"name\":\"BeeScience\",\"url\":\"https:\\\/\\\/beescience.eu\\\/fr\\\/\",\"logo\":{\"@type\":\"ImageObject\",\"inLanguage\":\"fr-FR\",\"@id\":\"https:\\\/\\\/beescience.eu\\\/fr\\\/#\\\/schema\\\/logo\\\/image\\\/\",\"url\":\"https:\\\/\\\/beescience.eu\\\/wp-content\\\/uploads\\\/2025\\\/05\\\/logo-simplu-dark.png\",\"contentUrl\":\"https:\\\/\\\/beescience.eu\\\/wp-content\\\/uploads\\\/2025\\\/05\\\/logo-simplu-dark.png\",\"width\":400,\"height\":150,\"caption\":\"BeeScience\"},\"image\":{\"@id\":\"https:\\\/\\\/beescience.eu\\\/fr\\\/#\\\/schema\\\/logo\\\/image\\\/\"}}]}<\/script>\n<!-- \/ Yoast SEO plugin. -->","yoast_head_json":{"title":"Conditions d'utilisation - BeeScience","robots":{"index":"index","follow":"follow","max-snippet":"max-snippet:-1","max-image-preview":"max-image-preview:large","max-video-preview":"max-video-preview:-1"},"canonical":"https:\/\/beescience.eu\/fr\/conditions-dutilisation\/","og_locale":"fr_FR","og_type":"article","og_title":"Conditions d'utilisation - BeeScience","og_description":"Conditions d&rsquo;utilisation A l&rsquo;adresse www.beescience.eu vous trouverez des informations (textes, photos, bases de donn\u00e9es, etc.) qui constituent le contenu du","og_url":"https:\/\/beescience.eu\/fr\/conditions-dutilisation\/","og_site_name":"BeeScience","article_modified_time":"2025-08-08T07:06:32+00:00","twitter_card":"summary_large_image","twitter_misc":{"Dur\u00e9e de lecture estim\u00e9e":"7 minutes"},"schema":{"@context":"https:\/\/schema.org","@graph":[{"@type":"WebPage","@id":"https:\/\/beescience.eu\/fr\/conditions-dutilisation\/","url":"https:\/\/beescience.eu\/fr\/conditions-dutilisation\/","name":"Conditions d'utilisation - BeeScience","isPartOf":{"@id":"https:\/\/beescience.eu\/fr\/#website"},"datePublished":"2025-07-17T10:26:24+00:00","dateModified":"2025-08-08T07:06:32+00:00","breadcrumb":{"@id":"https:\/\/beescience.eu\/fr\/conditions-dutilisation\/#breadcrumb"},"inLanguage":"fr-FR","potentialAction":[{"@type":"ReadAction","target":["https:\/\/beescience.eu\/fr\/conditions-dutilisation\/"]}]},{"@type":"BreadcrumbList","@id":"https:\/\/beescience.eu\/fr\/conditions-dutilisation\/#breadcrumb","itemListElement":[{"@type":"ListItem","position":1,"name":"Prima pagin\u0103","item":"https:\/\/beescience.eu\/fr\/"},{"@type":"ListItem","position":2,"name":"Conditions d&#8217;utilisation"}]},{"@type":"WebSite","@id":"https:\/\/beescience.eu\/fr\/#website","url":"https:\/\/beescience.eu\/fr\/","name":"BeeScience","description":"","publisher":{"@id":"https:\/\/beescience.eu\/fr\/#organization"},"potentialAction":[{"@type":"SearchAction","target":{"@type":"EntryPoint","urlTemplate":"https:\/\/beescience.eu\/fr\/?s={search_term_string}"},"query-input":{"@type":"PropertyValueSpecification","valueRequired":true,"valueName":"search_term_string"}}],"inLanguage":"fr-FR"},{"@type":"Organization","@id":"https:\/\/beescience.eu\/fr\/#organization","name":"BeeScience","url":"https:\/\/beescience.eu\/fr\/","logo":{"@type":"ImageObject","inLanguage":"fr-FR","@id":"https:\/\/beescience.eu\/fr\/#\/schema\/logo\/image\/","url":"https:\/\/beescience.eu\/wp-content\/uploads\/2025\/05\/logo-simplu-dark.png","contentUrl":"https:\/\/beescience.eu\/wp-content\/uploads\/2025\/05\/logo-simplu-dark.png","width":400,"height":150,"caption":"BeeScience"},"image":{"@id":"https:\/\/beescience.eu\/fr\/#\/schema\/logo\/image\/"}}]}},"_links":{"self":[{"href":"https:\/\/beescience.eu\/fr\/wp-json\/wp\/v2\/pages\/7860","targetHints":{"allow":["GET"]}}],"collection":[{"href":"https:\/\/beescience.eu\/fr\/wp-json\/wp\/v2\/pages"}],"about":[{"href":"https:\/\/beescience.eu\/fr\/wp-json\/wp\/v2\/types\/page"}],"author":[{"embeddable":true,"href":"https:\/\/beescience.eu\/fr\/wp-json\/wp\/v2\/users\/2"}],"replies":[{"embeddable":true,"href":"https:\/\/beescience.eu\/fr\/wp-json\/wp\/v2\/comments?post=7860"}],"version-history":[{"count":1,"href":"https:\/\/beescience.eu\/fr\/wp-json\/wp\/v2\/pages\/7860\/revisions"}],"predecessor-version":[{"id":7861,"href":"https:\/\/beescience.eu\/fr\/wp-json\/wp\/v2\/pages\/7860\/revisions\/7861"}],"wp:attachment":[{"href":"https:\/\/beescience.eu\/fr\/wp-json\/wp\/v2\/media?parent=7860"}],"curies":[{"name":"wp","href":"https:\/\/api.w.org\/{rel}","templated":true}]}}