{"id":8099,"date":"2025-04-16T05:30:25","date_gmt":"2025-04-16T05:30:25","guid":{"rendered":"https:\/\/beescience.eu\/produs\/apiplant\/"},"modified":"2025-04-16T05:30:25","modified_gmt":"2025-04-16T02:30:25","slug":"apiplant","status":"publish","type":"product","link":"https:\/\/beescience.eu\/es\/produs\/apiplant\/","title":{"rendered":"Apiplant"},"content":{"rendered":"","protected":false},"excerpt":{"rendered":"<p><strong>Protecci\u00f3n y estimulaci\u00f3n avanzada de las abejas<\/strong>  Apiplant, formulado con tecnolog\u00eda de nanopart\u00edculas, es un extracto vegetal que favorece la salud de las colonias, estimula la punta de las abejas y aumenta su longevidad.<\/p>\n","protected":false},"featured_media":3607,"comment_status":"open","ping_status":"closed","template":"","meta":[],"product_brand":[],"product_cat":[152],"product_tag":[],"class_list":{"0":"post-8099","1":"product","2":"type-product","3":"status-publish","4":"has-post-thumbnail","6":"product_cat-soluciones-para-la-salud-de-las-abejas","7":"pa_problema-abordata-aumentar-la-respuesta-inmunitaria","8":"pa_problema-abordata-desarrollo-de-la-familia-apicola","9":"pa_sezon-todas-las-estaciones","11":"first","12":"instock","13":"shipping-taxable","14":"product-type-simple"},"yoast_head":"<!-- This site is optimized with the Yoast SEO plugin v27.4 - https:\/\/yoast.com\/product\/yoast-seo-wordpress\/ -->\n<title>Apiplant - BeeScience<\/title>\n<meta name=\"robots\" content=\"index, follow, max-snippet:-1, max-image-preview:large, max-video-preview:-1\" \/>\n<link rel=\"canonical\" href=\"https:\/\/beescience.eu\/es\/produs\/apiplant\/\" \/>\n<meta property=\"og:locale\" content=\"es_ES\" \/>\n<meta property=\"og:type\" content=\"article\" \/>\n<meta property=\"og:title\" content=\"Apiplant - BeeScience\" \/>\n<meta property=\"og:description\" content=\"Protecci\u00f3n y estimulaci\u00f3n avanzada de las abejas Apiplant, formulado con tecnolog\u00eda de nanopart\u00edculas, es un extracto vegetal que favorece la salud de las colonias, estimula la punta de las abejas y aumenta su longevidad.\" \/>\n<meta property=\"og:url\" content=\"https:\/\/beescience.eu\/es\/produs\/apiplant\/\" \/>\n<meta property=\"og:site_name\" content=\"BeeScience\" \/>\n<meta property=\"og:image\" content=\"https:\/\/beescience.eu\/wp-content\/uploads\/2025\/04\/apiplant.png\" \/>\n\t<meta property=\"og:image:width\" content=\"1000\" \/>\n\t<meta property=\"og:image:height\" content=\"1500\" \/>\n\t<meta property=\"og:image:type\" content=\"image\/png\" \/>\n<meta name=\"twitter:card\" content=\"summary_large_image\" \/>\n<script type=\"application\/ld+json\" class=\"yoast-schema-graph\">{\"@context\":\"https:\\\/\\\/schema.org\",\"@graph\":[{\"@type\":\"WebPage\",\"@id\":\"https:\\\/\\\/beescience.eu\\\/es\\\/produs\\\/apiplant\\\/\",\"url\":\"https:\\\/\\\/beescience.eu\\\/es\\\/produs\\\/apiplant\\\/\",\"name\":\"Apiplant - BeeScience\",\"isPartOf\":{\"@id\":\"https:\\\/\\\/beescience.eu\\\/es\\\/#website\"},\"primaryImageOfPage\":{\"@id\":\"https:\\\/\\\/beescience.eu\\\/es\\\/produs\\\/apiplant\\\/#primaryimage\"},\"image\":{\"@id\":\"https:\\\/\\\/beescience.eu\\\/es\\\/produs\\\/apiplant\\\/#primaryimage\"},\"thumbnailUrl\":\"https:\\\/\\\/beescience.eu\\\/wp-content\\\/uploads\\\/2025\\\/04\\\/apiplant.png\",\"datePublished\":\"2025-04-16T05:30:25+00:00\",\"breadcrumb\":{\"@id\":\"https:\\\/\\\/beescience.eu\\\/es\\\/produs\\\/apiplant\\\/#breadcrumb\"},\"inLanguage\":\"es\",\"potentialAction\":[{\"@type\":\"ReadAction\",\"target\":[\"https:\\\/\\\/beescience.eu\\\/es\\\/produs\\\/apiplant\\\/\"]}]},{\"@type\":\"ImageObject\",\"inLanguage\":\"es\",\"@id\":\"https:\\\/\\\/beescience.eu\\\/es\\\/produs\\\/apiplant\\\/#primaryimage\",\"url\":\"https:\\\/\\\/beescience.eu\\\/wp-content\\\/uploads\\\/2025\\\/04\\\/apiplant.png\",\"contentUrl\":\"https:\\\/\\\/beescience.eu\\\/wp-content\\\/uploads\\\/2025\\\/04\\\/apiplant.png\",\"width\":1000,\"height\":1500},{\"@type\":\"BreadcrumbList\",\"@id\":\"https:\\\/\\\/beescience.eu\\\/es\\\/produs\\\/apiplant\\\/#breadcrumb\",\"itemListElement\":[{\"@type\":\"ListItem\",\"position\":1,\"name\":\"Prima pagin\u0103\",\"item\":\"https:\\\/\\\/beescience.eu\\\/es\\\/\"},{\"@type\":\"ListItem\",\"position\":2,\"name\":\"Tienda\",\"item\":\"https:\\\/\\\/beescience.eu\\\/es\\\/tienda\\\/\"},{\"@type\":\"ListItem\",\"position\":3,\"name\":\"Apiplant\"}]},{\"@type\":\"WebSite\",\"@id\":\"https:\\\/\\\/beescience.eu\\\/es\\\/#website\",\"url\":\"https:\\\/\\\/beescience.eu\\\/es\\\/\",\"name\":\"BeeScience\",\"description\":\"\",\"publisher\":{\"@id\":\"https:\\\/\\\/beescience.eu\\\/es\\\/#organization\"},\"potentialAction\":[{\"@type\":\"SearchAction\",\"target\":{\"@type\":\"EntryPoint\",\"urlTemplate\":\"https:\\\/\\\/beescience.eu\\\/es\\\/?s={search_term_string}\"},\"query-input\":{\"@type\":\"PropertyValueSpecification\",\"valueRequired\":true,\"valueName\":\"search_term_string\"}}],\"inLanguage\":\"es\"},{\"@type\":\"Organization\",\"@id\":\"https:\\\/\\\/beescience.eu\\\/es\\\/#organization\",\"name\":\"BeeScience\",\"url\":\"https:\\\/\\\/beescience.eu\\\/es\\\/\",\"logo\":{\"@type\":\"ImageObject\",\"inLanguage\":\"es\",\"@id\":\"https:\\\/\\\/beescience.eu\\\/es\\\/#\\\/schema\\\/logo\\\/image\\\/\",\"url\":\"https:\\\/\\\/beescience.eu\\\/wp-content\\\/uploads\\\/2025\\\/05\\\/logo-simplu-dark.png\",\"contentUrl\":\"https:\\\/\\\/beescience.eu\\\/wp-content\\\/uploads\\\/2025\\\/05\\\/logo-simplu-dark.png\",\"width\":400,\"height\":150,\"caption\":\"BeeScience\"},\"image\":{\"@id\":\"https:\\\/\\\/beescience.eu\\\/es\\\/#\\\/schema\\\/logo\\\/image\\\/\"}}]}<\/script>\n<!-- \/ Yoast SEO plugin. -->","yoast_head_json":{"title":"Apiplant - BeeScience","robots":{"index":"index","follow":"follow","max-snippet":"max-snippet:-1","max-image-preview":"max-image-preview:large","max-video-preview":"max-video-preview:-1"},"canonical":"https:\/\/beescience.eu\/es\/produs\/apiplant\/","og_locale":"es_ES","og_type":"article","og_title":"Apiplant - BeeScience","og_description":"Protecci\u00f3n y estimulaci\u00f3n avanzada de las abejas Apiplant, formulado con tecnolog\u00eda de nanopart\u00edculas, es un extracto vegetal que favorece la salud de las colonias, estimula la punta de las abejas y aumenta su longevidad.","og_url":"https:\/\/beescience.eu\/es\/produs\/apiplant\/","og_site_name":"BeeScience","og_image":[{"width":1000,"height":1500,"url":"https:\/\/beescience.eu\/wp-content\/uploads\/2025\/04\/apiplant.png","type":"image\/png"}],"twitter_card":"summary_large_image","schema":{"@context":"https:\/\/schema.org","@graph":[{"@type":"WebPage","@id":"https:\/\/beescience.eu\/es\/produs\/apiplant\/","url":"https:\/\/beescience.eu\/es\/produs\/apiplant\/","name":"Apiplant - BeeScience","isPartOf":{"@id":"https:\/\/beescience.eu\/es\/#website"},"primaryImageOfPage":{"@id":"https:\/\/beescience.eu\/es\/produs\/apiplant\/#primaryimage"},"image":{"@id":"https:\/\/beescience.eu\/es\/produs\/apiplant\/#primaryimage"},"thumbnailUrl":"https:\/\/beescience.eu\/wp-content\/uploads\/2025\/04\/apiplant.png","datePublished":"2025-04-16T05:30:25+00:00","breadcrumb":{"@id":"https:\/\/beescience.eu\/es\/produs\/apiplant\/#breadcrumb"},"inLanguage":"es","potentialAction":[{"@type":"ReadAction","target":["https:\/\/beescience.eu\/es\/produs\/apiplant\/"]}]},{"@type":"ImageObject","inLanguage":"es","@id":"https:\/\/beescience.eu\/es\/produs\/apiplant\/#primaryimage","url":"https:\/\/beescience.eu\/wp-content\/uploads\/2025\/04\/apiplant.png","contentUrl":"https:\/\/beescience.eu\/wp-content\/uploads\/2025\/04\/apiplant.png","width":1000,"height":1500},{"@type":"BreadcrumbList","@id":"https:\/\/beescience.eu\/es\/produs\/apiplant\/#breadcrumb","itemListElement":[{"@type":"ListItem","position":1,"name":"Prima pagin\u0103","item":"https:\/\/beescience.eu\/es\/"},{"@type":"ListItem","position":2,"name":"Tienda","item":"https:\/\/beescience.eu\/es\/tienda\/"},{"@type":"ListItem","position":3,"name":"Apiplant"}]},{"@type":"WebSite","@id":"https:\/\/beescience.eu\/es\/#website","url":"https:\/\/beescience.eu\/es\/","name":"BeeScience","description":"","publisher":{"@id":"https:\/\/beescience.eu\/es\/#organization"},"potentialAction":[{"@type":"SearchAction","target":{"@type":"EntryPoint","urlTemplate":"https:\/\/beescience.eu\/es\/?s={search_term_string}"},"query-input":{"@type":"PropertyValueSpecification","valueRequired":true,"valueName":"search_term_string"}}],"inLanguage":"es"},{"@type":"Organization","@id":"https:\/\/beescience.eu\/es\/#organization","name":"BeeScience","url":"https:\/\/beescience.eu\/es\/","logo":{"@type":"ImageObject","inLanguage":"es","@id":"https:\/\/beescience.eu\/es\/#\/schema\/logo\/image\/","url":"https:\/\/beescience.eu\/wp-content\/uploads\/2025\/05\/logo-simplu-dark.png","contentUrl":"https:\/\/beescience.eu\/wp-content\/uploads\/2025\/05\/logo-simplu-dark.png","width":400,"height":150,"caption":"BeeScience"},"image":{"@id":"https:\/\/beescience.eu\/es\/#\/schema\/logo\/image\/"}}]}},"_links":{"self":[{"href":"https:\/\/beescience.eu\/es\/wp-json\/wp\/v2\/product\/8099","targetHints":{"allow":["GET"]}}],"collection":[{"href":"https:\/\/beescience.eu\/es\/wp-json\/wp\/v2\/product"}],"about":[{"href":"https:\/\/beescience.eu\/es\/wp-json\/wp\/v2\/types\/product"}],"replies":[{"embeddable":true,"href":"https:\/\/beescience.eu\/es\/wp-json\/wp\/v2\/comments?post=8099"}],"version-history":[{"count":0,"href":"https:\/\/beescience.eu\/es\/wp-json\/wp\/v2\/product\/8099\/revisions"}],"wp:featuredmedia":[{"embeddable":true,"href":"https:\/\/beescience.eu\/es\/wp-json\/wp\/v2\/media\/3607"}],"wp:attachment":[{"href":"https:\/\/beescience.eu\/es\/wp-json\/wp\/v2\/media?parent=8099"}],"wp:term":[{"taxonomy":"product_brand","embeddable":true,"href":"https:\/\/beescience.eu\/es\/wp-json\/wp\/v2\/product_brand?post=8099"},{"taxonomy":"product_cat","embeddable":true,"href":"https:\/\/beescience.eu\/es\/wp-json\/wp\/v2\/product_cat?post=8099"},{"taxonomy":"product_tag","embeddable":true,"href":"https:\/\/beescience.eu\/es\/wp-json\/wp\/v2\/product_tag?post=8099"}],"curies":[{"name":"wp","href":"https:\/\/api.w.org\/{rel}","templated":true}]}}