{"id":8096,"date":"2025-04-14T13:49:02","date_gmt":"2025-04-14T13:49:02","guid":{"rendered":"https:\/\/beescience.eu\/produs\/pan-de-especias-energetico\/"},"modified":"2025-04-14T13:49:02","modified_gmt":"2025-04-14T10:49:02","slug":"pan-de-especias-energetico","status":"publish","type":"product","link":"https:\/\/beescience.eu\/es\/produs\/pan-de-especias-energetico\/","title":{"rendered":"Pan de especias energ\u00e9tico"},"content":{"rendered":"","protected":false},"excerpt":{"rendered":"<p><strong>Energ\u00eda instant\u00e1nea para sus abejas  <\/strong>Este alimento s\u00f3lido est\u00e1 especialmente formulado, con un aporte equilibrado de az\u00facares invertidos de r\u00e1pida administraci\u00f3n en la colmena, proporcionando un aporte energ\u00e9tico esencial en la estaci\u00f3n fr\u00eda.<\/p>\n","protected":false},"featured_media":6659,"comment_status":"open","ping_status":"closed","template":"","meta":[],"product_brand":[],"product_cat":[149],"product_tag":[],"class_list":{"0":"post-8096","1":"product","2":"type-product","3":"status-publish","4":"has-post-thumbnail","6":"product_cat-alimentos-energeticos","7":"pa_problema-abordata-mantener-la-vitalidad","8":"pa_problema-abordata-mantenimiento-de-las-funciones-fisiologicas","9":"pa_sezon-invierno","11":"first","12":"instock","13":"shipping-taxable","14":"product-type-simple"},"yoast_head":"<!-- This site is optimized with the Yoast SEO plugin v27.4 - https:\/\/yoast.com\/product\/yoast-seo-wordpress\/ -->\n<title>Pan de especias energ\u00e9tico - BeeScience<\/title>\n<meta name=\"robots\" content=\"index, follow, max-snippet:-1, max-image-preview:large, max-video-preview:-1\" \/>\n<link rel=\"canonical\" href=\"https:\/\/beescience.eu\/es\/produs\/pan-de-especias-energetico\/\" \/>\n<meta property=\"og:locale\" content=\"es_ES\" \/>\n<meta property=\"og:type\" content=\"article\" \/>\n<meta property=\"og:title\" content=\"Pan de especias energ\u00e9tico - BeeScience\" \/>\n<meta property=\"og:description\" content=\"Energ\u00eda instant\u00e1nea para sus abejas Este alimento s\u00f3lido est\u00e1 especialmente formulado, con un aporte equilibrado de az\u00facares invertidos de r\u00e1pida administraci\u00f3n en la colmena, proporcionando un aporte energ\u00e9tico esencial en la estaci\u00f3n fr\u00eda.\" \/>\n<meta property=\"og:url\" content=\"https:\/\/beescience.eu\/es\/produs\/pan-de-especias-energetico\/\" \/>\n<meta property=\"og:site_name\" content=\"BeeScience\" \/>\n<meta property=\"og:image\" content=\"https:\/\/beescience.eu\/wp-content\/uploads\/2025\/04\/turta-energetica.png\" \/>\n\t<meta property=\"og:image:width\" content=\"1000\" \/>\n\t<meta property=\"og:image:height\" content=\"1500\" \/>\n\t<meta property=\"og:image:type\" content=\"image\/png\" \/>\n<meta name=\"twitter:card\" content=\"summary_large_image\" \/>\n<script type=\"application\/ld+json\" class=\"yoast-schema-graph\">{\"@context\":\"https:\\\/\\\/schema.org\",\"@graph\":[{\"@type\":\"WebPage\",\"@id\":\"https:\\\/\\\/beescience.eu\\\/es\\\/produs\\\/pan-de-especias-energetico\\\/\",\"url\":\"https:\\\/\\\/beescience.eu\\\/es\\\/produs\\\/pan-de-especias-energetico\\\/\",\"name\":\"Pan de especias energ\u00e9tico - BeeScience\",\"isPartOf\":{\"@id\":\"https:\\\/\\\/beescience.eu\\\/es\\\/#website\"},\"primaryImageOfPage\":{\"@id\":\"https:\\\/\\\/beescience.eu\\\/es\\\/produs\\\/pan-de-especias-energetico\\\/#primaryimage\"},\"image\":{\"@id\":\"https:\\\/\\\/beescience.eu\\\/es\\\/produs\\\/pan-de-especias-energetico\\\/#primaryimage\"},\"thumbnailUrl\":\"https:\\\/\\\/beescience.eu\\\/wp-content\\\/uploads\\\/2025\\\/04\\\/turta-energetica.png\",\"datePublished\":\"2025-04-14T13:49:02+00:00\",\"breadcrumb\":{\"@id\":\"https:\\\/\\\/beescience.eu\\\/es\\\/produs\\\/pan-de-especias-energetico\\\/#breadcrumb\"},\"inLanguage\":\"es\",\"potentialAction\":[{\"@type\":\"ReadAction\",\"target\":[\"https:\\\/\\\/beescience.eu\\\/es\\\/produs\\\/pan-de-especias-energetico\\\/\"]}]},{\"@type\":\"ImageObject\",\"inLanguage\":\"es\",\"@id\":\"https:\\\/\\\/beescience.eu\\\/es\\\/produs\\\/pan-de-especias-energetico\\\/#primaryimage\",\"url\":\"https:\\\/\\\/beescience.eu\\\/wp-content\\\/uploads\\\/2025\\\/04\\\/turta-energetica.png\",\"contentUrl\":\"https:\\\/\\\/beescience.eu\\\/wp-content\\\/uploads\\\/2025\\\/04\\\/turta-energetica.png\",\"width\":1000,\"height\":1500},{\"@type\":\"BreadcrumbList\",\"@id\":\"https:\\\/\\\/beescience.eu\\\/es\\\/produs\\\/pan-de-especias-energetico\\\/#breadcrumb\",\"itemListElement\":[{\"@type\":\"ListItem\",\"position\":1,\"name\":\"Prima pagin\u0103\",\"item\":\"https:\\\/\\\/beescience.eu\\\/es\\\/\"},{\"@type\":\"ListItem\",\"position\":2,\"name\":\"Tienda\",\"item\":\"https:\\\/\\\/beescience.eu\\\/es\\\/tienda\\\/\"},{\"@type\":\"ListItem\",\"position\":3,\"name\":\"Pan de especias energ\u00e9tico\"}]},{\"@type\":\"WebSite\",\"@id\":\"https:\\\/\\\/beescience.eu\\\/es\\\/#website\",\"url\":\"https:\\\/\\\/beescience.eu\\\/es\\\/\",\"name\":\"BeeScience\",\"description\":\"\",\"publisher\":{\"@id\":\"https:\\\/\\\/beescience.eu\\\/es\\\/#organization\"},\"potentialAction\":[{\"@type\":\"SearchAction\",\"target\":{\"@type\":\"EntryPoint\",\"urlTemplate\":\"https:\\\/\\\/beescience.eu\\\/es\\\/?s={search_term_string}\"},\"query-input\":{\"@type\":\"PropertyValueSpecification\",\"valueRequired\":true,\"valueName\":\"search_term_string\"}}],\"inLanguage\":\"es\"},{\"@type\":\"Organization\",\"@id\":\"https:\\\/\\\/beescience.eu\\\/es\\\/#organization\",\"name\":\"BeeScience\",\"url\":\"https:\\\/\\\/beescience.eu\\\/es\\\/\",\"logo\":{\"@type\":\"ImageObject\",\"inLanguage\":\"es\",\"@id\":\"https:\\\/\\\/beescience.eu\\\/es\\\/#\\\/schema\\\/logo\\\/image\\\/\",\"url\":\"https:\\\/\\\/beescience.eu\\\/wp-content\\\/uploads\\\/2025\\\/05\\\/logo-simplu-dark.png\",\"contentUrl\":\"https:\\\/\\\/beescience.eu\\\/wp-content\\\/uploads\\\/2025\\\/05\\\/logo-simplu-dark.png\",\"width\":400,\"height\":150,\"caption\":\"BeeScience\"},\"image\":{\"@id\":\"https:\\\/\\\/beescience.eu\\\/es\\\/#\\\/schema\\\/logo\\\/image\\\/\"}}]}<\/script>\n<!-- \/ Yoast SEO plugin. -->","yoast_head_json":{"title":"Pan de especias energ\u00e9tico - BeeScience","robots":{"index":"index","follow":"follow","max-snippet":"max-snippet:-1","max-image-preview":"max-image-preview:large","max-video-preview":"max-video-preview:-1"},"canonical":"https:\/\/beescience.eu\/es\/produs\/pan-de-especias-energetico\/","og_locale":"es_ES","og_type":"article","og_title":"Pan de especias energ\u00e9tico - BeeScience","og_description":"Energ\u00eda instant\u00e1nea para sus abejas Este alimento s\u00f3lido est\u00e1 especialmente formulado, con un aporte equilibrado de az\u00facares invertidos de r\u00e1pida administraci\u00f3n en la colmena, proporcionando un aporte energ\u00e9tico esencial en la estaci\u00f3n fr\u00eda.","og_url":"https:\/\/beescience.eu\/es\/produs\/pan-de-especias-energetico\/","og_site_name":"BeeScience","og_image":[{"width":1000,"height":1500,"url":"https:\/\/beescience.eu\/wp-content\/uploads\/2025\/04\/turta-energetica.png","type":"image\/png"}],"twitter_card":"summary_large_image","schema":{"@context":"https:\/\/schema.org","@graph":[{"@type":"WebPage","@id":"https:\/\/beescience.eu\/es\/produs\/pan-de-especias-energetico\/","url":"https:\/\/beescience.eu\/es\/produs\/pan-de-especias-energetico\/","name":"Pan de especias energ\u00e9tico - BeeScience","isPartOf":{"@id":"https:\/\/beescience.eu\/es\/#website"},"primaryImageOfPage":{"@id":"https:\/\/beescience.eu\/es\/produs\/pan-de-especias-energetico\/#primaryimage"},"image":{"@id":"https:\/\/beescience.eu\/es\/produs\/pan-de-especias-energetico\/#primaryimage"},"thumbnailUrl":"https:\/\/beescience.eu\/wp-content\/uploads\/2025\/04\/turta-energetica.png","datePublished":"2025-04-14T13:49:02+00:00","breadcrumb":{"@id":"https:\/\/beescience.eu\/es\/produs\/pan-de-especias-energetico\/#breadcrumb"},"inLanguage":"es","potentialAction":[{"@type":"ReadAction","target":["https:\/\/beescience.eu\/es\/produs\/pan-de-especias-energetico\/"]}]},{"@type":"ImageObject","inLanguage":"es","@id":"https:\/\/beescience.eu\/es\/produs\/pan-de-especias-energetico\/#primaryimage","url":"https:\/\/beescience.eu\/wp-content\/uploads\/2025\/04\/turta-energetica.png","contentUrl":"https:\/\/beescience.eu\/wp-content\/uploads\/2025\/04\/turta-energetica.png","width":1000,"height":1500},{"@type":"BreadcrumbList","@id":"https:\/\/beescience.eu\/es\/produs\/pan-de-especias-energetico\/#breadcrumb","itemListElement":[{"@type":"ListItem","position":1,"name":"Prima pagin\u0103","item":"https:\/\/beescience.eu\/es\/"},{"@type":"ListItem","position":2,"name":"Tienda","item":"https:\/\/beescience.eu\/es\/tienda\/"},{"@type":"ListItem","position":3,"name":"Pan de especias energ\u00e9tico"}]},{"@type":"WebSite","@id":"https:\/\/beescience.eu\/es\/#website","url":"https:\/\/beescience.eu\/es\/","name":"BeeScience","description":"","publisher":{"@id":"https:\/\/beescience.eu\/es\/#organization"},"potentialAction":[{"@type":"SearchAction","target":{"@type":"EntryPoint","urlTemplate":"https:\/\/beescience.eu\/es\/?s={search_term_string}"},"query-input":{"@type":"PropertyValueSpecification","valueRequired":true,"valueName":"search_term_string"}}],"inLanguage":"es"},{"@type":"Organization","@id":"https:\/\/beescience.eu\/es\/#organization","name":"BeeScience","url":"https:\/\/beescience.eu\/es\/","logo":{"@type":"ImageObject","inLanguage":"es","@id":"https:\/\/beescience.eu\/es\/#\/schema\/logo\/image\/","url":"https:\/\/beescience.eu\/wp-content\/uploads\/2025\/05\/logo-simplu-dark.png","contentUrl":"https:\/\/beescience.eu\/wp-content\/uploads\/2025\/05\/logo-simplu-dark.png","width":400,"height":150,"caption":"BeeScience"},"image":{"@id":"https:\/\/beescience.eu\/es\/#\/schema\/logo\/image\/"}}]}},"_links":{"self":[{"href":"https:\/\/beescience.eu\/es\/wp-json\/wp\/v2\/product\/8096","targetHints":{"allow":["GET"]}}],"collection":[{"href":"https:\/\/beescience.eu\/es\/wp-json\/wp\/v2\/product"}],"about":[{"href":"https:\/\/beescience.eu\/es\/wp-json\/wp\/v2\/types\/product"}],"replies":[{"embeddable":true,"href":"https:\/\/beescience.eu\/es\/wp-json\/wp\/v2\/comments?post=8096"}],"version-history":[{"count":0,"href":"https:\/\/beescience.eu\/es\/wp-json\/wp\/v2\/product\/8096\/revisions"}],"wp:featuredmedia":[{"embeddable":true,"href":"https:\/\/beescience.eu\/es\/wp-json\/wp\/v2\/media\/6659"}],"wp:attachment":[{"href":"https:\/\/beescience.eu\/es\/wp-json\/wp\/v2\/media?parent=8096"}],"wp:term":[{"taxonomy":"product_brand","embeddable":true,"href":"https:\/\/beescience.eu\/es\/wp-json\/wp\/v2\/product_brand?post=8096"},{"taxonomy":"product_cat","embeddable":true,"href":"https:\/\/beescience.eu\/es\/wp-json\/wp\/v2\/product_cat?post=8096"},{"taxonomy":"product_tag","embeddable":true,"href":"https:\/\/beescience.eu\/es\/wp-json\/wp\/v2\/product_tag?post=8096"}],"curies":[{"name":"wp","href":"https:\/\/api.w.org\/{rel}","templated":true}]}}