{"id":8091,"date":"2025-04-16T05:25:08","date_gmt":"2025-04-16T05:25:08","guid":{"rendered":"https:\/\/beescience.eu\/produs\/pate-superproteico\/"},"modified":"2025-04-16T05:25:08","modified_gmt":"2025-04-16T02:25:08","slug":"pate-superproteico","status":"publish","type":"product","link":"https:\/\/beescience.eu\/es\/produs\/pate-superproteico\/","title":{"rendered":"Pat\u00e9 superproteico"},"content":{"rendered":"","protected":false},"excerpt":{"rendered":"<p><strong>Innovaci\u00f3n l\u00edder en nutrici\u00f3n ap\u00edcola<\/strong><\/p>\n<p>Creado mediante investigaci\u00f3n avanzada para ofrecer el m\u00e1ximo rendimiento.<strong> Con un perfil<\/strong>nutricional superior, proporciona un aporte \u00f3ptimo de amino\u00e1cidos, macro y micronutrientes esenciales para la salud y la productividad de las abejas.<\/p>\n","protected":false},"featured_media":7133,"comment_status":"open","ping_status":"closed","template":"","meta":[],"product_brand":[],"product_cat":[147],"product_tag":[],"class_list":{"0":"post-8091","1":"product","2":"type-product","3":"status-publish","4":"has-post-thumbnail","6":"product_cat-alimentos-proteicos","7":"pa_problema-abordata-aumentar-la-respuesta-inmunitaria","8":"pa_problema-abordata-corregir-las-deficiencias-proteinicas","9":"pa_problema-abordata-desarrollo-de-la-familia-apicola","10":"pa_sezon-otono","11":"pa_sezon-primavera","12":"pa_sezon-verano","14":"first","15":"instock","16":"shipping-taxable","17":"product-type-simple"},"yoast_head":"<!-- This site is optimized with the Yoast SEO plugin v27.4 - https:\/\/yoast.com\/product\/yoast-seo-wordpress\/ -->\n<title>Pat\u00e9 superproteico - BeeScience<\/title>\n<meta name=\"robots\" content=\"index, follow, max-snippet:-1, max-image-preview:large, max-video-preview:-1\" \/>\n<link rel=\"canonical\" href=\"https:\/\/beescience.eu\/es\/produs\/pate-superproteico\/\" \/>\n<meta property=\"og:locale\" content=\"es_ES\" \/>\n<meta property=\"og:type\" content=\"article\" \/>\n<meta property=\"og:title\" content=\"Pat\u00e9 superproteico - BeeScience\" \/>\n<meta property=\"og:description\" content=\"Innovaci\u00f3n l\u00edder en nutrici\u00f3n ap\u00edcola Creado mediante investigaci\u00f3n avanzada para ofrecer el m\u00e1ximo rendimiento. Con un perfilnutricional superior, proporciona un aporte \u00f3ptimo de amino\u00e1cidos, macro y micronutrientes esenciales para la salud y la productividad de las abejas.\" \/>\n<meta property=\"og:url\" content=\"https:\/\/beescience.eu\/es\/produs\/pate-superproteico\/\" \/>\n<meta property=\"og:site_name\" content=\"BeeScience\" \/>\n<meta property=\"og:image\" content=\"https:\/\/beescience.eu\/wp-content\/uploads\/2025\/04\/spp.png\" \/>\n\t<meta property=\"og:image:width\" content=\"1000\" \/>\n\t<meta property=\"og:image:height\" content=\"1500\" \/>\n\t<meta property=\"og:image:type\" content=\"image\/png\" \/>\n<meta name=\"twitter:card\" content=\"summary_large_image\" \/>\n<script type=\"application\/ld+json\" class=\"yoast-schema-graph\">{\"@context\":\"https:\\\/\\\/schema.org\",\"@graph\":[{\"@type\":\"WebPage\",\"@id\":\"https:\\\/\\\/beescience.eu\\\/es\\\/produs\\\/pate-superproteico\\\/\",\"url\":\"https:\\\/\\\/beescience.eu\\\/es\\\/produs\\\/pate-superproteico\\\/\",\"name\":\"Pat\u00e9 superproteico - BeeScience\",\"isPartOf\":{\"@id\":\"https:\\\/\\\/beescience.eu\\\/es\\\/#website\"},\"primaryImageOfPage\":{\"@id\":\"https:\\\/\\\/beescience.eu\\\/es\\\/produs\\\/pate-superproteico\\\/#primaryimage\"},\"image\":{\"@id\":\"https:\\\/\\\/beescience.eu\\\/es\\\/produs\\\/pate-superproteico\\\/#primaryimage\"},\"thumbnailUrl\":\"https:\\\/\\\/beescience.eu\\\/wp-content\\\/uploads\\\/2025\\\/04\\\/spp.png\",\"datePublished\":\"2025-04-16T05:25:08+00:00\",\"breadcrumb\":{\"@id\":\"https:\\\/\\\/beescience.eu\\\/es\\\/produs\\\/pate-superproteico\\\/#breadcrumb\"},\"inLanguage\":\"es\",\"potentialAction\":[{\"@type\":\"ReadAction\",\"target\":[\"https:\\\/\\\/beescience.eu\\\/es\\\/produs\\\/pate-superproteico\\\/\"]}]},{\"@type\":\"ImageObject\",\"inLanguage\":\"es\",\"@id\":\"https:\\\/\\\/beescience.eu\\\/es\\\/produs\\\/pate-superproteico\\\/#primaryimage\",\"url\":\"https:\\\/\\\/beescience.eu\\\/wp-content\\\/uploads\\\/2025\\\/04\\\/spp.png\",\"contentUrl\":\"https:\\\/\\\/beescience.eu\\\/wp-content\\\/uploads\\\/2025\\\/04\\\/spp.png\",\"width\":1000,\"height\":1500},{\"@type\":\"BreadcrumbList\",\"@id\":\"https:\\\/\\\/beescience.eu\\\/es\\\/produs\\\/pate-superproteico\\\/#breadcrumb\",\"itemListElement\":[{\"@type\":\"ListItem\",\"position\":1,\"name\":\"Prima pagin\u0103\",\"item\":\"https:\\\/\\\/beescience.eu\\\/es\\\/\"},{\"@type\":\"ListItem\",\"position\":2,\"name\":\"Tienda\",\"item\":\"https:\\\/\\\/beescience.eu\\\/es\\\/tienda\\\/\"},{\"@type\":\"ListItem\",\"position\":3,\"name\":\"Pat\u00e9 superproteico\"}]},{\"@type\":\"WebSite\",\"@id\":\"https:\\\/\\\/beescience.eu\\\/es\\\/#website\",\"url\":\"https:\\\/\\\/beescience.eu\\\/es\\\/\",\"name\":\"BeeScience\",\"description\":\"\",\"publisher\":{\"@id\":\"https:\\\/\\\/beescience.eu\\\/es\\\/#organization\"},\"potentialAction\":[{\"@type\":\"SearchAction\",\"target\":{\"@type\":\"EntryPoint\",\"urlTemplate\":\"https:\\\/\\\/beescience.eu\\\/es\\\/?s={search_term_string}\"},\"query-input\":{\"@type\":\"PropertyValueSpecification\",\"valueRequired\":true,\"valueName\":\"search_term_string\"}}],\"inLanguage\":\"es\"},{\"@type\":\"Organization\",\"@id\":\"https:\\\/\\\/beescience.eu\\\/es\\\/#organization\",\"name\":\"BeeScience\",\"url\":\"https:\\\/\\\/beescience.eu\\\/es\\\/\",\"logo\":{\"@type\":\"ImageObject\",\"inLanguage\":\"es\",\"@id\":\"https:\\\/\\\/beescience.eu\\\/es\\\/#\\\/schema\\\/logo\\\/image\\\/\",\"url\":\"https:\\\/\\\/beescience.eu\\\/wp-content\\\/uploads\\\/2025\\\/05\\\/logo-simplu-dark.png\",\"contentUrl\":\"https:\\\/\\\/beescience.eu\\\/wp-content\\\/uploads\\\/2025\\\/05\\\/logo-simplu-dark.png\",\"width\":400,\"height\":150,\"caption\":\"BeeScience\"},\"image\":{\"@id\":\"https:\\\/\\\/beescience.eu\\\/es\\\/#\\\/schema\\\/logo\\\/image\\\/\"}}]}<\/script>\n<!-- \/ Yoast SEO plugin. -->","yoast_head_json":{"title":"Pat\u00e9 superproteico - BeeScience","robots":{"index":"index","follow":"follow","max-snippet":"max-snippet:-1","max-image-preview":"max-image-preview:large","max-video-preview":"max-video-preview:-1"},"canonical":"https:\/\/beescience.eu\/es\/produs\/pate-superproteico\/","og_locale":"es_ES","og_type":"article","og_title":"Pat\u00e9 superproteico - BeeScience","og_description":"Innovaci\u00f3n l\u00edder en nutrici\u00f3n ap\u00edcola Creado mediante investigaci\u00f3n avanzada para ofrecer el m\u00e1ximo rendimiento. Con un perfilnutricional superior, proporciona un aporte \u00f3ptimo de amino\u00e1cidos, macro y micronutrientes esenciales para la salud y la productividad de las abejas.","og_url":"https:\/\/beescience.eu\/es\/produs\/pate-superproteico\/","og_site_name":"BeeScience","og_image":[{"width":1000,"height":1500,"url":"https:\/\/beescience.eu\/wp-content\/uploads\/2025\/04\/spp.png","type":"image\/png"}],"twitter_card":"summary_large_image","schema":{"@context":"https:\/\/schema.org","@graph":[{"@type":"WebPage","@id":"https:\/\/beescience.eu\/es\/produs\/pate-superproteico\/","url":"https:\/\/beescience.eu\/es\/produs\/pate-superproteico\/","name":"Pat\u00e9 superproteico - BeeScience","isPartOf":{"@id":"https:\/\/beescience.eu\/es\/#website"},"primaryImageOfPage":{"@id":"https:\/\/beescience.eu\/es\/produs\/pate-superproteico\/#primaryimage"},"image":{"@id":"https:\/\/beescience.eu\/es\/produs\/pate-superproteico\/#primaryimage"},"thumbnailUrl":"https:\/\/beescience.eu\/wp-content\/uploads\/2025\/04\/spp.png","datePublished":"2025-04-16T05:25:08+00:00","breadcrumb":{"@id":"https:\/\/beescience.eu\/es\/produs\/pate-superproteico\/#breadcrumb"},"inLanguage":"es","potentialAction":[{"@type":"ReadAction","target":["https:\/\/beescience.eu\/es\/produs\/pate-superproteico\/"]}]},{"@type":"ImageObject","inLanguage":"es","@id":"https:\/\/beescience.eu\/es\/produs\/pate-superproteico\/#primaryimage","url":"https:\/\/beescience.eu\/wp-content\/uploads\/2025\/04\/spp.png","contentUrl":"https:\/\/beescience.eu\/wp-content\/uploads\/2025\/04\/spp.png","width":1000,"height":1500},{"@type":"BreadcrumbList","@id":"https:\/\/beescience.eu\/es\/produs\/pate-superproteico\/#breadcrumb","itemListElement":[{"@type":"ListItem","position":1,"name":"Prima pagin\u0103","item":"https:\/\/beescience.eu\/es\/"},{"@type":"ListItem","position":2,"name":"Tienda","item":"https:\/\/beescience.eu\/es\/tienda\/"},{"@type":"ListItem","position":3,"name":"Pat\u00e9 superproteico"}]},{"@type":"WebSite","@id":"https:\/\/beescience.eu\/es\/#website","url":"https:\/\/beescience.eu\/es\/","name":"BeeScience","description":"","publisher":{"@id":"https:\/\/beescience.eu\/es\/#organization"},"potentialAction":[{"@type":"SearchAction","target":{"@type":"EntryPoint","urlTemplate":"https:\/\/beescience.eu\/es\/?s={search_term_string}"},"query-input":{"@type":"PropertyValueSpecification","valueRequired":true,"valueName":"search_term_string"}}],"inLanguage":"es"},{"@type":"Organization","@id":"https:\/\/beescience.eu\/es\/#organization","name":"BeeScience","url":"https:\/\/beescience.eu\/es\/","logo":{"@type":"ImageObject","inLanguage":"es","@id":"https:\/\/beescience.eu\/es\/#\/schema\/logo\/image\/","url":"https:\/\/beescience.eu\/wp-content\/uploads\/2025\/05\/logo-simplu-dark.png","contentUrl":"https:\/\/beescience.eu\/wp-content\/uploads\/2025\/05\/logo-simplu-dark.png","width":400,"height":150,"caption":"BeeScience"},"image":{"@id":"https:\/\/beescience.eu\/es\/#\/schema\/logo\/image\/"}}]}},"_links":{"self":[{"href":"https:\/\/beescience.eu\/es\/wp-json\/wp\/v2\/product\/8091","targetHints":{"allow":["GET"]}}],"collection":[{"href":"https:\/\/beescience.eu\/es\/wp-json\/wp\/v2\/product"}],"about":[{"href":"https:\/\/beescience.eu\/es\/wp-json\/wp\/v2\/types\/product"}],"replies":[{"embeddable":true,"href":"https:\/\/beescience.eu\/es\/wp-json\/wp\/v2\/comments?post=8091"}],"version-history":[{"count":0,"href":"https:\/\/beescience.eu\/es\/wp-json\/wp\/v2\/product\/8091\/revisions"}],"wp:featuredmedia":[{"embeddable":true,"href":"https:\/\/beescience.eu\/es\/wp-json\/wp\/v2\/media\/7133"}],"wp:attachment":[{"href":"https:\/\/beescience.eu\/es\/wp-json\/wp\/v2\/media?parent=8091"}],"wp:term":[{"taxonomy":"product_brand","embeddable":true,"href":"https:\/\/beescience.eu\/es\/wp-json\/wp\/v2\/product_brand?post=8091"},{"taxonomy":"product_cat","embeddable":true,"href":"https:\/\/beescience.eu\/es\/wp-json\/wp\/v2\/product_cat?post=8091"},{"taxonomy":"product_tag","embeddable":true,"href":"https:\/\/beescience.eu\/es\/wp-json\/wp\/v2\/product_tag?post=8091"}],"curies":[{"name":"wp","href":"https:\/\/api.w.org\/{rel}","templated":true}]}}