{"id":8089,"date":"2025-04-15T09:19:41","date_gmt":"2025-04-15T06:19:41","guid":{"rendered":"https:\/\/beescience.eu\/produs\/pastel-de-vitaminas-y-proteinas\/"},"modified":"2025-04-15T09:19:41","modified_gmt":"2025-04-15T06:19:41","slug":"pastel-de-vitaminas-y-proteinas","status":"publish","type":"product","link":"https:\/\/beescience.eu\/es\/produs\/pastel-de-vitaminas-y-proteinas\/","title":{"rendered":"Pastel de vitaminas y prote\u00ednas"},"content":{"rendered":"","protected":false},"excerpt":{"rendered":"<p><strong>El alimento perfecto para abejas fuertes<\/strong>  La f\u00f3rmula enriquecida con prote\u00ednas y amino\u00e1cidos esenciales estimula la formaci\u00f3n del cuerpo graso y garantiza el desarrollo \u00f3ptimo de las familias de abejas, necesario en primavera.<\/p>\n","protected":false},"featured_media":3509,"comment_status":"open","ping_status":"closed","template":"","meta":[],"product_brand":[],"product_cat":[147],"product_tag":[],"class_list":{"0":"post-8089","1":"product","2":"type-product","3":"status-publish","4":"has-post-thumbnail","6":"product_cat-alimentos-proteicos","7":"pa_problema-abordata-corregir-las-deficiencias-proteinicas","8":"pa_problema-abordata-desarrollo-de-la-familia-apicola","9":"pa_sezon-otono","10":"pa_sezon-primavera","12":"first","13":"instock","14":"shipping-taxable","15":"product-type-simple"},"yoast_head":"<!-- This site is optimized with the Yoast SEO plugin v27.4 - https:\/\/yoast.com\/product\/yoast-seo-wordpress\/ -->\n<title>Pastel de vitaminas y prote\u00ednas - BeeScience<\/title>\n<meta name=\"robots\" content=\"index, follow, max-snippet:-1, max-image-preview:large, max-video-preview:-1\" \/>\n<link rel=\"canonical\" href=\"https:\/\/beescience.eu\/es\/produs\/pastel-de-vitaminas-y-proteinas\/\" \/>\n<meta property=\"og:locale\" content=\"es_ES\" \/>\n<meta property=\"og:type\" content=\"article\" \/>\n<meta property=\"og:title\" content=\"Pastel de vitaminas y prote\u00ednas - BeeScience\" \/>\n<meta property=\"og:description\" content=\"El alimento perfecto para abejas fuertes La f\u00f3rmula enriquecida con prote\u00ednas y amino\u00e1cidos esenciales estimula la formaci\u00f3n del cuerpo graso y garantiza el desarrollo \u00f3ptimo de las familias de abejas, necesario en primavera.\" \/>\n<meta property=\"og:url\" content=\"https:\/\/beescience.eu\/es\/produs\/pastel-de-vitaminas-y-proteinas\/\" \/>\n<meta property=\"og:site_name\" content=\"BeeScience\" \/>\n<meta property=\"og:image\" content=\"https:\/\/beescience.eu\/wp-content\/uploads\/2025\/04\/turta-vitamine-proteine-683x1024.png\" \/>\n\t<meta property=\"og:image:width\" content=\"683\" \/>\n\t<meta property=\"og:image:height\" content=\"1024\" \/>\n\t<meta property=\"og:image:type\" content=\"image\/png\" \/>\n<meta name=\"twitter:card\" content=\"summary_large_image\" \/>\n<script type=\"application\/ld+json\" class=\"yoast-schema-graph\">{\"@context\":\"https:\\\/\\\/schema.org\",\"@graph\":[{\"@type\":\"WebPage\",\"@id\":\"https:\\\/\\\/beescience.eu\\\/es\\\/produs\\\/pastel-de-vitaminas-y-proteinas\\\/\",\"url\":\"https:\\\/\\\/beescience.eu\\\/es\\\/produs\\\/pastel-de-vitaminas-y-proteinas\\\/\",\"name\":\"Pastel de vitaminas y prote\u00ednas - BeeScience\",\"isPartOf\":{\"@id\":\"https:\\\/\\\/beescience.eu\\\/es\\\/#website\"},\"primaryImageOfPage\":{\"@id\":\"https:\\\/\\\/beescience.eu\\\/es\\\/produs\\\/pastel-de-vitaminas-y-proteinas\\\/#primaryimage\"},\"image\":{\"@id\":\"https:\\\/\\\/beescience.eu\\\/es\\\/produs\\\/pastel-de-vitaminas-y-proteinas\\\/#primaryimage\"},\"thumbnailUrl\":\"https:\\\/\\\/beescience.eu\\\/wp-content\\\/uploads\\\/2025\\\/04\\\/turta-vitamine-proteine.png\",\"datePublished\":\"2025-04-15T06:19:41+00:00\",\"breadcrumb\":{\"@id\":\"https:\\\/\\\/beescience.eu\\\/es\\\/produs\\\/pastel-de-vitaminas-y-proteinas\\\/#breadcrumb\"},\"inLanguage\":\"es\",\"potentialAction\":[{\"@type\":\"ReadAction\",\"target\":[\"https:\\\/\\\/beescience.eu\\\/es\\\/produs\\\/pastel-de-vitaminas-y-proteinas\\\/\"]}]},{\"@type\":\"ImageObject\",\"inLanguage\":\"es\",\"@id\":\"https:\\\/\\\/beescience.eu\\\/es\\\/produs\\\/pastel-de-vitaminas-y-proteinas\\\/#primaryimage\",\"url\":\"https:\\\/\\\/beescience.eu\\\/wp-content\\\/uploads\\\/2025\\\/04\\\/turta-vitamine-proteine.png\",\"contentUrl\":\"https:\\\/\\\/beescience.eu\\\/wp-content\\\/uploads\\\/2025\\\/04\\\/turta-vitamine-proteine.png\",\"width\":1000,\"height\":1500},{\"@type\":\"BreadcrumbList\",\"@id\":\"https:\\\/\\\/beescience.eu\\\/es\\\/produs\\\/pastel-de-vitaminas-y-proteinas\\\/#breadcrumb\",\"itemListElement\":[{\"@type\":\"ListItem\",\"position\":1,\"name\":\"Prima pagin\u0103\",\"item\":\"https:\\\/\\\/beescience.eu\\\/es\\\/\"},{\"@type\":\"ListItem\",\"position\":2,\"name\":\"Tienda\",\"item\":\"https:\\\/\\\/beescience.eu\\\/es\\\/tienda\\\/\"},{\"@type\":\"ListItem\",\"position\":3,\"name\":\"Pastel de vitaminas y prote\u00ednas\"}]},{\"@type\":\"WebSite\",\"@id\":\"https:\\\/\\\/beescience.eu\\\/es\\\/#website\",\"url\":\"https:\\\/\\\/beescience.eu\\\/es\\\/\",\"name\":\"BeeScience\",\"description\":\"\",\"publisher\":{\"@id\":\"https:\\\/\\\/beescience.eu\\\/es\\\/#organization\"},\"potentialAction\":[{\"@type\":\"SearchAction\",\"target\":{\"@type\":\"EntryPoint\",\"urlTemplate\":\"https:\\\/\\\/beescience.eu\\\/es\\\/?s={search_term_string}\"},\"query-input\":{\"@type\":\"PropertyValueSpecification\",\"valueRequired\":true,\"valueName\":\"search_term_string\"}}],\"inLanguage\":\"es\"},{\"@type\":\"Organization\",\"@id\":\"https:\\\/\\\/beescience.eu\\\/es\\\/#organization\",\"name\":\"BeeScience\",\"url\":\"https:\\\/\\\/beescience.eu\\\/es\\\/\",\"logo\":{\"@type\":\"ImageObject\",\"inLanguage\":\"es\",\"@id\":\"https:\\\/\\\/beescience.eu\\\/es\\\/#\\\/schema\\\/logo\\\/image\\\/\",\"url\":\"https:\\\/\\\/beescience.eu\\\/wp-content\\\/uploads\\\/2025\\\/05\\\/logo-simplu-dark.png\",\"contentUrl\":\"https:\\\/\\\/beescience.eu\\\/wp-content\\\/uploads\\\/2025\\\/05\\\/logo-simplu-dark.png\",\"width\":400,\"height\":150,\"caption\":\"BeeScience\"},\"image\":{\"@id\":\"https:\\\/\\\/beescience.eu\\\/es\\\/#\\\/schema\\\/logo\\\/image\\\/\"}}]}<\/script>\n<!-- \/ Yoast SEO plugin. -->","yoast_head_json":{"title":"Pastel de vitaminas y prote\u00ednas - BeeScience","robots":{"index":"index","follow":"follow","max-snippet":"max-snippet:-1","max-image-preview":"max-image-preview:large","max-video-preview":"max-video-preview:-1"},"canonical":"https:\/\/beescience.eu\/es\/produs\/pastel-de-vitaminas-y-proteinas\/","og_locale":"es_ES","og_type":"article","og_title":"Pastel de vitaminas y prote\u00ednas - BeeScience","og_description":"El alimento perfecto para abejas fuertes La f\u00f3rmula enriquecida con prote\u00ednas y amino\u00e1cidos esenciales estimula la formaci\u00f3n del cuerpo graso y garantiza el desarrollo \u00f3ptimo de las familias de abejas, necesario en primavera.","og_url":"https:\/\/beescience.eu\/es\/produs\/pastel-de-vitaminas-y-proteinas\/","og_site_name":"BeeScience","og_image":[{"width":683,"height":1024,"url":"https:\/\/beescience.eu\/wp-content\/uploads\/2025\/04\/turta-vitamine-proteine-683x1024.png","type":"image\/png"}],"twitter_card":"summary_large_image","schema":{"@context":"https:\/\/schema.org","@graph":[{"@type":"WebPage","@id":"https:\/\/beescience.eu\/es\/produs\/pastel-de-vitaminas-y-proteinas\/","url":"https:\/\/beescience.eu\/es\/produs\/pastel-de-vitaminas-y-proteinas\/","name":"Pastel de vitaminas y prote\u00ednas - BeeScience","isPartOf":{"@id":"https:\/\/beescience.eu\/es\/#website"},"primaryImageOfPage":{"@id":"https:\/\/beescience.eu\/es\/produs\/pastel-de-vitaminas-y-proteinas\/#primaryimage"},"image":{"@id":"https:\/\/beescience.eu\/es\/produs\/pastel-de-vitaminas-y-proteinas\/#primaryimage"},"thumbnailUrl":"https:\/\/beescience.eu\/wp-content\/uploads\/2025\/04\/turta-vitamine-proteine.png","datePublished":"2025-04-15T06:19:41+00:00","breadcrumb":{"@id":"https:\/\/beescience.eu\/es\/produs\/pastel-de-vitaminas-y-proteinas\/#breadcrumb"},"inLanguage":"es","potentialAction":[{"@type":"ReadAction","target":["https:\/\/beescience.eu\/es\/produs\/pastel-de-vitaminas-y-proteinas\/"]}]},{"@type":"ImageObject","inLanguage":"es","@id":"https:\/\/beescience.eu\/es\/produs\/pastel-de-vitaminas-y-proteinas\/#primaryimage","url":"https:\/\/beescience.eu\/wp-content\/uploads\/2025\/04\/turta-vitamine-proteine.png","contentUrl":"https:\/\/beescience.eu\/wp-content\/uploads\/2025\/04\/turta-vitamine-proteine.png","width":1000,"height":1500},{"@type":"BreadcrumbList","@id":"https:\/\/beescience.eu\/es\/produs\/pastel-de-vitaminas-y-proteinas\/#breadcrumb","itemListElement":[{"@type":"ListItem","position":1,"name":"Prima pagin\u0103","item":"https:\/\/beescience.eu\/es\/"},{"@type":"ListItem","position":2,"name":"Tienda","item":"https:\/\/beescience.eu\/es\/tienda\/"},{"@type":"ListItem","position":3,"name":"Pastel de vitaminas y prote\u00ednas"}]},{"@type":"WebSite","@id":"https:\/\/beescience.eu\/es\/#website","url":"https:\/\/beescience.eu\/es\/","name":"BeeScience","description":"","publisher":{"@id":"https:\/\/beescience.eu\/es\/#organization"},"potentialAction":[{"@type":"SearchAction","target":{"@type":"EntryPoint","urlTemplate":"https:\/\/beescience.eu\/es\/?s={search_term_string}"},"query-input":{"@type":"PropertyValueSpecification","valueRequired":true,"valueName":"search_term_string"}}],"inLanguage":"es"},{"@type":"Organization","@id":"https:\/\/beescience.eu\/es\/#organization","name":"BeeScience","url":"https:\/\/beescience.eu\/es\/","logo":{"@type":"ImageObject","inLanguage":"es","@id":"https:\/\/beescience.eu\/es\/#\/schema\/logo\/image\/","url":"https:\/\/beescience.eu\/wp-content\/uploads\/2025\/05\/logo-simplu-dark.png","contentUrl":"https:\/\/beescience.eu\/wp-content\/uploads\/2025\/05\/logo-simplu-dark.png","width":400,"height":150,"caption":"BeeScience"},"image":{"@id":"https:\/\/beescience.eu\/es\/#\/schema\/logo\/image\/"}}]}},"_links":{"self":[{"href":"https:\/\/beescience.eu\/es\/wp-json\/wp\/v2\/product\/8089","targetHints":{"allow":["GET"]}}],"collection":[{"href":"https:\/\/beescience.eu\/es\/wp-json\/wp\/v2\/product"}],"about":[{"href":"https:\/\/beescience.eu\/es\/wp-json\/wp\/v2\/types\/product"}],"replies":[{"embeddable":true,"href":"https:\/\/beescience.eu\/es\/wp-json\/wp\/v2\/comments?post=8089"}],"version-history":[{"count":0,"href":"https:\/\/beescience.eu\/es\/wp-json\/wp\/v2\/product\/8089\/revisions"}],"wp:featuredmedia":[{"embeddable":true,"href":"https:\/\/beescience.eu\/es\/wp-json\/wp\/v2\/media\/3509"}],"wp:attachment":[{"href":"https:\/\/beescience.eu\/es\/wp-json\/wp\/v2\/media?parent=8089"}],"wp:term":[{"taxonomy":"product_brand","embeddable":true,"href":"https:\/\/beescience.eu\/es\/wp-json\/wp\/v2\/product_brand?post=8089"},{"taxonomy":"product_cat","embeddable":true,"href":"https:\/\/beescience.eu\/es\/wp-json\/wp\/v2\/product_cat?post=8089"},{"taxonomy":"product_tag","embeddable":true,"href":"https:\/\/beescience.eu\/es\/wp-json\/wp\/v2\/product_tag?post=8089"}],"curies":[{"name":"wp","href":"https:\/\/api.w.org\/{rel}","templated":true}]}}