{"id":8764,"date":"2025-04-16T05:30:25","date_gmt":"2025-04-16T05:30:25","guid":{"rendered":"https:\/\/beescience.eu\/produs\/apiplant\/"},"modified":"2025-04-16T05:30:25","modified_gmt":"2025-04-16T02:30:25","slug":"apiplant","status":"publish","type":"product","link":"https:\/\/beescience.eu\/de\/produs\/apiplant\/","title":{"rendered":"Apiplant"},"content":{"rendered":"","protected":false},"excerpt":{"rendered":"<p><strong>Fortschrittlicher Bienenschutz und Stimulation!<\/strong>  Apiplant, das mit Hilfe der Nanopartikeltechnologie formuliert wurde, ist ein Pflanzenextrakt, der die Gesundheit des Bienenvolkes unterst\u00fctzt, die Stimulation der Bienenstockspitzen f\u00f6rdert und die Langlebigkeit der Bienen erh\u00f6ht.<\/p>\n","protected":false},"featured_media":3607,"comment_status":"open","ping_status":"closed","template":"","meta":[],"product_brand":[],"product_cat":[189],"product_tag":[],"class_list":{"0":"post-8764","1":"product","2":"type-product","3":"status-publish","4":"has-post-thumbnail","6":"product_cat-losungen-zur-forderung-der-bienengesundheit","7":"pa_problema-abordata-entwicklung-der-bienenfamilie","8":"pa_problema-abordata-starkung-der-immunantwort","9":"pa_sezon-alle-jahreszeiten","11":"first","12":"instock","13":"shipping-taxable","14":"product-type-simple"},"yoast_head":"<!-- This site is optimized with the Yoast SEO plugin v27.4 - https:\/\/yoast.com\/product\/yoast-seo-wordpress\/ -->\n<title>Apiplant - BeeScience<\/title>\n<meta name=\"robots\" content=\"index, follow, max-snippet:-1, max-image-preview:large, max-video-preview:-1\" \/>\n<link rel=\"canonical\" href=\"https:\/\/beescience.eu\/de\/produs\/apiplant\/\" \/>\n<meta property=\"og:locale\" content=\"de_DE\" \/>\n<meta property=\"og:type\" content=\"article\" \/>\n<meta property=\"og:title\" content=\"Apiplant - BeeScience\" \/>\n<meta property=\"og:description\" content=\"Fortschrittlicher Bienenschutz und Stimulation! Apiplant, das mit Hilfe der Nanopartikeltechnologie formuliert wurde, ist ein Pflanzenextrakt, der die Gesundheit des Bienenvolkes unterst\u00fctzt, die Stimulation der Bienenstockspitzen f\u00f6rdert und die Langlebigkeit der Bienen erh\u00f6ht.\" \/>\n<meta property=\"og:url\" content=\"https:\/\/beescience.eu\/de\/produs\/apiplant\/\" \/>\n<meta property=\"og:site_name\" content=\"BeeScience\" \/>\n<meta property=\"og:image\" content=\"https:\/\/beescience.eu\/wp-content\/uploads\/2025\/04\/apiplant.png\" \/>\n\t<meta property=\"og:image:width\" content=\"1000\" \/>\n\t<meta property=\"og:image:height\" content=\"1500\" \/>\n\t<meta property=\"og:image:type\" content=\"image\/png\" \/>\n<meta name=\"twitter:card\" content=\"summary_large_image\" \/>\n<script type=\"application\/ld+json\" class=\"yoast-schema-graph\">{\"@context\":\"https:\\\/\\\/schema.org\",\"@graph\":[{\"@type\":\"WebPage\",\"@id\":\"https:\\\/\\\/beescience.eu\\\/de\\\/produs\\\/apiplant\\\/\",\"url\":\"https:\\\/\\\/beescience.eu\\\/de\\\/produs\\\/apiplant\\\/\",\"name\":\"Apiplant - BeeScience\",\"isPartOf\":{\"@id\":\"https:\\\/\\\/beescience.eu\\\/de\\\/#website\"},\"primaryImageOfPage\":{\"@id\":\"https:\\\/\\\/beescience.eu\\\/de\\\/produs\\\/apiplant\\\/#primaryimage\"},\"image\":{\"@id\":\"https:\\\/\\\/beescience.eu\\\/de\\\/produs\\\/apiplant\\\/#primaryimage\"},\"thumbnailUrl\":\"https:\\\/\\\/beescience.eu\\\/wp-content\\\/uploads\\\/2025\\\/04\\\/apiplant.png\",\"datePublished\":\"2025-04-16T05:30:25+00:00\",\"breadcrumb\":{\"@id\":\"https:\\\/\\\/beescience.eu\\\/de\\\/produs\\\/apiplant\\\/#breadcrumb\"},\"inLanguage\":\"de\",\"potentialAction\":[{\"@type\":\"ReadAction\",\"target\":[\"https:\\\/\\\/beescience.eu\\\/de\\\/produs\\\/apiplant\\\/\"]}]},{\"@type\":\"ImageObject\",\"inLanguage\":\"de\",\"@id\":\"https:\\\/\\\/beescience.eu\\\/de\\\/produs\\\/apiplant\\\/#primaryimage\",\"url\":\"https:\\\/\\\/beescience.eu\\\/wp-content\\\/uploads\\\/2025\\\/04\\\/apiplant.png\",\"contentUrl\":\"https:\\\/\\\/beescience.eu\\\/wp-content\\\/uploads\\\/2025\\\/04\\\/apiplant.png\",\"width\":1000,\"height\":1500},{\"@type\":\"BreadcrumbList\",\"@id\":\"https:\\\/\\\/beescience.eu\\\/de\\\/produs\\\/apiplant\\\/#breadcrumb\",\"itemListElement\":[{\"@type\":\"ListItem\",\"position\":1,\"name\":\"Prima pagin\u0103\",\"item\":\"https:\\\/\\\/beescience.eu\\\/de\\\/\"},{\"@type\":\"ListItem\",\"position\":2,\"name\":\"Shop\",\"item\":\"https:\\\/\\\/beescience.eu\\\/de\\\/shop\\\/\"},{\"@type\":\"ListItem\",\"position\":3,\"name\":\"Apiplant\"}]},{\"@type\":\"WebSite\",\"@id\":\"https:\\\/\\\/beescience.eu\\\/de\\\/#website\",\"url\":\"https:\\\/\\\/beescience.eu\\\/de\\\/\",\"name\":\"BeeScience\",\"description\":\"\",\"publisher\":{\"@id\":\"https:\\\/\\\/beescience.eu\\\/de\\\/#organization\"},\"potentialAction\":[{\"@type\":\"SearchAction\",\"target\":{\"@type\":\"EntryPoint\",\"urlTemplate\":\"https:\\\/\\\/beescience.eu\\\/de\\\/?s={search_term_string}\"},\"query-input\":{\"@type\":\"PropertyValueSpecification\",\"valueRequired\":true,\"valueName\":\"search_term_string\"}}],\"inLanguage\":\"de\"},{\"@type\":\"Organization\",\"@id\":\"https:\\\/\\\/beescience.eu\\\/de\\\/#organization\",\"name\":\"BeeScience\",\"url\":\"https:\\\/\\\/beescience.eu\\\/de\\\/\",\"logo\":{\"@type\":\"ImageObject\",\"inLanguage\":\"de\",\"@id\":\"https:\\\/\\\/beescience.eu\\\/de\\\/#\\\/schema\\\/logo\\\/image\\\/\",\"url\":\"https:\\\/\\\/beescience.eu\\\/wp-content\\\/uploads\\\/2025\\\/05\\\/logo-simplu-dark.png\",\"contentUrl\":\"https:\\\/\\\/beescience.eu\\\/wp-content\\\/uploads\\\/2025\\\/05\\\/logo-simplu-dark.png\",\"width\":400,\"height\":150,\"caption\":\"BeeScience\"},\"image\":{\"@id\":\"https:\\\/\\\/beescience.eu\\\/de\\\/#\\\/schema\\\/logo\\\/image\\\/\"}}]}<\/script>\n<!-- \/ Yoast SEO plugin. -->","yoast_head_json":{"title":"Apiplant - BeeScience","robots":{"index":"index","follow":"follow","max-snippet":"max-snippet:-1","max-image-preview":"max-image-preview:large","max-video-preview":"max-video-preview:-1"},"canonical":"https:\/\/beescience.eu\/de\/produs\/apiplant\/","og_locale":"de_DE","og_type":"article","og_title":"Apiplant - BeeScience","og_description":"Fortschrittlicher Bienenschutz und Stimulation! Apiplant, das mit Hilfe der Nanopartikeltechnologie formuliert wurde, ist ein Pflanzenextrakt, der die Gesundheit des Bienenvolkes unterst\u00fctzt, die Stimulation der Bienenstockspitzen f\u00f6rdert und die Langlebigkeit der Bienen erh\u00f6ht.","og_url":"https:\/\/beescience.eu\/de\/produs\/apiplant\/","og_site_name":"BeeScience","og_image":[{"width":1000,"height":1500,"url":"https:\/\/beescience.eu\/wp-content\/uploads\/2025\/04\/apiplant.png","type":"image\/png"}],"twitter_card":"summary_large_image","schema":{"@context":"https:\/\/schema.org","@graph":[{"@type":"WebPage","@id":"https:\/\/beescience.eu\/de\/produs\/apiplant\/","url":"https:\/\/beescience.eu\/de\/produs\/apiplant\/","name":"Apiplant - BeeScience","isPartOf":{"@id":"https:\/\/beescience.eu\/de\/#website"},"primaryImageOfPage":{"@id":"https:\/\/beescience.eu\/de\/produs\/apiplant\/#primaryimage"},"image":{"@id":"https:\/\/beescience.eu\/de\/produs\/apiplant\/#primaryimage"},"thumbnailUrl":"https:\/\/beescience.eu\/wp-content\/uploads\/2025\/04\/apiplant.png","datePublished":"2025-04-16T05:30:25+00:00","breadcrumb":{"@id":"https:\/\/beescience.eu\/de\/produs\/apiplant\/#breadcrumb"},"inLanguage":"de","potentialAction":[{"@type":"ReadAction","target":["https:\/\/beescience.eu\/de\/produs\/apiplant\/"]}]},{"@type":"ImageObject","inLanguage":"de","@id":"https:\/\/beescience.eu\/de\/produs\/apiplant\/#primaryimage","url":"https:\/\/beescience.eu\/wp-content\/uploads\/2025\/04\/apiplant.png","contentUrl":"https:\/\/beescience.eu\/wp-content\/uploads\/2025\/04\/apiplant.png","width":1000,"height":1500},{"@type":"BreadcrumbList","@id":"https:\/\/beescience.eu\/de\/produs\/apiplant\/#breadcrumb","itemListElement":[{"@type":"ListItem","position":1,"name":"Prima pagin\u0103","item":"https:\/\/beescience.eu\/de\/"},{"@type":"ListItem","position":2,"name":"Shop","item":"https:\/\/beescience.eu\/de\/shop\/"},{"@type":"ListItem","position":3,"name":"Apiplant"}]},{"@type":"WebSite","@id":"https:\/\/beescience.eu\/de\/#website","url":"https:\/\/beescience.eu\/de\/","name":"BeeScience","description":"","publisher":{"@id":"https:\/\/beescience.eu\/de\/#organization"},"potentialAction":[{"@type":"SearchAction","target":{"@type":"EntryPoint","urlTemplate":"https:\/\/beescience.eu\/de\/?s={search_term_string}"},"query-input":{"@type":"PropertyValueSpecification","valueRequired":true,"valueName":"search_term_string"}}],"inLanguage":"de"},{"@type":"Organization","@id":"https:\/\/beescience.eu\/de\/#organization","name":"BeeScience","url":"https:\/\/beescience.eu\/de\/","logo":{"@type":"ImageObject","inLanguage":"de","@id":"https:\/\/beescience.eu\/de\/#\/schema\/logo\/image\/","url":"https:\/\/beescience.eu\/wp-content\/uploads\/2025\/05\/logo-simplu-dark.png","contentUrl":"https:\/\/beescience.eu\/wp-content\/uploads\/2025\/05\/logo-simplu-dark.png","width":400,"height":150,"caption":"BeeScience"},"image":{"@id":"https:\/\/beescience.eu\/de\/#\/schema\/logo\/image\/"}}]}},"_links":{"self":[{"href":"https:\/\/beescience.eu\/de\/wp-json\/wp\/v2\/product\/8764","targetHints":{"allow":["GET"]}}],"collection":[{"href":"https:\/\/beescience.eu\/de\/wp-json\/wp\/v2\/product"}],"about":[{"href":"https:\/\/beescience.eu\/de\/wp-json\/wp\/v2\/types\/product"}],"replies":[{"embeddable":true,"href":"https:\/\/beescience.eu\/de\/wp-json\/wp\/v2\/comments?post=8764"}],"version-history":[{"count":0,"href":"https:\/\/beescience.eu\/de\/wp-json\/wp\/v2\/product\/8764\/revisions"}],"wp:featuredmedia":[{"embeddable":true,"href":"https:\/\/beescience.eu\/de\/wp-json\/wp\/v2\/media\/3607"}],"wp:attachment":[{"href":"https:\/\/beescience.eu\/de\/wp-json\/wp\/v2\/media?parent=8764"}],"wp:term":[{"taxonomy":"product_brand","embeddable":true,"href":"https:\/\/beescience.eu\/de\/wp-json\/wp\/v2\/product_brand?post=8764"},{"taxonomy":"product_cat","embeddable":true,"href":"https:\/\/beescience.eu\/de\/wp-json\/wp\/v2\/product_cat?post=8764"},{"taxonomy":"product_tag","embeddable":true,"href":"https:\/\/beescience.eu\/de\/wp-json\/wp\/v2\/product_tag?post=8764"}],"curies":[{"name":"wp","href":"https:\/\/api.w.org\/{rel}","templated":true}]}}