{"id":8763,"date":"2025-04-16T05:26:28","date_gmt":"2025-04-16T05:26:28","guid":{"rendered":"https:\/\/beescience.eu\/produs\/idealbee-vollstaendiger-sirup\/"},"modified":"2025-04-16T05:26:28","modified_gmt":"2025-04-16T02:26:28","slug":"idealbee-vollstaendiger-sirup","status":"publish","type":"product","link":"https:\/\/beescience.eu\/de\/produs\/idealbee-vollstaendiger-sirup\/","title":{"rendered":"IdealBee Vollst\u00e4ndiger Sirup"},"content":{"rendered":"","protected":false},"excerpt":{"rendered":"<p><strong>Vollst\u00e4ndiger Sirup f\u00fcr eine optimale Entwicklung des Bienenvolkes!<\/strong>  Mit einer Formel, die mit Vitaminen, Mineralien und nat\u00fcrlichen Polyphenolen angereichert ist, stimuliert dieser Sirup die Spitze der Fliege und bietet Schutz gegen Nosema Apis und Ceranae.<\/p>\n","protected":false},"featured_media":3612,"comment_status":"open","ping_status":"closed","template":"","meta":[],"product_brand":[],"product_cat":[184],"product_tag":[],"class_list":{"0":"post-8763","1":"product","2":"type-product","3":"status-publish","4":"has-post-thumbnail","6":"product_cat-energie-lebensmittel","7":"pa_problema-abordata-aufrechterhaltung-der-physiologischen-funktionen","8":"pa_problema-abordata-entwicklung-der-bienenfamilie","9":"pa_problema-abordata-erhaltung-der-vitalitat","10":"pa_problema-abordata-starkung-der-immunantwort","11":"pa_sezon-herbst","12":"pa_sezon-sommer","14":"first","15":"instock","16":"shipping-taxable","17":"product-type-simple"},"yoast_head":"<!-- This site is optimized with the Yoast SEO plugin v27.4 - https:\/\/yoast.com\/product\/yoast-seo-wordpress\/ -->\n<title>IdealBee Vollst\u00e4ndiger Sirup - BeeScience<\/title>\n<meta name=\"robots\" content=\"index, follow, max-snippet:-1, max-image-preview:large, max-video-preview:-1\" \/>\n<link rel=\"canonical\" href=\"https:\/\/beescience.eu\/de\/produs\/idealbee-vollstaendiger-sirup\/\" \/>\n<meta property=\"og:locale\" content=\"de_DE\" \/>\n<meta property=\"og:type\" content=\"article\" \/>\n<meta property=\"og:title\" content=\"IdealBee Vollst\u00e4ndiger Sirup - BeeScience\" \/>\n<meta property=\"og:description\" content=\"Vollst\u00e4ndiger Sirup f\u00fcr eine optimale Entwicklung des Bienenvolkes! Mit einer Formel, die mit Vitaminen, Mineralien und nat\u00fcrlichen Polyphenolen angereichert ist, stimuliert dieser Sirup die Spitze der Fliege und bietet Schutz gegen Nosema Apis und Ceranae.\" \/>\n<meta property=\"og:url\" content=\"https:\/\/beescience.eu\/de\/produs\/idealbee-vollstaendiger-sirup\/\" \/>\n<meta property=\"og:site_name\" content=\"BeeScience\" \/>\n<meta property=\"og:image\" content=\"https:\/\/beescience.eu\/wp-content\/uploads\/2025\/04\/ideal-complete.png\" \/>\n\t<meta property=\"og:image:width\" content=\"1000\" \/>\n\t<meta property=\"og:image:height\" content=\"1500\" \/>\n\t<meta property=\"og:image:type\" content=\"image\/png\" \/>\n<meta name=\"twitter:card\" content=\"summary_large_image\" \/>\n<script type=\"application\/ld+json\" class=\"yoast-schema-graph\">{\"@context\":\"https:\\\/\\\/schema.org\",\"@graph\":[{\"@type\":\"WebPage\",\"@id\":\"https:\\\/\\\/beescience.eu\\\/de\\\/produs\\\/idealbee-vollstaendiger-sirup\\\/\",\"url\":\"https:\\\/\\\/beescience.eu\\\/de\\\/produs\\\/idealbee-vollstaendiger-sirup\\\/\",\"name\":\"IdealBee Vollst\u00e4ndiger Sirup - BeeScience\",\"isPartOf\":{\"@id\":\"https:\\\/\\\/beescience.eu\\\/de\\\/#website\"},\"primaryImageOfPage\":{\"@id\":\"https:\\\/\\\/beescience.eu\\\/de\\\/produs\\\/idealbee-vollstaendiger-sirup\\\/#primaryimage\"},\"image\":{\"@id\":\"https:\\\/\\\/beescience.eu\\\/de\\\/produs\\\/idealbee-vollstaendiger-sirup\\\/#primaryimage\"},\"thumbnailUrl\":\"https:\\\/\\\/beescience.eu\\\/wp-content\\\/uploads\\\/2025\\\/04\\\/ideal-complete.png\",\"datePublished\":\"2025-04-16T05:26:28+00:00\",\"breadcrumb\":{\"@id\":\"https:\\\/\\\/beescience.eu\\\/de\\\/produs\\\/idealbee-vollstaendiger-sirup\\\/#breadcrumb\"},\"inLanguage\":\"de\",\"potentialAction\":[{\"@type\":\"ReadAction\",\"target\":[\"https:\\\/\\\/beescience.eu\\\/de\\\/produs\\\/idealbee-vollstaendiger-sirup\\\/\"]}]},{\"@type\":\"ImageObject\",\"inLanguage\":\"de\",\"@id\":\"https:\\\/\\\/beescience.eu\\\/de\\\/produs\\\/idealbee-vollstaendiger-sirup\\\/#primaryimage\",\"url\":\"https:\\\/\\\/beescience.eu\\\/wp-content\\\/uploads\\\/2025\\\/04\\\/ideal-complete.png\",\"contentUrl\":\"https:\\\/\\\/beescience.eu\\\/wp-content\\\/uploads\\\/2025\\\/04\\\/ideal-complete.png\",\"width\":1000,\"height\":1500},{\"@type\":\"BreadcrumbList\",\"@id\":\"https:\\\/\\\/beescience.eu\\\/de\\\/produs\\\/idealbee-vollstaendiger-sirup\\\/#breadcrumb\",\"itemListElement\":[{\"@type\":\"ListItem\",\"position\":1,\"name\":\"Prima pagin\u0103\",\"item\":\"https:\\\/\\\/beescience.eu\\\/de\\\/\"},{\"@type\":\"ListItem\",\"position\":2,\"name\":\"Shop\",\"item\":\"https:\\\/\\\/beescience.eu\\\/de\\\/shop\\\/\"},{\"@type\":\"ListItem\",\"position\":3,\"name\":\"IdealBee Vollst\u00e4ndiger Sirup\"}]},{\"@type\":\"WebSite\",\"@id\":\"https:\\\/\\\/beescience.eu\\\/de\\\/#website\",\"url\":\"https:\\\/\\\/beescience.eu\\\/de\\\/\",\"name\":\"BeeScience\",\"description\":\"\",\"publisher\":{\"@id\":\"https:\\\/\\\/beescience.eu\\\/de\\\/#organization\"},\"potentialAction\":[{\"@type\":\"SearchAction\",\"target\":{\"@type\":\"EntryPoint\",\"urlTemplate\":\"https:\\\/\\\/beescience.eu\\\/de\\\/?s={search_term_string}\"},\"query-input\":{\"@type\":\"PropertyValueSpecification\",\"valueRequired\":true,\"valueName\":\"search_term_string\"}}],\"inLanguage\":\"de\"},{\"@type\":\"Organization\",\"@id\":\"https:\\\/\\\/beescience.eu\\\/de\\\/#organization\",\"name\":\"BeeScience\",\"url\":\"https:\\\/\\\/beescience.eu\\\/de\\\/\",\"logo\":{\"@type\":\"ImageObject\",\"inLanguage\":\"de\",\"@id\":\"https:\\\/\\\/beescience.eu\\\/de\\\/#\\\/schema\\\/logo\\\/image\\\/\",\"url\":\"https:\\\/\\\/beescience.eu\\\/wp-content\\\/uploads\\\/2025\\\/05\\\/logo-simplu-dark.png\",\"contentUrl\":\"https:\\\/\\\/beescience.eu\\\/wp-content\\\/uploads\\\/2025\\\/05\\\/logo-simplu-dark.png\",\"width\":400,\"height\":150,\"caption\":\"BeeScience\"},\"image\":{\"@id\":\"https:\\\/\\\/beescience.eu\\\/de\\\/#\\\/schema\\\/logo\\\/image\\\/\"}}]}<\/script>\n<!-- \/ Yoast SEO plugin. -->","yoast_head_json":{"title":"IdealBee Vollst\u00e4ndiger Sirup - BeeScience","robots":{"index":"index","follow":"follow","max-snippet":"max-snippet:-1","max-image-preview":"max-image-preview:large","max-video-preview":"max-video-preview:-1"},"canonical":"https:\/\/beescience.eu\/de\/produs\/idealbee-vollstaendiger-sirup\/","og_locale":"de_DE","og_type":"article","og_title":"IdealBee Vollst\u00e4ndiger Sirup - BeeScience","og_description":"Vollst\u00e4ndiger Sirup f\u00fcr eine optimale Entwicklung des Bienenvolkes! Mit einer Formel, die mit Vitaminen, Mineralien und nat\u00fcrlichen Polyphenolen angereichert ist, stimuliert dieser Sirup die Spitze der Fliege und bietet Schutz gegen Nosema Apis und Ceranae.","og_url":"https:\/\/beescience.eu\/de\/produs\/idealbee-vollstaendiger-sirup\/","og_site_name":"BeeScience","og_image":[{"width":1000,"height":1500,"url":"https:\/\/beescience.eu\/wp-content\/uploads\/2025\/04\/ideal-complete.png","type":"image\/png"}],"twitter_card":"summary_large_image","schema":{"@context":"https:\/\/schema.org","@graph":[{"@type":"WebPage","@id":"https:\/\/beescience.eu\/de\/produs\/idealbee-vollstaendiger-sirup\/","url":"https:\/\/beescience.eu\/de\/produs\/idealbee-vollstaendiger-sirup\/","name":"IdealBee Vollst\u00e4ndiger Sirup - BeeScience","isPartOf":{"@id":"https:\/\/beescience.eu\/de\/#website"},"primaryImageOfPage":{"@id":"https:\/\/beescience.eu\/de\/produs\/idealbee-vollstaendiger-sirup\/#primaryimage"},"image":{"@id":"https:\/\/beescience.eu\/de\/produs\/idealbee-vollstaendiger-sirup\/#primaryimage"},"thumbnailUrl":"https:\/\/beescience.eu\/wp-content\/uploads\/2025\/04\/ideal-complete.png","datePublished":"2025-04-16T05:26:28+00:00","breadcrumb":{"@id":"https:\/\/beescience.eu\/de\/produs\/idealbee-vollstaendiger-sirup\/#breadcrumb"},"inLanguage":"de","potentialAction":[{"@type":"ReadAction","target":["https:\/\/beescience.eu\/de\/produs\/idealbee-vollstaendiger-sirup\/"]}]},{"@type":"ImageObject","inLanguage":"de","@id":"https:\/\/beescience.eu\/de\/produs\/idealbee-vollstaendiger-sirup\/#primaryimage","url":"https:\/\/beescience.eu\/wp-content\/uploads\/2025\/04\/ideal-complete.png","contentUrl":"https:\/\/beescience.eu\/wp-content\/uploads\/2025\/04\/ideal-complete.png","width":1000,"height":1500},{"@type":"BreadcrumbList","@id":"https:\/\/beescience.eu\/de\/produs\/idealbee-vollstaendiger-sirup\/#breadcrumb","itemListElement":[{"@type":"ListItem","position":1,"name":"Prima pagin\u0103","item":"https:\/\/beescience.eu\/de\/"},{"@type":"ListItem","position":2,"name":"Shop","item":"https:\/\/beescience.eu\/de\/shop\/"},{"@type":"ListItem","position":3,"name":"IdealBee Vollst\u00e4ndiger Sirup"}]},{"@type":"WebSite","@id":"https:\/\/beescience.eu\/de\/#website","url":"https:\/\/beescience.eu\/de\/","name":"BeeScience","description":"","publisher":{"@id":"https:\/\/beescience.eu\/de\/#organization"},"potentialAction":[{"@type":"SearchAction","target":{"@type":"EntryPoint","urlTemplate":"https:\/\/beescience.eu\/de\/?s={search_term_string}"},"query-input":{"@type":"PropertyValueSpecification","valueRequired":true,"valueName":"search_term_string"}}],"inLanguage":"de"},{"@type":"Organization","@id":"https:\/\/beescience.eu\/de\/#organization","name":"BeeScience","url":"https:\/\/beescience.eu\/de\/","logo":{"@type":"ImageObject","inLanguage":"de","@id":"https:\/\/beescience.eu\/de\/#\/schema\/logo\/image\/","url":"https:\/\/beescience.eu\/wp-content\/uploads\/2025\/05\/logo-simplu-dark.png","contentUrl":"https:\/\/beescience.eu\/wp-content\/uploads\/2025\/05\/logo-simplu-dark.png","width":400,"height":150,"caption":"BeeScience"},"image":{"@id":"https:\/\/beescience.eu\/de\/#\/schema\/logo\/image\/"}}]}},"_links":{"self":[{"href":"https:\/\/beescience.eu\/de\/wp-json\/wp\/v2\/product\/8763","targetHints":{"allow":["GET"]}}],"collection":[{"href":"https:\/\/beescience.eu\/de\/wp-json\/wp\/v2\/product"}],"about":[{"href":"https:\/\/beescience.eu\/de\/wp-json\/wp\/v2\/types\/product"}],"replies":[{"embeddable":true,"href":"https:\/\/beescience.eu\/de\/wp-json\/wp\/v2\/comments?post=8763"}],"version-history":[{"count":0,"href":"https:\/\/beescience.eu\/de\/wp-json\/wp\/v2\/product\/8763\/revisions"}],"wp:featuredmedia":[{"embeddable":true,"href":"https:\/\/beescience.eu\/de\/wp-json\/wp\/v2\/media\/3612"}],"wp:attachment":[{"href":"https:\/\/beescience.eu\/de\/wp-json\/wp\/v2\/media?parent=8763"}],"wp:term":[{"taxonomy":"product_brand","embeddable":true,"href":"https:\/\/beescience.eu\/de\/wp-json\/wp\/v2\/product_brand?post=8763"},{"taxonomy":"product_cat","embeddable":true,"href":"https:\/\/beescience.eu\/de\/wp-json\/wp\/v2\/product_cat?post=8763"},{"taxonomy":"product_tag","embeddable":true,"href":"https:\/\/beescience.eu\/de\/wp-json\/wp\/v2\/product_tag?post=8763"}],"curies":[{"name":"wp","href":"https:\/\/api.w.org\/{rel}","templated":true}]}}