{"id":8757,"date":"2025-04-14T13:45:32","date_gmt":"2025-04-14T13:45:32","guid":{"rendered":"https:\/\/beescience.eu\/produs\/energetischer-kraeuterpfannkuchen\/"},"modified":"2025-04-14T13:45:32","modified_gmt":"2025-04-14T10:45:32","slug":"energetischer-kraeuterpfannkuchen","status":"publish","type":"product","link":"https:\/\/beescience.eu\/de\/produs\/energetischer-kraeuterpfannkuchen\/","title":{"rendered":"Energetischer Kr\u00e4uterpfannkuchen"},"content":{"rendered":"","protected":false},"excerpt":{"rendered":"<p><strong>Nat\u00fcrlicher Schutz und erh\u00f6hte Immunit\u00e4t f\u00fcr Ihre Bienen!  <\/strong>Dieses feste Futter ist mit nat\u00fcrlichen Polyphenolen, pflanzlichen Antiseptika und Antibiotika angereichert und bietet den Bienenv\u00f6lkern eine wichtige Unterst\u00fctzung in der kalten Jahreszeit. Kr\u00e4uterextrakte unterst\u00fctzen die Gesundheit des Verdauungstrakts und sch\u00fctzen die Bienen, indem sie ihre Immunit\u00e4t und Darmresistenz st\u00e4rken. <\/p>\n","protected":false},"featured_media":3424,"comment_status":"open","ping_status":"closed","template":"","meta":[],"product_brand":[],"product_cat":[184],"product_tag":[],"class_list":{"0":"post-8757","1":"product","2":"type-product","3":"status-publish","4":"has-post-thumbnail","6":"product_cat-energie-lebensmittel","7":"pa_problema-abordata-aufrechterhaltung-der-physiologischen-funktionen","8":"pa_problema-abordata-entwicklung-der-bienenfamilie","9":"pa_problema-abordata-erhaltung-der-vitalitat","10":"pa_problema-abordata-starkung-der-immunantwort","11":"pa_sezon-fruhling","12":"pa_sezon-winter-de","14":"first","15":"instock","16":"shipping-taxable","17":"product-type-simple"},"yoast_head":"<!-- This site is optimized with the Yoast SEO plugin v27.4 - https:\/\/yoast.com\/product\/yoast-seo-wordpress\/ -->\n<title>Energetischer Kr\u00e4uterpfannkuchen - BeeScience<\/title>\n<meta name=\"robots\" content=\"index, follow, max-snippet:-1, max-image-preview:large, max-video-preview:-1\" \/>\n<link rel=\"canonical\" href=\"https:\/\/beescience.eu\/de\/produs\/energetischer-kraeuterpfannkuchen\/\" \/>\n<meta property=\"og:locale\" content=\"de_DE\" \/>\n<meta property=\"og:type\" content=\"article\" \/>\n<meta property=\"og:title\" content=\"Energetischer Kr\u00e4uterpfannkuchen - BeeScience\" \/>\n<meta property=\"og:description\" content=\"Nat\u00fcrlicher Schutz und erh\u00f6hte Immunit\u00e4t f\u00fcr Ihre Bienen! Dieses feste Futter ist mit nat\u00fcrlichen Polyphenolen, pflanzlichen Antiseptika und Antibiotika angereichert und bietet den Bienenv\u00f6lkern eine wichtige Unterst\u00fctzung in der kalten Jahreszeit. Kr\u00e4uterextrakte unterst\u00fctzen die Gesundheit des Verdauungstrakts und sch\u00fctzen die Bienen, indem sie ihre Immunit\u00e4t und Darmresistenz st\u00e4rken.\" \/>\n<meta property=\"og:url\" content=\"https:\/\/beescience.eu\/de\/produs\/energetischer-kraeuterpfannkuchen\/\" \/>\n<meta property=\"og:site_name\" content=\"BeeScience\" \/>\n<meta property=\"og:image\" content=\"https:\/\/beescience.eu\/wp-content\/uploads\/2025\/04\/turta-cu-plante.png\" \/>\n\t<meta property=\"og:image:width\" content=\"1000\" \/>\n\t<meta property=\"og:image:height\" content=\"1500\" \/>\n\t<meta property=\"og:image:type\" content=\"image\/png\" \/>\n<meta name=\"twitter:card\" content=\"summary_large_image\" \/>\n<script type=\"application\/ld+json\" class=\"yoast-schema-graph\">{\"@context\":\"https:\\\/\\\/schema.org\",\"@graph\":[{\"@type\":\"WebPage\",\"@id\":\"https:\\\/\\\/beescience.eu\\\/de\\\/produs\\\/energetischer-kraeuterpfannkuchen\\\/\",\"url\":\"https:\\\/\\\/beescience.eu\\\/de\\\/produs\\\/energetischer-kraeuterpfannkuchen\\\/\",\"name\":\"Energetischer Kr\u00e4uterpfannkuchen - BeeScience\",\"isPartOf\":{\"@id\":\"https:\\\/\\\/beescience.eu\\\/de\\\/#website\"},\"primaryImageOfPage\":{\"@id\":\"https:\\\/\\\/beescience.eu\\\/de\\\/produs\\\/energetischer-kraeuterpfannkuchen\\\/#primaryimage\"},\"image\":{\"@id\":\"https:\\\/\\\/beescience.eu\\\/de\\\/produs\\\/energetischer-kraeuterpfannkuchen\\\/#primaryimage\"},\"thumbnailUrl\":\"https:\\\/\\\/beescience.eu\\\/wp-content\\\/uploads\\\/2025\\\/04\\\/turta-cu-plante.png\",\"datePublished\":\"2025-04-14T13:45:32+00:00\",\"breadcrumb\":{\"@id\":\"https:\\\/\\\/beescience.eu\\\/de\\\/produs\\\/energetischer-kraeuterpfannkuchen\\\/#breadcrumb\"},\"inLanguage\":\"de\",\"potentialAction\":[{\"@type\":\"ReadAction\",\"target\":[\"https:\\\/\\\/beescience.eu\\\/de\\\/produs\\\/energetischer-kraeuterpfannkuchen\\\/\"]}]},{\"@type\":\"ImageObject\",\"inLanguage\":\"de\",\"@id\":\"https:\\\/\\\/beescience.eu\\\/de\\\/produs\\\/energetischer-kraeuterpfannkuchen\\\/#primaryimage\",\"url\":\"https:\\\/\\\/beescience.eu\\\/wp-content\\\/uploads\\\/2025\\\/04\\\/turta-cu-plante.png\",\"contentUrl\":\"https:\\\/\\\/beescience.eu\\\/wp-content\\\/uploads\\\/2025\\\/04\\\/turta-cu-plante.png\",\"width\":1000,\"height\":1500},{\"@type\":\"BreadcrumbList\",\"@id\":\"https:\\\/\\\/beescience.eu\\\/de\\\/produs\\\/energetischer-kraeuterpfannkuchen\\\/#breadcrumb\",\"itemListElement\":[{\"@type\":\"ListItem\",\"position\":1,\"name\":\"Prima pagin\u0103\",\"item\":\"https:\\\/\\\/beescience.eu\\\/de\\\/\"},{\"@type\":\"ListItem\",\"position\":2,\"name\":\"Shop\",\"item\":\"https:\\\/\\\/beescience.eu\\\/de\\\/shop\\\/\"},{\"@type\":\"ListItem\",\"position\":3,\"name\":\"Energetischer Kr\u00e4uterpfannkuchen\"}]},{\"@type\":\"WebSite\",\"@id\":\"https:\\\/\\\/beescience.eu\\\/de\\\/#website\",\"url\":\"https:\\\/\\\/beescience.eu\\\/de\\\/\",\"name\":\"BeeScience\",\"description\":\"\",\"publisher\":{\"@id\":\"https:\\\/\\\/beescience.eu\\\/de\\\/#organization\"},\"potentialAction\":[{\"@type\":\"SearchAction\",\"target\":{\"@type\":\"EntryPoint\",\"urlTemplate\":\"https:\\\/\\\/beescience.eu\\\/de\\\/?s={search_term_string}\"},\"query-input\":{\"@type\":\"PropertyValueSpecification\",\"valueRequired\":true,\"valueName\":\"search_term_string\"}}],\"inLanguage\":\"de\"},{\"@type\":\"Organization\",\"@id\":\"https:\\\/\\\/beescience.eu\\\/de\\\/#organization\",\"name\":\"BeeScience\",\"url\":\"https:\\\/\\\/beescience.eu\\\/de\\\/\",\"logo\":{\"@type\":\"ImageObject\",\"inLanguage\":\"de\",\"@id\":\"https:\\\/\\\/beescience.eu\\\/de\\\/#\\\/schema\\\/logo\\\/image\\\/\",\"url\":\"https:\\\/\\\/beescience.eu\\\/wp-content\\\/uploads\\\/2025\\\/05\\\/logo-simplu-dark.png\",\"contentUrl\":\"https:\\\/\\\/beescience.eu\\\/wp-content\\\/uploads\\\/2025\\\/05\\\/logo-simplu-dark.png\",\"width\":400,\"height\":150,\"caption\":\"BeeScience\"},\"image\":{\"@id\":\"https:\\\/\\\/beescience.eu\\\/de\\\/#\\\/schema\\\/logo\\\/image\\\/\"}}]}<\/script>\n<!-- \/ Yoast SEO plugin. -->","yoast_head_json":{"title":"Energetischer Kr\u00e4uterpfannkuchen - BeeScience","robots":{"index":"index","follow":"follow","max-snippet":"max-snippet:-1","max-image-preview":"max-image-preview:large","max-video-preview":"max-video-preview:-1"},"canonical":"https:\/\/beescience.eu\/de\/produs\/energetischer-kraeuterpfannkuchen\/","og_locale":"de_DE","og_type":"article","og_title":"Energetischer Kr\u00e4uterpfannkuchen - BeeScience","og_description":"Nat\u00fcrlicher Schutz und erh\u00f6hte Immunit\u00e4t f\u00fcr Ihre Bienen! Dieses feste Futter ist mit nat\u00fcrlichen Polyphenolen, pflanzlichen Antiseptika und Antibiotika angereichert und bietet den Bienenv\u00f6lkern eine wichtige Unterst\u00fctzung in der kalten Jahreszeit. Kr\u00e4uterextrakte unterst\u00fctzen die Gesundheit des Verdauungstrakts und sch\u00fctzen die Bienen, indem sie ihre Immunit\u00e4t und Darmresistenz st\u00e4rken.","og_url":"https:\/\/beescience.eu\/de\/produs\/energetischer-kraeuterpfannkuchen\/","og_site_name":"BeeScience","og_image":[{"width":1000,"height":1500,"url":"https:\/\/beescience.eu\/wp-content\/uploads\/2025\/04\/turta-cu-plante.png","type":"image\/png"}],"twitter_card":"summary_large_image","schema":{"@context":"https:\/\/schema.org","@graph":[{"@type":"WebPage","@id":"https:\/\/beescience.eu\/de\/produs\/energetischer-kraeuterpfannkuchen\/","url":"https:\/\/beescience.eu\/de\/produs\/energetischer-kraeuterpfannkuchen\/","name":"Energetischer Kr\u00e4uterpfannkuchen - BeeScience","isPartOf":{"@id":"https:\/\/beescience.eu\/de\/#website"},"primaryImageOfPage":{"@id":"https:\/\/beescience.eu\/de\/produs\/energetischer-kraeuterpfannkuchen\/#primaryimage"},"image":{"@id":"https:\/\/beescience.eu\/de\/produs\/energetischer-kraeuterpfannkuchen\/#primaryimage"},"thumbnailUrl":"https:\/\/beescience.eu\/wp-content\/uploads\/2025\/04\/turta-cu-plante.png","datePublished":"2025-04-14T13:45:32+00:00","breadcrumb":{"@id":"https:\/\/beescience.eu\/de\/produs\/energetischer-kraeuterpfannkuchen\/#breadcrumb"},"inLanguage":"de","potentialAction":[{"@type":"ReadAction","target":["https:\/\/beescience.eu\/de\/produs\/energetischer-kraeuterpfannkuchen\/"]}]},{"@type":"ImageObject","inLanguage":"de","@id":"https:\/\/beescience.eu\/de\/produs\/energetischer-kraeuterpfannkuchen\/#primaryimage","url":"https:\/\/beescience.eu\/wp-content\/uploads\/2025\/04\/turta-cu-plante.png","contentUrl":"https:\/\/beescience.eu\/wp-content\/uploads\/2025\/04\/turta-cu-plante.png","width":1000,"height":1500},{"@type":"BreadcrumbList","@id":"https:\/\/beescience.eu\/de\/produs\/energetischer-kraeuterpfannkuchen\/#breadcrumb","itemListElement":[{"@type":"ListItem","position":1,"name":"Prima pagin\u0103","item":"https:\/\/beescience.eu\/de\/"},{"@type":"ListItem","position":2,"name":"Shop","item":"https:\/\/beescience.eu\/de\/shop\/"},{"@type":"ListItem","position":3,"name":"Energetischer Kr\u00e4uterpfannkuchen"}]},{"@type":"WebSite","@id":"https:\/\/beescience.eu\/de\/#website","url":"https:\/\/beescience.eu\/de\/","name":"BeeScience","description":"","publisher":{"@id":"https:\/\/beescience.eu\/de\/#organization"},"potentialAction":[{"@type":"SearchAction","target":{"@type":"EntryPoint","urlTemplate":"https:\/\/beescience.eu\/de\/?s={search_term_string}"},"query-input":{"@type":"PropertyValueSpecification","valueRequired":true,"valueName":"search_term_string"}}],"inLanguage":"de"},{"@type":"Organization","@id":"https:\/\/beescience.eu\/de\/#organization","name":"BeeScience","url":"https:\/\/beescience.eu\/de\/","logo":{"@type":"ImageObject","inLanguage":"de","@id":"https:\/\/beescience.eu\/de\/#\/schema\/logo\/image\/","url":"https:\/\/beescience.eu\/wp-content\/uploads\/2025\/05\/logo-simplu-dark.png","contentUrl":"https:\/\/beescience.eu\/wp-content\/uploads\/2025\/05\/logo-simplu-dark.png","width":400,"height":150,"caption":"BeeScience"},"image":{"@id":"https:\/\/beescience.eu\/de\/#\/schema\/logo\/image\/"}}]}},"_links":{"self":[{"href":"https:\/\/beescience.eu\/de\/wp-json\/wp\/v2\/product\/8757","targetHints":{"allow":["GET"]}}],"collection":[{"href":"https:\/\/beescience.eu\/de\/wp-json\/wp\/v2\/product"}],"about":[{"href":"https:\/\/beescience.eu\/de\/wp-json\/wp\/v2\/types\/product"}],"replies":[{"embeddable":true,"href":"https:\/\/beescience.eu\/de\/wp-json\/wp\/v2\/comments?post=8757"}],"version-history":[{"count":0,"href":"https:\/\/beescience.eu\/de\/wp-json\/wp\/v2\/product\/8757\/revisions"}],"wp:featuredmedia":[{"embeddable":true,"href":"https:\/\/beescience.eu\/de\/wp-json\/wp\/v2\/media\/3424"}],"wp:attachment":[{"href":"https:\/\/beescience.eu\/de\/wp-json\/wp\/v2\/media?parent=8757"}],"wp:term":[{"taxonomy":"product_brand","embeddable":true,"href":"https:\/\/beescience.eu\/de\/wp-json\/wp\/v2\/product_brand?post=8757"},{"taxonomy":"product_cat","embeddable":true,"href":"https:\/\/beescience.eu\/de\/wp-json\/wp\/v2\/product_cat?post=8757"},{"taxonomy":"product_tag","embeddable":true,"href":"https:\/\/beescience.eu\/de\/wp-json\/wp\/v2\/product_tag?post=8757"}],"curies":[{"name":"wp","href":"https:\/\/api.w.org\/{rel}","templated":true}]}}