{"id":8756,"date":"2025-04-16T05:25:08","date_gmt":"2025-04-16T05:25:08","guid":{"rendered":"https:\/\/beescience.eu\/produs\/super-protein-pastetchen\/"},"modified":"2025-04-16T05:25:08","modified_gmt":"2025-04-16T02:25:08","slug":"super-protein-pastetchen","status":"publish","type":"product","link":"https:\/\/beescience.eu\/de\/produs\/super-protein-pastetchen\/","title":{"rendered":"Super-Protein-Pastetchen"},"content":{"rendered":"","protected":false},"excerpt":{"rendered":"<p><strong>F\u00fchrende Innovation in der Bienennahrung<\/strong><\/p>\n<p>Durch fortschrittliche Forschung entwickelt, um maximale Leistung zu liefern.<strong> Mit einem<\/strong>\u00fcberlegenen<strong> N\u00e4hrstoffprofil<\/strong>bietet es eine optimale Aufnahme von Aminos\u00e4uren, Makro- und Mikron\u00e4hrstoffen, die f\u00fcr die Gesundheit und Produktivit\u00e4t der Bienen wichtig sind.<\/p>\n","protected":false},"featured_media":7131,"comment_status":"open","ping_status":"closed","template":"","meta":[],"product_brand":[],"product_cat":[186],"product_tag":[],"class_list":{"0":"post-8756","1":"product","2":"type-product","3":"status-publish","4":"has-post-thumbnail","6":"product_cat-eiweishaltige-lebensmittel","7":"pa_problema-abordata-behebung-von-eiweismangeln","8":"pa_problema-abordata-entwicklung-der-bienenfamilie","9":"pa_problema-abordata-starkung-der-immunantwort","10":"pa_sezon-fruhling","11":"pa_sezon-herbst","12":"pa_sezon-sommer","14":"first","15":"instock","16":"shipping-taxable","17":"product-type-simple"},"yoast_head":"<!-- This site is optimized with the Yoast SEO plugin v27.4 - https:\/\/yoast.com\/product\/yoast-seo-wordpress\/ -->\n<title>Super-Protein-Pastetchen - BeeScience<\/title>\n<meta name=\"robots\" content=\"index, follow, max-snippet:-1, max-image-preview:large, max-video-preview:-1\" \/>\n<link rel=\"canonical\" href=\"https:\/\/beescience.eu\/de\/produs\/super-protein-pastetchen\/\" \/>\n<meta property=\"og:locale\" content=\"de_DE\" \/>\n<meta property=\"og:type\" content=\"article\" \/>\n<meta property=\"og:title\" content=\"Super-Protein-Pastetchen - BeeScience\" \/>\n<meta property=\"og:description\" content=\"F\u00fchrende Innovation in der Bienennahrung Durch fortschrittliche Forschung entwickelt, um maximale Leistung zu liefern. Mit einem\u00fcberlegenen N\u00e4hrstoffprofilbietet es eine optimale Aufnahme von Aminos\u00e4uren, Makro- und Mikron\u00e4hrstoffen, die f\u00fcr die Gesundheit und Produktivit\u00e4t der Bienen wichtig sind.\" \/>\n<meta property=\"og:url\" content=\"https:\/\/beescience.eu\/de\/produs\/super-protein-pastetchen\/\" \/>\n<meta property=\"og:site_name\" content=\"BeeScience\" \/>\n<meta property=\"og:image\" content=\"https:\/\/beescience.eu\/wp-content\/uploads\/2025\/04\/spp.png\" \/>\n\t<meta property=\"og:image:width\" content=\"1000\" \/>\n\t<meta property=\"og:image:height\" content=\"1500\" \/>\n\t<meta property=\"og:image:type\" content=\"image\/png\" \/>\n<meta name=\"twitter:card\" content=\"summary_large_image\" \/>\n<script type=\"application\/ld+json\" class=\"yoast-schema-graph\">{\"@context\":\"https:\\\/\\\/schema.org\",\"@graph\":[{\"@type\":\"WebPage\",\"@id\":\"https:\\\/\\\/beescience.eu\\\/de\\\/produs\\\/super-protein-pastetchen\\\/\",\"url\":\"https:\\\/\\\/beescience.eu\\\/de\\\/produs\\\/super-protein-pastetchen\\\/\",\"name\":\"Super-Protein-Pastetchen - BeeScience\",\"isPartOf\":{\"@id\":\"https:\\\/\\\/beescience.eu\\\/de\\\/#website\"},\"primaryImageOfPage\":{\"@id\":\"https:\\\/\\\/beescience.eu\\\/de\\\/produs\\\/super-protein-pastetchen\\\/#primaryimage\"},\"image\":{\"@id\":\"https:\\\/\\\/beescience.eu\\\/de\\\/produs\\\/super-protein-pastetchen\\\/#primaryimage\"},\"thumbnailUrl\":\"https:\\\/\\\/beescience.eu\\\/wp-content\\\/uploads\\\/2025\\\/04\\\/spp.png\",\"datePublished\":\"2025-04-16T05:25:08+00:00\",\"breadcrumb\":{\"@id\":\"https:\\\/\\\/beescience.eu\\\/de\\\/produs\\\/super-protein-pastetchen\\\/#breadcrumb\"},\"inLanguage\":\"de\",\"potentialAction\":[{\"@type\":\"ReadAction\",\"target\":[\"https:\\\/\\\/beescience.eu\\\/de\\\/produs\\\/super-protein-pastetchen\\\/\"]}]},{\"@type\":\"ImageObject\",\"inLanguage\":\"de\",\"@id\":\"https:\\\/\\\/beescience.eu\\\/de\\\/produs\\\/super-protein-pastetchen\\\/#primaryimage\",\"url\":\"https:\\\/\\\/beescience.eu\\\/wp-content\\\/uploads\\\/2025\\\/04\\\/spp.png\",\"contentUrl\":\"https:\\\/\\\/beescience.eu\\\/wp-content\\\/uploads\\\/2025\\\/04\\\/spp.png\",\"width\":1000,\"height\":1500},{\"@type\":\"BreadcrumbList\",\"@id\":\"https:\\\/\\\/beescience.eu\\\/de\\\/produs\\\/super-protein-pastetchen\\\/#breadcrumb\",\"itemListElement\":[{\"@type\":\"ListItem\",\"position\":1,\"name\":\"Prima pagin\u0103\",\"item\":\"https:\\\/\\\/beescience.eu\\\/de\\\/\"},{\"@type\":\"ListItem\",\"position\":2,\"name\":\"Shop\",\"item\":\"https:\\\/\\\/beescience.eu\\\/de\\\/shop\\\/\"},{\"@type\":\"ListItem\",\"position\":3,\"name\":\"Super-Protein-Pastetchen\"}]},{\"@type\":\"WebSite\",\"@id\":\"https:\\\/\\\/beescience.eu\\\/de\\\/#website\",\"url\":\"https:\\\/\\\/beescience.eu\\\/de\\\/\",\"name\":\"BeeScience\",\"description\":\"\",\"publisher\":{\"@id\":\"https:\\\/\\\/beescience.eu\\\/de\\\/#organization\"},\"potentialAction\":[{\"@type\":\"SearchAction\",\"target\":{\"@type\":\"EntryPoint\",\"urlTemplate\":\"https:\\\/\\\/beescience.eu\\\/de\\\/?s={search_term_string}\"},\"query-input\":{\"@type\":\"PropertyValueSpecification\",\"valueRequired\":true,\"valueName\":\"search_term_string\"}}],\"inLanguage\":\"de\"},{\"@type\":\"Organization\",\"@id\":\"https:\\\/\\\/beescience.eu\\\/de\\\/#organization\",\"name\":\"BeeScience\",\"url\":\"https:\\\/\\\/beescience.eu\\\/de\\\/\",\"logo\":{\"@type\":\"ImageObject\",\"inLanguage\":\"de\",\"@id\":\"https:\\\/\\\/beescience.eu\\\/de\\\/#\\\/schema\\\/logo\\\/image\\\/\",\"url\":\"https:\\\/\\\/beescience.eu\\\/wp-content\\\/uploads\\\/2025\\\/05\\\/logo-simplu-dark.png\",\"contentUrl\":\"https:\\\/\\\/beescience.eu\\\/wp-content\\\/uploads\\\/2025\\\/05\\\/logo-simplu-dark.png\",\"width\":400,\"height\":150,\"caption\":\"BeeScience\"},\"image\":{\"@id\":\"https:\\\/\\\/beescience.eu\\\/de\\\/#\\\/schema\\\/logo\\\/image\\\/\"}}]}<\/script>\n<!-- \/ Yoast SEO plugin. -->","yoast_head_json":{"title":"Super-Protein-Pastetchen - BeeScience","robots":{"index":"index","follow":"follow","max-snippet":"max-snippet:-1","max-image-preview":"max-image-preview:large","max-video-preview":"max-video-preview:-1"},"canonical":"https:\/\/beescience.eu\/de\/produs\/super-protein-pastetchen\/","og_locale":"de_DE","og_type":"article","og_title":"Super-Protein-Pastetchen - BeeScience","og_description":"F\u00fchrende Innovation in der Bienennahrung Durch fortschrittliche Forschung entwickelt, um maximale Leistung zu liefern. Mit einem\u00fcberlegenen N\u00e4hrstoffprofilbietet es eine optimale Aufnahme von Aminos\u00e4uren, Makro- und Mikron\u00e4hrstoffen, die f\u00fcr die Gesundheit und Produktivit\u00e4t der Bienen wichtig sind.","og_url":"https:\/\/beescience.eu\/de\/produs\/super-protein-pastetchen\/","og_site_name":"BeeScience","og_image":[{"width":1000,"height":1500,"url":"https:\/\/beescience.eu\/wp-content\/uploads\/2025\/04\/spp.png","type":"image\/png"}],"twitter_card":"summary_large_image","schema":{"@context":"https:\/\/schema.org","@graph":[{"@type":"WebPage","@id":"https:\/\/beescience.eu\/de\/produs\/super-protein-pastetchen\/","url":"https:\/\/beescience.eu\/de\/produs\/super-protein-pastetchen\/","name":"Super-Protein-Pastetchen - BeeScience","isPartOf":{"@id":"https:\/\/beescience.eu\/de\/#website"},"primaryImageOfPage":{"@id":"https:\/\/beescience.eu\/de\/produs\/super-protein-pastetchen\/#primaryimage"},"image":{"@id":"https:\/\/beescience.eu\/de\/produs\/super-protein-pastetchen\/#primaryimage"},"thumbnailUrl":"https:\/\/beescience.eu\/wp-content\/uploads\/2025\/04\/spp.png","datePublished":"2025-04-16T05:25:08+00:00","breadcrumb":{"@id":"https:\/\/beescience.eu\/de\/produs\/super-protein-pastetchen\/#breadcrumb"},"inLanguage":"de","potentialAction":[{"@type":"ReadAction","target":["https:\/\/beescience.eu\/de\/produs\/super-protein-pastetchen\/"]}]},{"@type":"ImageObject","inLanguage":"de","@id":"https:\/\/beescience.eu\/de\/produs\/super-protein-pastetchen\/#primaryimage","url":"https:\/\/beescience.eu\/wp-content\/uploads\/2025\/04\/spp.png","contentUrl":"https:\/\/beescience.eu\/wp-content\/uploads\/2025\/04\/spp.png","width":1000,"height":1500},{"@type":"BreadcrumbList","@id":"https:\/\/beescience.eu\/de\/produs\/super-protein-pastetchen\/#breadcrumb","itemListElement":[{"@type":"ListItem","position":1,"name":"Prima pagin\u0103","item":"https:\/\/beescience.eu\/de\/"},{"@type":"ListItem","position":2,"name":"Shop","item":"https:\/\/beescience.eu\/de\/shop\/"},{"@type":"ListItem","position":3,"name":"Super-Protein-Pastetchen"}]},{"@type":"WebSite","@id":"https:\/\/beescience.eu\/de\/#website","url":"https:\/\/beescience.eu\/de\/","name":"BeeScience","description":"","publisher":{"@id":"https:\/\/beescience.eu\/de\/#organization"},"potentialAction":[{"@type":"SearchAction","target":{"@type":"EntryPoint","urlTemplate":"https:\/\/beescience.eu\/de\/?s={search_term_string}"},"query-input":{"@type":"PropertyValueSpecification","valueRequired":true,"valueName":"search_term_string"}}],"inLanguage":"de"},{"@type":"Organization","@id":"https:\/\/beescience.eu\/de\/#organization","name":"BeeScience","url":"https:\/\/beescience.eu\/de\/","logo":{"@type":"ImageObject","inLanguage":"de","@id":"https:\/\/beescience.eu\/de\/#\/schema\/logo\/image\/","url":"https:\/\/beescience.eu\/wp-content\/uploads\/2025\/05\/logo-simplu-dark.png","contentUrl":"https:\/\/beescience.eu\/wp-content\/uploads\/2025\/05\/logo-simplu-dark.png","width":400,"height":150,"caption":"BeeScience"},"image":{"@id":"https:\/\/beescience.eu\/de\/#\/schema\/logo\/image\/"}}]}},"_links":{"self":[{"href":"https:\/\/beescience.eu\/de\/wp-json\/wp\/v2\/product\/8756","targetHints":{"allow":["GET"]}}],"collection":[{"href":"https:\/\/beescience.eu\/de\/wp-json\/wp\/v2\/product"}],"about":[{"href":"https:\/\/beescience.eu\/de\/wp-json\/wp\/v2\/types\/product"}],"replies":[{"embeddable":true,"href":"https:\/\/beescience.eu\/de\/wp-json\/wp\/v2\/comments?post=8756"}],"version-history":[{"count":0,"href":"https:\/\/beescience.eu\/de\/wp-json\/wp\/v2\/product\/8756\/revisions"}],"wp:featuredmedia":[{"embeddable":true,"href":"https:\/\/beescience.eu\/de\/wp-json\/wp\/v2\/media\/7131"}],"wp:attachment":[{"href":"https:\/\/beescience.eu\/de\/wp-json\/wp\/v2\/media?parent=8756"}],"wp:term":[{"taxonomy":"product_brand","embeddable":true,"href":"https:\/\/beescience.eu\/de\/wp-json\/wp\/v2\/product_brand?post=8756"},{"taxonomy":"product_cat","embeddable":true,"href":"https:\/\/beescience.eu\/de\/wp-json\/wp\/v2\/product_cat?post=8756"},{"taxonomy":"product_tag","embeddable":true,"href":"https:\/\/beescience.eu\/de\/wp-json\/wp\/v2\/product_tag?post=8756"}],"curies":[{"name":"wp","href":"https:\/\/api.w.org\/{rel}","templated":true}]}}