{"id":8754,"date":"2025-04-15T09:19:41","date_gmt":"2025-04-15T09:19:41","guid":{"rendered":"https:\/\/beescience.eu\/produs\/vitamin-und-proteinkuchen\/"},"modified":"2025-04-15T09:19:41","modified_gmt":"2025-04-15T06:19:41","slug":"vitamin-und-proteinkuchen","status":"publish","type":"product","link":"https:\/\/beescience.eu\/de\/produs\/vitamin-und-proteinkuchen\/","title":{"rendered":"Vitamin- und Proteinkuchen"},"content":{"rendered":"","protected":false},"excerpt":{"rendered":"<p><strong>Perfektes Futter f\u00fcr starke Bienen!<\/strong>  Die mit Proteinen und essentiellen Aminos\u00e4uren angereicherte Formel stimuliert die Bildung von Fettk\u00f6rpern und sorgt f\u00fcr eine optimale Entwicklung der Bienenfamilien, die im Fr\u00fchjahr notwendig ist.<\/p>\n","protected":false},"featured_media":3509,"comment_status":"open","ping_status":"closed","template":"","meta":[],"product_brand":[],"product_cat":[186],"product_tag":[],"class_list":{"0":"post-8754","1":"product","2":"type-product","3":"status-publish","4":"has-post-thumbnail","6":"product_cat-eiweishaltige-lebensmittel","7":"pa_problema-abordata-behebung-von-eiweismangeln","8":"pa_problema-abordata-entwicklung-der-bienenfamilie","9":"pa_sezon-fruhling","10":"pa_sezon-herbst","12":"first","13":"instock","14":"shipping-taxable","15":"product-type-simple"},"yoast_head":"<!-- This site is optimized with the Yoast SEO plugin v27.4 - https:\/\/yoast.com\/product\/yoast-seo-wordpress\/ -->\n<title>Vitamin- und Proteinkuchen - BeeScience<\/title>\n<meta name=\"robots\" content=\"index, follow, max-snippet:-1, max-image-preview:large, max-video-preview:-1\" \/>\n<link rel=\"canonical\" href=\"https:\/\/beescience.eu\/de\/produs\/vitamin-und-proteinkuchen\/\" \/>\n<meta property=\"og:locale\" content=\"de_DE\" \/>\n<meta property=\"og:type\" content=\"article\" \/>\n<meta property=\"og:title\" content=\"Vitamin- und Proteinkuchen - BeeScience\" \/>\n<meta property=\"og:description\" content=\"Perfektes Futter f\u00fcr starke Bienen! Die mit Proteinen und essentiellen Aminos\u00e4uren angereicherte Formel stimuliert die Bildung von Fettk\u00f6rpern und sorgt f\u00fcr eine optimale Entwicklung der Bienenfamilien, die im Fr\u00fchjahr notwendig ist.\" \/>\n<meta property=\"og:url\" content=\"https:\/\/beescience.eu\/de\/produs\/vitamin-und-proteinkuchen\/\" \/>\n<meta property=\"og:site_name\" content=\"BeeScience\" \/>\n<meta property=\"og:image\" content=\"https:\/\/beescience.eu\/wp-content\/uploads\/2025\/04\/turta-vitamine-proteine-683x1024.png\" \/>\n\t<meta property=\"og:image:width\" content=\"683\" \/>\n\t<meta property=\"og:image:height\" content=\"1024\" \/>\n\t<meta property=\"og:image:type\" content=\"image\/png\" \/>\n<meta name=\"twitter:card\" content=\"summary_large_image\" \/>\n<script type=\"application\/ld+json\" class=\"yoast-schema-graph\">{\"@context\":\"https:\\\/\\\/schema.org\",\"@graph\":[{\"@type\":\"WebPage\",\"@id\":\"https:\\\/\\\/beescience.eu\\\/de\\\/produs\\\/vitamin-und-proteinkuchen\\\/\",\"url\":\"https:\\\/\\\/beescience.eu\\\/de\\\/produs\\\/vitamin-und-proteinkuchen\\\/\",\"name\":\"Vitamin- und Proteinkuchen - BeeScience\",\"isPartOf\":{\"@id\":\"https:\\\/\\\/beescience.eu\\\/de\\\/#website\"},\"primaryImageOfPage\":{\"@id\":\"https:\\\/\\\/beescience.eu\\\/de\\\/produs\\\/vitamin-und-proteinkuchen\\\/#primaryimage\"},\"image\":{\"@id\":\"https:\\\/\\\/beescience.eu\\\/de\\\/produs\\\/vitamin-und-proteinkuchen\\\/#primaryimage\"},\"thumbnailUrl\":\"https:\\\/\\\/beescience.eu\\\/wp-content\\\/uploads\\\/2025\\\/04\\\/turta-vitamine-proteine.png\",\"datePublished\":\"2025-04-15T09:19:41+00:00\",\"breadcrumb\":{\"@id\":\"https:\\\/\\\/beescience.eu\\\/de\\\/produs\\\/vitamin-und-proteinkuchen\\\/#breadcrumb\"},\"inLanguage\":\"de\",\"potentialAction\":[{\"@type\":\"ReadAction\",\"target\":[\"https:\\\/\\\/beescience.eu\\\/de\\\/produs\\\/vitamin-und-proteinkuchen\\\/\"]}]},{\"@type\":\"ImageObject\",\"inLanguage\":\"de\",\"@id\":\"https:\\\/\\\/beescience.eu\\\/de\\\/produs\\\/vitamin-und-proteinkuchen\\\/#primaryimage\",\"url\":\"https:\\\/\\\/beescience.eu\\\/wp-content\\\/uploads\\\/2025\\\/04\\\/turta-vitamine-proteine.png\",\"contentUrl\":\"https:\\\/\\\/beescience.eu\\\/wp-content\\\/uploads\\\/2025\\\/04\\\/turta-vitamine-proteine.png\",\"width\":1000,\"height\":1500},{\"@type\":\"BreadcrumbList\",\"@id\":\"https:\\\/\\\/beescience.eu\\\/de\\\/produs\\\/vitamin-und-proteinkuchen\\\/#breadcrumb\",\"itemListElement\":[{\"@type\":\"ListItem\",\"position\":1,\"name\":\"Prima pagin\u0103\",\"item\":\"https:\\\/\\\/beescience.eu\\\/de\\\/\"},{\"@type\":\"ListItem\",\"position\":2,\"name\":\"Shop\",\"item\":\"https:\\\/\\\/beescience.eu\\\/de\\\/shop\\\/\"},{\"@type\":\"ListItem\",\"position\":3,\"name\":\"Vitamin- und Proteinkuchen\"}]},{\"@type\":\"WebSite\",\"@id\":\"https:\\\/\\\/beescience.eu\\\/de\\\/#website\",\"url\":\"https:\\\/\\\/beescience.eu\\\/de\\\/\",\"name\":\"BeeScience\",\"description\":\"\",\"publisher\":{\"@id\":\"https:\\\/\\\/beescience.eu\\\/de\\\/#organization\"},\"potentialAction\":[{\"@type\":\"SearchAction\",\"target\":{\"@type\":\"EntryPoint\",\"urlTemplate\":\"https:\\\/\\\/beescience.eu\\\/de\\\/?s={search_term_string}\"},\"query-input\":{\"@type\":\"PropertyValueSpecification\",\"valueRequired\":true,\"valueName\":\"search_term_string\"}}],\"inLanguage\":\"de\"},{\"@type\":\"Organization\",\"@id\":\"https:\\\/\\\/beescience.eu\\\/de\\\/#organization\",\"name\":\"BeeScience\",\"url\":\"https:\\\/\\\/beescience.eu\\\/de\\\/\",\"logo\":{\"@type\":\"ImageObject\",\"inLanguage\":\"de\",\"@id\":\"https:\\\/\\\/beescience.eu\\\/de\\\/#\\\/schema\\\/logo\\\/image\\\/\",\"url\":\"https:\\\/\\\/beescience.eu\\\/wp-content\\\/uploads\\\/2025\\\/05\\\/logo-simplu-dark.png\",\"contentUrl\":\"https:\\\/\\\/beescience.eu\\\/wp-content\\\/uploads\\\/2025\\\/05\\\/logo-simplu-dark.png\",\"width\":400,\"height\":150,\"caption\":\"BeeScience\"},\"image\":{\"@id\":\"https:\\\/\\\/beescience.eu\\\/de\\\/#\\\/schema\\\/logo\\\/image\\\/\"}}]}<\/script>\n<!-- \/ Yoast SEO plugin. -->","yoast_head_json":{"title":"Vitamin- und Proteinkuchen - BeeScience","robots":{"index":"index","follow":"follow","max-snippet":"max-snippet:-1","max-image-preview":"max-image-preview:large","max-video-preview":"max-video-preview:-1"},"canonical":"https:\/\/beescience.eu\/de\/produs\/vitamin-und-proteinkuchen\/","og_locale":"de_DE","og_type":"article","og_title":"Vitamin- und Proteinkuchen - BeeScience","og_description":"Perfektes Futter f\u00fcr starke Bienen! Die mit Proteinen und essentiellen Aminos\u00e4uren angereicherte Formel stimuliert die Bildung von Fettk\u00f6rpern und sorgt f\u00fcr eine optimale Entwicklung der Bienenfamilien, die im Fr\u00fchjahr notwendig ist.","og_url":"https:\/\/beescience.eu\/de\/produs\/vitamin-und-proteinkuchen\/","og_site_name":"BeeScience","og_image":[{"width":683,"height":1024,"url":"https:\/\/beescience.eu\/wp-content\/uploads\/2025\/04\/turta-vitamine-proteine-683x1024.png","type":"image\/png"}],"twitter_card":"summary_large_image","schema":{"@context":"https:\/\/schema.org","@graph":[{"@type":"WebPage","@id":"https:\/\/beescience.eu\/de\/produs\/vitamin-und-proteinkuchen\/","url":"https:\/\/beescience.eu\/de\/produs\/vitamin-und-proteinkuchen\/","name":"Vitamin- und Proteinkuchen - BeeScience","isPartOf":{"@id":"https:\/\/beescience.eu\/de\/#website"},"primaryImageOfPage":{"@id":"https:\/\/beescience.eu\/de\/produs\/vitamin-und-proteinkuchen\/#primaryimage"},"image":{"@id":"https:\/\/beescience.eu\/de\/produs\/vitamin-und-proteinkuchen\/#primaryimage"},"thumbnailUrl":"https:\/\/beescience.eu\/wp-content\/uploads\/2025\/04\/turta-vitamine-proteine.png","datePublished":"2025-04-15T09:19:41+00:00","breadcrumb":{"@id":"https:\/\/beescience.eu\/de\/produs\/vitamin-und-proteinkuchen\/#breadcrumb"},"inLanguage":"de","potentialAction":[{"@type":"ReadAction","target":["https:\/\/beescience.eu\/de\/produs\/vitamin-und-proteinkuchen\/"]}]},{"@type":"ImageObject","inLanguage":"de","@id":"https:\/\/beescience.eu\/de\/produs\/vitamin-und-proteinkuchen\/#primaryimage","url":"https:\/\/beescience.eu\/wp-content\/uploads\/2025\/04\/turta-vitamine-proteine.png","contentUrl":"https:\/\/beescience.eu\/wp-content\/uploads\/2025\/04\/turta-vitamine-proteine.png","width":1000,"height":1500},{"@type":"BreadcrumbList","@id":"https:\/\/beescience.eu\/de\/produs\/vitamin-und-proteinkuchen\/#breadcrumb","itemListElement":[{"@type":"ListItem","position":1,"name":"Prima pagin\u0103","item":"https:\/\/beescience.eu\/de\/"},{"@type":"ListItem","position":2,"name":"Shop","item":"https:\/\/beescience.eu\/de\/shop\/"},{"@type":"ListItem","position":3,"name":"Vitamin- und Proteinkuchen"}]},{"@type":"WebSite","@id":"https:\/\/beescience.eu\/de\/#website","url":"https:\/\/beescience.eu\/de\/","name":"BeeScience","description":"","publisher":{"@id":"https:\/\/beescience.eu\/de\/#organization"},"potentialAction":[{"@type":"SearchAction","target":{"@type":"EntryPoint","urlTemplate":"https:\/\/beescience.eu\/de\/?s={search_term_string}"},"query-input":{"@type":"PropertyValueSpecification","valueRequired":true,"valueName":"search_term_string"}}],"inLanguage":"de"},{"@type":"Organization","@id":"https:\/\/beescience.eu\/de\/#organization","name":"BeeScience","url":"https:\/\/beescience.eu\/de\/","logo":{"@type":"ImageObject","inLanguage":"de","@id":"https:\/\/beescience.eu\/de\/#\/schema\/logo\/image\/","url":"https:\/\/beescience.eu\/wp-content\/uploads\/2025\/05\/logo-simplu-dark.png","contentUrl":"https:\/\/beescience.eu\/wp-content\/uploads\/2025\/05\/logo-simplu-dark.png","width":400,"height":150,"caption":"BeeScience"},"image":{"@id":"https:\/\/beescience.eu\/de\/#\/schema\/logo\/image\/"}}]}},"_links":{"self":[{"href":"https:\/\/beescience.eu\/de\/wp-json\/wp\/v2\/product\/8754","targetHints":{"allow":["GET"]}}],"collection":[{"href":"https:\/\/beescience.eu\/de\/wp-json\/wp\/v2\/product"}],"about":[{"href":"https:\/\/beescience.eu\/de\/wp-json\/wp\/v2\/types\/product"}],"replies":[{"embeddable":true,"href":"https:\/\/beescience.eu\/de\/wp-json\/wp\/v2\/comments?post=8754"}],"version-history":[{"count":0,"href":"https:\/\/beescience.eu\/de\/wp-json\/wp\/v2\/product\/8754\/revisions"}],"wp:featuredmedia":[{"embeddable":true,"href":"https:\/\/beescience.eu\/de\/wp-json\/wp\/v2\/media\/3509"}],"wp:attachment":[{"href":"https:\/\/beescience.eu\/de\/wp-json\/wp\/v2\/media?parent=8754"}],"wp:term":[{"taxonomy":"product_brand","embeddable":true,"href":"https:\/\/beescience.eu\/de\/wp-json\/wp\/v2\/product_brand?post=8754"},{"taxonomy":"product_cat","embeddable":true,"href":"https:\/\/beescience.eu\/de\/wp-json\/wp\/v2\/product_cat?post=8754"},{"taxonomy":"product_tag","embeddable":true,"href":"https:\/\/beescience.eu\/de\/wp-json\/wp\/v2\/product_tag?post=8754"}],"curies":[{"name":"wp","href":"https:\/\/api.w.org\/{rel}","templated":true}]}}